{"id":2188,"date":"2023-09-06T14:16:28","date_gmt":"2023-09-06T21:16:28","guid":{"rendered":"https:\/\/www.diocalconvention.org\/2023resolutions-copy\/"},"modified":"2025-09-17T09:03:54","modified_gmt":"2025-09-17T16:03:54","slug":"2023alldeanerymeetings","status":"publish","type":"page","link":"https:\/\/www.diocalconvention.org\/es\/174th-convention\/2023alldeanerymeetings\/","title":{"rendered":"All-deanery meetings 2023"},"content":{"rendered":"<p>[et_pb_section fb_built=\u00bb1&#8243; admin_label=\u00bbHeader\u00bb _builder_version=\u00bb4.17.6&#8243; use_background_color_gradient=\u00bbon\u00bb background_color_gradient_stops=\u00bb#330072 0%|#330072 99%\u00bb background_color_gradient_overlays_image=\u00bbon\u00bb background_color_gradient_start=\u00bb#393e56&#8243; background_color_gradient_end=\u00bbrgba(57,62,86,0.82)\u00bb background_enable_image=\u00bboff\u00bb custom_margin=\u00bb|||\u00bb custom_padding=\u00bb||1vw||false|false\u00bb bottom_divider_style=\u00bbwave2&#8243; bottom_divider_color=\u00bb#ffffff\u00bb bottom_divider_height=\u00bb10vw\u00bb bottom_divider_repeat=\u00bb0.5x\u00bb bottom_divider_flip=\u00bbvertical|horizontal\u00bb bottom_divider_arrangement=\u00bbabove_content\u00bb bottom_divider_height_tablet=\u00bb0px\u00bb bottom_divider_height_phone=\u00bb0px\u00bb bottom_divider_height_last_edited=\u00bbon|phone\u00bb global_colors_info=\u00bb{}\u00bb][et_pb_row _builder_version=\u00bb4.16&#8243; global_colors_info=\u00bb{}\u00bb][et_pb_column type=\u00bb4_4&#8243; _builder_version=\u00bb4.16&#8243; custom_padding=\u00bb|||\u00bb global_colors_info=\u00bb{}\u00bb custom_padding__hover=\u00bb|||\u00bb][et_pb_text _builder_version=\u00bb4.21.0&#8243; text_font=\u00bb||||||||\u00bb text_font_size=\u00bb16px\u00bb text_line_height=\u00bb2em\u00bb header_font_size=\u00bb7vw\u00bb header_line_height=\u00bb1.2em\u00bb header_2_text_color=\u00bb#ffffff\u00bb header_3_font=\u00bbUbuntu||||||||\u00bb header_3_line_height=\u00bb1.8em\u00bb text_orientation=\u00bbright\u00bb background_layout=\u00bbdark\u00bb module_alignment=\u00bbright\u00bb custom_margin=\u00bb||3em||false|false\u00bb custom_padding=\u00bb||61px|||\u00bb text_font_size_tablet=\u00bb\u00bb text_font_size_phone=\u00bb14px\u00bb text_font_size_last_edited=\u00bbon|desktop\u00bb header_font_size_tablet=\u00bb\u00bb header_font_size_phone=\u00bb32px\u00bb header_font_size_last_edited=\u00bbon|desktop\u00bb locked=\u00bboff\u00bb global_colors_info=\u00bb{}\u00bb]<\/p>\n<h2 class=\"font_2\" style=\"text-align: center;\"><span>2023 <\/span><\/h2>\n<h1 class=\"font_2\" style=\"text-align: center;\"><span>All-deanery meetings<\/span><\/h1>\n<p>&nbsp;<\/p>\n<p>[\/et_pb_text][\/et_pb_column][\/et_pb_row][\/et_pb_section][et_pb_section fb_built=\u00bb1&#8243; prev_background_color=\u00bb#ffffff\u00bb admin_label=\u00bbEvents\u00bb _builder_version=\u00bb4.17.6&#8243; background_color=\u00bb#ffffff\u00bb use_background_color_gradient=\u00bbon\u00bb background_color_gradient_stops=\u00bb#ffffff 1%|#ffffff 100%\u00bb custom_margin=\u00bb|||\u00bb custom_margin_tablet=\u00bb|0px||\u00bb custom_margin_last_edited=\u00bboff|desktop\u00bb custom_padding=\u00bb3vw||54px||false|false\u00bb top_divider_style=\u00bbwave2&#8243; top_divider_height=\u00bb14vw\u00bb top_divider_repeat=\u00bb0.5x\u00bb top_divider_flip=\u00bbhorizontal\u00bb locked=\u00bboff\u00bb global_colors_info=\u00bb{}\u00bb][et_pb_row column_structure=\u00bb1_2,1_2&#8243; _builder_version=\u00bb4.21.0&#8243; _module_preset=\u00bbdefault\u00bb global_colors_info=\u00bb{}\u00bb][et_pb_column type=\u00bb1_2&#8243; _builder_version=\u00bb4.21.0&#8243; _module_preset=\u00bbdefault\u00bb global_colors_info=\u00bb{}\u00bb][et_pb_text _builder_version=\u00bb4.21.0&#8243; _module_preset=\u00bbdefault\u00bb custom_margin=\u00bb||16px|||\u00bb global_colors_info=\u00bb{}\u00bb]<\/p>\n<h2 style=\"text-align: left;\"><strong>All Deanery Meeting #1<\/strong><\/h2>\n<p>[\/et_pb_text][et_pb_text _builder_version=\u00bb4.21.0&#8243; _module_preset=\u00bbdefault\u00bb text_font_size=\u00bb18px\u00bb link_text_color=\u00bb#407EC9&#8243; custom_margin=\u00bb||-3px|||\u00bb global_colors_info=\u00bb{}\u00bb]<\/p>\n<p>This all-deanery meeting covered a review of the Assessment Formula, resources available through the diocese, and the proposed 2024 budget.<\/p>\n<p><strong>Recordings: <\/strong><\/p>\n<ul>\n<li><a href=\"https:\/\/youtu.be\/Ft-h0tFvTVc\">Watch the full meeting in English<\/a><\/li>\n<li><span class=\"Y2IQFc\" lang=\"es\"><a href=\"https:\/\/www.youtube.com\/watch?v=lqQiZNhJews\">Mira la reuni\u00f3n completa con traducci\u00f3n al espa\u00f1ol<\/a><\/span><\/li>\n<\/ul>\n<p class=\"font_7\"><strong>Resources:<\/strong><\/p>\n<\/p>\n<ul>\n<li><span><a href=\"https:\/\/www.diocalconvention.org\/wp-content\/uploads\/2023\/09\/2023-09-05-What-does-the-assessment-pay-for.pdf\">Slides: What the assesment pays for?<\/a><\/span>\n<ul>\n<li><a href=\"https:\/\/youtu.be\/Ft-h0tFvTVc?si=ncVSo9BsEj6vjNeX&amp;t=210\">Watch presentation<\/a> |\u00a0<a href=\"https:\/\/youtu.be\/lqQiZNhJews?si=rNZJ8kkAxO9NjiAV&amp;t=231\">Ver presentaci\u00f3n en espa\u00f1ol<\/a><\/li>\n<\/ul>\n<\/li>\n<li class=\"font_7\"><a href=\"https:\/\/www.diocalconvention.org\/wp-content\/uploads\/2023\/09\/Assessment-study-results_08152023.pdf\"><span>Slides: Assessment formula review<\/span><\/a>\n<ul>\n<li class=\"font_7\"><a href=\"https:\/\/youtu.be\/Ft-h0tFvTVc?si=_I0pyALP1GwI87s4&amp;t=2033\">Watch presentation<\/a> |\u00a0<a href=\"https:\/\/youtu.be\/lqQiZNhJews?si=mK1bQgxHg8iDQDSG&amp;t=2009\">Ver presentaci\u00f3n en espa\u00f1ol<\/a><\/li>\n<\/ul>\n<\/li>\n<li class=\"font_7\"><a href=\"https:\/\/www.diocalconvention.org\/wp-content\/uploads\/2023\/09\/Budget-2024-Deanery-Meeting.pdf\"><span>Slides: Proposed 2024 Budget<\/span><\/a>\n<ul>\n<li class=\"font_7\"><a href=\"https:\/\/youtu.be\/Ft-h0tFvTVc?si=2vdFGXRqhJEH4MC-\">Watch presentation<\/a> |\u00a0<a href=\"https:\/\/youtu.be\/lqQiZNhJews?si=mDfv2iD6znahgFZ8&amp;t=3584\">Ver presentaci\u00f3n en espa\u00f1ol<\/a><\/li>\n<\/ul>\n<\/li>\n<li class=\"font_7\"><a href=\"https:\/\/www.diocalconvention.org\/financials-2023\/\"><span>View other finance resources<\/span><\/a><\/li>\n<\/ul>\n<p>[\/et_pb_text][\/et_pb_column][et_pb_column type=\u00bb1_2&#8243; _builder_version=\u00bb4.21.0&#8243; _module_preset=\u00bbdefault\u00bb global_colors_info=\u00bb{}\u00bb][et_pb_text _builder_version=\u00bb4.21.0&#8243; _module_preset=\u00bbdefault\u00bb custom_margin=\u00bb||-2px|||\u00bb global_colors_info=\u00bb{}\u00bb]<\/p>\n<h2 style=\"text-align: left;\"><strong>All Deanery Meeting #2<\/strong><\/h2>\n<p>[\/et_pb_text][et_pb_text _builder_version=\u00bb4.21.0&#8243; _module_preset=\u00bbdefault\u00bb text_font_size=\u00bb18px\u00bb link_text_color=\u00bb#407EC9&#8243; custom_margin=\u00bb||-3px|||\u00bb global_colors_info=\u00bb{}\u00bb custom_padding=\u00bb1px|||||\u00bb]<\/p>\n<p class=\"font_7\"><strong><\/strong><\/p>\n<p class=\"font_7\">This all-deanery meeting will covered the d<span>iocesan convention resolutions and proposed constitution, canonical, and rule changes.<\/span><\/p>\n<p class=\"font_7\"><strong>Recordings:<\/strong><\/p>\n<ul>\n<li class=\"font_7\"><a href=\"https:\/\/youtu.be\/_zPoX7QiEAU\">Watch the full meeting in English<\/a><\/li>\n<li class=\"font_7\"><a href=\"https:\/\/www.youtube.com\/watch?v=P_QSqyWoqAc\">Mira la reuni\u00f3n completa con traducci\u00f3n al espa\u00f1ol<\/a><\/li>\n<\/ul>\n<p class=\"font_7\"><strong>Resources:\u00a0<\/strong><\/p>\n<ul>\n<li class=\"font_7\"><a href=\"https:\/\/www.diocalconvention.org\/2023resolutions\/\">View links to all of this year&#8217;s resolutions<\/a><\/li>\n<li class=\"font_7\"><a href=\"https:\/\/www.diocalconvention.org\/wp-content\/uploads\/2023\/09\/2023-Proposed-Amendments-to-the-Consitution-and-Canons.pdf\">Slides: Proposed amendments to the consitution and canons<\/a><\/li>\n<\/ul>\n<p><strong><\/strong><\/p>\n<p>[\/et_pb_text][\/et_pb_column][\/et_pb_row][\/et_pb_section]<\/p>\n","protected":false},"excerpt":{"rendered":"<p>2023 All-deanery meetings &nbsp;All Deanery Meeting #1This all-deanery meeting covered a review of the Assessment Formula, resources available through the diocese, and the proposed 2024 budget. Recordings: Watch the full [&hellip;]<\/p>\n","protected":false},"author":3,"featured_media":0,"parent":915,"menu_order":0,"comment_status":"open","ping_status":"closed","template":"","meta":{"_et_pb_use_builder":"on","_et_pb_old_content":"","_et_gb_content_width":"","footnotes":""},"class_list":["post-2188","page","type-page","status-publish","hentry"],"featured_image_src":null,"featured_image_src_square":null,"jetpack_sharing_enabled":true,"_links":{"self":[{"href":"https:\/\/www.diocalconvention.org\/es\/wp-json\/wp\/v2\/pages\/2188","targetHints":{"allow":["GET"]}}],"collection":[{"href":"https:\/\/www.diocalconvention.org\/es\/wp-json\/wp\/v2\/pages"}],"about":[{"href":"https:\/\/www.diocalconvention.org\/es\/wp-json\/wp\/v2\/types\/page"}],"author":[{"embeddable":true,"href":"https:\/\/www.diocalconvention.org\/es\/wp-json\/wp\/v2\/users\/3"}],"replies":[{"embeddable":true,"href":"https:\/\/www.diocalconvention.org\/es\/wp-json\/wp\/v2\/comments?post=2188"}],"version-history":[{"count":17,"href":"https:\/\/www.diocalconvention.org\/es\/wp-json\/wp\/v2\/pages\/2188\/revisions"}],"predecessor-version":[{"id":2561,"href":"https:\/\/www.diocalconvention.org\/es\/wp-json\/wp\/v2\/pages\/2188\/revisions\/2561"}],"up":[{"embeddable":true,"href":"https:\/\/www.diocalconvention.org\/es\/wp-json\/wp\/v2\/pages\/915"}],"wp:attachment":[{"href":"https:\/\/www.diocalconvention.org\/es\/wp-json\/wp\/v2\/media?parent=2188"}],"curies":[{"name":"wp","href":"https:\/\/api.w.org\/{rel}","templated":true}]}}