{"id":3374,"date":"2024-05-13T10:41:26","date_gmt":"2024-05-13T17:41:26","guid":{"rendered":"https:\/\/www.diocalconvention.org\/2024resolutions\/"},"modified":"2024-08-29T14:41:17","modified_gmt":"2024-08-29T21:41:17","slug":"2024resolutions","status":"publish","type":"page","link":"https:\/\/www.diocalconvention.org\/es\/175-convention\/2024resolutions\/","title":{"rendered":"Resoluciones 24"},"content":{"rendered":"<p>[et_pb_section fb_built=\u00bb1&#8243; admin_label=\u00bbHeader\u00bb _builder_version=\u00bb4.23.1&#8243; background_color=\u00bbRGBA(255,255,255,0)\u00bb use_background_color_gradient=\u00bbon\u00bb background_color_gradient_stops=\u00bb#3c466e 0%|#3c466e 100%\u00bb background_color_gradient_overlays_image=\u00bbon\u00bb background_color_gradient_start=\u00bb#393e56&#8243; background_color_gradient_end=\u00bbrgba(57,62,86,0.82)\u00bb background_enable_image=\u00bboff\u00bb custom_margin=\u00bb|||\u00bb custom_padding=\u00bb50px||1vw||false|false\u00bb bottom_divider_style=\u00bbwave2&#8243; bottom_divider_color=\u00bb#ffffff\u00bb bottom_divider_height=\u00bb10vw\u00bb bottom_divider_repeat=\u00bb0.5x\u00bb bottom_divider_flip=\u00bbvertical|horizontal\u00bb bottom_divider_arrangement=\u00bbabove_content\u00bb bottom_divider_height_tablet=\u00bb0px\u00bb bottom_divider_height_phone=\u00bb0px\u00bb bottom_divider_height_last_edited=\u00bbon|phone\u00bb global_colors_info=\u00bb{}\u00bb][et_pb_row _builder_version=\u00bb4.16&#8243; custom_padding=\u00bb3px||76px|||\u00bb global_colors_info=\u00bb{}\u00bb][et_pb_column type=\u00bb4_4&#8243; _builder_version=\u00bb4.16&#8243; custom_padding=\u00bb|||\u00bb global_colors_info=\u00bb{}\u00bb custom_padding__hover=\u00bb|||\u00bb][et_pb_text _builder_version=\u00bb4.23.1&#8243; text_font=\u00bb||||||||\u00bb text_font_size=\u00bb16px\u00bb text_line_height=\u00bb2em\u00bb header_font_size=\u00bb5vw\u00bb header_line_height=\u00bb1.2em\u00bb header_3_font=\u00bbUbuntu||||||||\u00bb header_3_line_height=\u00bb1.8em\u00bb text_orientation=\u00bbright\u00bb background_layout=\u00bbdark\u00bb max_width=\u00bb939px\u00bb module_alignment=\u00bbright\u00bb custom_margin=\u00bb|||\u00bb custom_padding=\u00bb||0px|||\u00bb text_font_size_tablet=\u00bb\u00bb text_font_size_phone=\u00bb14px\u00bb text_font_size_last_edited=\u00bbon|desktop\u00bb header_font_size_tablet=\u00bb\u00bb header_font_size_phone=\u00bb32px\u00bb header_font_size_last_edited=\u00bbon|desktop\u00bb locked=\u00bboff\u00bb global_colors_info=\u00bb{}\u00bb]<\/p>\n<h1 class=\"font_2\" style=\"text-align: center;\"><span>Resoluciones 2024<\/span><\/h1>\n<p>&nbsp;<\/p>\n<p>[\/et_pb_text][\/et_pb_column][\/et_pb_row][\/et_pb_section][et_pb_section fb_built=\u00bb1&#8243; prev_background_color=\u00bbRGBA(255,255,255,0)\u00bb admin_label=\u00bbEvents\u00bb _builder_version=\u00bb4.17.6&#8243; background_color=\u00bb#ffffff\u00bb use_background_color_gradient=\u00bbon\u00bb background_color_gradient_stops=\u00bb#ffffff 1%|#ffffff 100%\u00bb custom_margin=\u00bb|||\u00bb custom_margin_tablet=\u00bb|0px||\u00bb custom_margin_last_edited=\u00bboff|desktop\u00bb custom_padding=\u00bb0vw||0px||false|false\u00bb top_divider_style=\u00bbwave2&#8243; top_divider_height=\u00bb14vw\u00bb top_divider_repeat=\u00bb0.5x\u00bb top_divider_flip=\u00bbhorizontal\u00bb locked=\u00bboff\u00bb global_colors_info=\u00bb{}\u00bb][et_pb_row disabled_on=\u00bboff|off|off\u00bb _builder_version=\u00bb4.16&#8243; custom_margin=\u00bb2px|auto||auto||\u00bb locked=\u00bboff\u00bb global_colors_info=\u00bb{}\u00bb custom_padding=\u00bb||0px|||\u00bb][et_pb_column type=\u00bb4_4&#8243; _builder_version=\u00bb4.16&#8243; custom_padding=\u00bb|||\u00bb global_colors_info=\u00bb{}\u00bb custom_padding__hover=\u00bb|||\u00bb][et_pb_text disabled_on=\u00bbon|on|on\u00bb _builder_version=\u00bb4.23.1&#8243; _module_preset=\u00bbdefault\u00bb text_font_size=\u00bb18px\u00bb link_text_color=\u00bb#407EC9&#8243; header_2_text_align=\u00bbleft\u00bb header_2_text_color=\u00bb#3C466E\u00bb header_2_font_size=\u00bb30px\u00bb custom_margin=\u00bb||19px|||\u00bb disabled=\u00bbon\u00bb global_colors_info=\u00bb{}\u00bb]<\/p>\n<h2><strong><span>Se aceptan ahora proyectos de resoluci\u00f3n para la Convenci\u00f3n Diocesana de 2024<\/span><\/strong><span><\/span><\/h2>\n<p><span><strong>Las resoluciones que se propongan a la 175\u00aa Convenci\u00f3n Diocesana pueden enviarse al presidente del Comit\u00e9 de Resoluciones, Dave Frangquist, <span style=\"text-decoration: underline;\"><a href=\"mailto:frangquist@acm.org\" title=\"mailto:frangquist@acm.org\" data-outlook-id=\"3f6f642a-46aa-4dc2-913c-5bcc2a1fb64c\">frangquist@acm.org.<\/a><\/span><\/strong> La fecha l\u00edmite de presentaci\u00f3n es el <strong>27 de julio de 2024<\/strong>. Las resoluciones pueden ser presentadas por cualquier cl\u00e9rigo residente; delegado o suplente laico elegido; o cualquier parroquia, misi\u00f3n, decanato u otra organizaci\u00f3n diocesana oficialmente reconocida. Deben seguir el formato indicado en la p\u00e1gina <span style=\"text-decoration: underline;\"><a href=\"https:\/\/www.diocalconvention.org\/es\/175-convention\/2024resolutions\/submittingresolution\/\" title=\"https:\/\/www.diocalconvention.org\/175-convention\/2024resolutions\/submittingresolution\/\" data-outlook-id=\"261ddac2-1109-4e4e-96c2-fa8307f546c6\" target=\"_blank\" rel=\"noopener\">p\u00e1gina web de la Convenci\u00f3n DioCal <em>sobre presentaci\u00f3n de resoluciones<\/em> <\/a><\/span>. Si no est\u00e1s seguro de c\u00f3mo redactar una resoluci\u00f3n, no te preocupes. S\u00f3lo tienes que dar lo mejor de ti, y el comit\u00e9 te ayudar\u00e1 a perfeccionar tu resoluci\u00f3n. <span style=\"text-decoration: underline;\"><a href=\"https:\/\/www.diocalconvention.org\/wp-content\/uploads\/2024\/05\/Committee-on-Resolutions-FAQs-5-13-2024.pdf\" title=\"https:\/\/www.diocalconvention.org\/wp-content\/uploads\/2024\/05\/Committee-on-Resolutions-FAQs-5-13-2024.pdf\" data-outlook-id=\"2fa8c1ed-a2c5-44c9-9c14-c381a09243c1\" target=\"_blank\" rel=\"noopener\">Este documento de preguntas frecuentes<\/a><\/span> puede ayudarte a entender c\u00f3mo funciona el proceso de resoluciones.<\/span><\/p>\n<p>Por favor, no env\u00edes propuestas de cambio de canon a la Comisi\u00f3n de Resoluciones. Los cambios de canon deben presentarse al Secretario de la Convenci\u00f3n, <span style=\"text-decoration: underline;\"><a href=\"mailto:secretary@diocal.org\" title=\"mailto:secretary@diocal.org\" data-outlook-id=\"156b237c-9410-433a-b49b-45237b421c9a\">secretary@diocal.org<\/a><\/span>para su transmisi\u00f3n al Comit\u00e9 de C\u00e1nones (tambi\u00e9n antes del 27 de julio de 2024).<\/p>\n<p><strong><\/strong><\/p>\n<p>[\/et_pb_text][et_pb_text _builder_version=\u00bb4.23.1&#8243; _module_preset=\u00bbdefault\u00bb text_font_size=\u00bb18px\u00bb link_text_color=\u00bb#407EC9&#8243; header_2_text_align=\u00bbleft\u00bb header_2_text_color=\u00bb#3C466E\u00bb header_2_font_size=\u00bb30px\u00bb custom_margin=\u00bb||19px|||\u00bb global_colors_info=\u00bb{}\u00bb]<\/p>\n<h2><strong><span>Se han recibido todas las resoluciones para la Convenci\u00f3n Diocesana de 2024<\/span><\/strong><span><\/span><\/h2>\n<p><span><strong>El plazo de presentaci\u00f3n de resoluciones para la Convenci\u00f3n ya ha finalizado, pero puedes ver y comentar las resoluciones publicadas en los enlaces que aparecen a continuaci\u00f3n.<br \/>\nTus comentarios y preguntas ayudar\u00e1n a los proponentes de las resoluciones y al Comit\u00e9 de Resoluciones en su labor de perfeccionar las resoluciones para someterlas a la consideraci\u00f3n de la Convenci\u00f3n.   <\/strong><\/span><\/p>\n<p><span><strong>Las preguntas sobre las resoluciones pueden dirigirse a Dave Frangquist, presidente del Comit\u00e9 de Resoluciones, en <span style=\"text-decoration: underline;\"><a href=\"mailto:frangquist@acm.org\" title=\"mailto:frangquist@acm.org\" data-outlook-id=\"3f6f642a-46aa-4dc2-913c-5bcc2a1fb64c\">frangquist@acm.org<\/a><\/span>.<\/strong> <\/span><\/p>\n<p><strong><span style=\"font-size: 18px;\">Las preguntas sobre las resoluciones que modifican la Constituci\u00f3n, los C\u00e1nones y las Reglas pueden enviarse al Secretario de la Convenci\u00f3n, <\/span><span style=\"font-size: 18px; text-decoration-line: underline;\"><a href=\"mailto:secretary@diocal.org\" title=\"mailto:secretary@diocal.org\" data-outlook-id=\"156b237c-9410-433a-b49b-45237b421c9a\">secretary@diocal.org.<\/a><\/span><\/strong><\/p>\n<p><strong><\/strong><\/p>\n<p>[\/et_pb_text][et_pb_button button_url=\u00bb@ET-DC@eyJkeW5hbWljIjp0cnVlLCJjb250ZW50IjoicG9zdF9saW5rX3VybF9wYWdlIiwic2V0dGluZ3MiOnsicG9zdF9pZCI6IjMzMTcifX0=@\u00bb button_text=\u00bbVer las directrices para presentar una resoluci\u00f3n\u00bb disabled_on=\u00bbon|on|on\u00bb _builder_version=\u00bb4.23.1&#8243; _dynamic_attributes=\u00bbbutton_url\u00bb _module_preset=\u00bbdefault\u00bb custom_button=\u00bbon\u00bb button_text_color=\u00bb#ffffff\u00bb button_bg_color=\u00bb#ED592A\u00bb button_border_radius=\u00bb10px\u00bb disabled=\u00bbon\u00bb global_colors_info=\u00bb{}\u00bb][\/et_pb_button][et_pb_text disabled_on=\u00bbon|on|on\u00bb _builder_version=\u00bb4.23.1&#8243; _module_preset=\u00bbdefault\u00bb text_font_size=\u00bb18px\u00bb link_text_color=\u00bb#407EC9&#8243; disabled=\u00bbon\u00bb global_colors_info=\u00bb{}\u00bb]<\/p>\n<p class=\"font_7\"><strong><\/strong><\/p>\n<p class=\"font_7\"><span>El plazo para la <a href=\"https:\/\/www.diocalconvention.org\/es\/resoluciones22\/\">presentaci\u00f3n de resoluciones<\/a> a la 174\u00aa<\/span><span>  Ya ha pasado la Convenci\u00f3n Anual de la Di\u00f3cesis de California. Los proyectos de resoluci\u00f3n que figuran a continuaci\u00f3n han sido presentados a la Comisi\u00f3n de Resoluciones y est\u00e1n siendo revisados por \u00e9sta. Las revisiones de los borradores se publicar\u00e1n a medida que est\u00e9n disponibles, y la lista se actualizar\u00e1 con las fechas de las revisiones.  <\/span><\/p>\n<p><strong><\/strong><\/p>\n<p>[\/et_pb_text][\/et_pb_column][\/et_pb_row][\/et_pb_section][et_pb_section fb_built=\u00bb1&#8243; disabled_on=\u00bboff|off|off\u00bb _builder_version=\u00bb4.23.1&#8243; _module_preset=\u00bbdefault\u00bb custom_padding=\u00bb0px|||||\u00bb global_colors_info=\u00bb{}\u00bb custom_margin=\u00bb-4px|||||\u00bb][et_pb_row disabled_on=\u00bboff|off|off\u00bb _builder_version=\u00bb4.23.1&#8243; locked=\u00bboff\u00bb global_colors_info=\u00bb{}\u00bb][et_pb_column type=\u00bb4_4&#8243; _builder_version=\u00bb4.16&#8243; custom_padding=\u00bb|||\u00bb global_colors_info=\u00bb{}\u00bb custom_padding__hover=\u00bb|||\u00bb][et_pb_text _builder_version=\u00bb4.23.1&#8243; _module_preset=\u00bbdefault\u00bb text_font_size=\u00bb18px\u00bb link_text_color=\u00bb#407EC9&#8243; custom_margin=\u00bb||1px|||\u00bb global_colors_info=\u00bb{}\u00bb]<\/p>\n<h2 class=\"font_7\" style=\"text-align: left;\"><strong>Resoluciones para la Convenci\u00f3n 2024<\/strong><span><\/span><\/h2>\n<p class=\"font_7\"><span>Para ver una resoluci\u00f3n, s\u00f3lo tiene que hacer clic o tocar el t\u00edtulo de la misma. Sus comentarios son bienvenidos en cada resoluci\u00f3n. Ayudar\u00e1n a la Comisi\u00f3n de Resoluciones en su trabajo con los remitentes para perfeccionar cada resoluci\u00f3n.<\/span><span><\/span><\/p>\n<p class=\"font_7\"><span><\/span><\/p>\n<p>[\/et_pb_text][et_pb_text _builder_version=\u00bb4.21.0&#8243; _dynamic_attributes=\u00bblink_option_url\u00bb header_font=\u00bb||||||||\u00bb header_4_font=\u00bbUbuntu||||||||\u00bb header_4_font_size=\u00bb26px\u00bb header_4_line_height=\u00bb1.8em\u00bb header_5_font=\u00bbLato||on||||||\u00bb header_5_font_size=\u00bb14px\u00bb header_5_line_height=\u00bb1.8em\u00bb custom_margin=\u00bb||0px|\u00bb link_option_url=\u00bb@ET-DC@eyJkeW5hbWljIjp0cnVlLCJjb250ZW50IjoicG9zdF9saW5rX3VybF9wYWdlIiwic2V0dGluZ3MiOnsicG9zdF9pZCI6IjE4OTcifX0=@\u00bb global_colors_info=\u00bb{}\u00bb]<\/p>\n<h4 class=\"font_7\"><a href=\"https:\/\/www.diocalconvention.org\/175-convention\/2024resolutions\/christian-nationalism\/\"><span>Resoluci\u00f3n n\u00ba 1: Hacer frente al nacionalismo cristiano<\/span><\/a><\/h4>\n<h5><span>\u00daltima actualizaci\u00f3n: 15 de agosto de 2024<\/span><\/h5>\n<p>[\/et_pb_text][et_pb_text _builder_version=\u00bb4.21.0&#8243; _dynamic_attributes=\u00bblink_option_url\u00bb header_font=\u00bb||||||||\u00bb header_4_font=\u00bbUbuntu||||||||\u00bb header_4_font_size=\u00bb26px\u00bb header_4_line_height=\u00bb1.8em\u00bb header_5_font=\u00bbLato||on||||||\u00bb header_5_font_size=\u00bb14px\u00bb header_5_line_height=\u00bb1.8em\u00bb custom_margin=\u00bb||0px|\u00bb link_option_url=\u00bb@ET-DC@eyJkeW5hbWljIjp0cnVlLCJjb250ZW50IjoicG9zdF9saW5rX3VybF9wYWdlIiwic2V0dGluZ3MiOnsicG9zdF9pZCI6IjE4OTcifX0=@\u00bb global_colors_info=\u00bb{}\u00bb]<\/p>\n<h4 class=\"font_7\"><a href=\"https:\/\/www.diocalconvention.org\/175-convention\/2024resolutions\/factory-farming\/\"><span>Resoluci\u00f3n n\u00ba 2: Granjas industriales<\/span><\/a><\/h4>\n<h5><span>\u00daltima actualizaci\u00f3n: 14 de agosto de 2024<\/span><\/h5>\n<p>[\/et_pb_text][et_pb_text _builder_version=\u00bb4.21.0&#8243; _dynamic_attributes=\u00bblink_option_url\u00bb header_font=\u00bb||||||||\u00bb header_4_font=\u00bbUbuntu||||||||\u00bb header_4_font_size=\u00bb26px\u00bb header_4_line_height=\u00bb1.8em\u00bb header_5_font=\u00bbLato||on||||||\u00bb header_5_font_size=\u00bb14px\u00bb header_5_line_height=\u00bb1.8em\u00bb custom_margin=\u00bb||0px|\u00bb link_option_url=\u00bb@ET-DC@eyJkeW5hbWljIjp0cnVlLCJjb250ZW50IjoicG9zdF9saW5rX3VybF9wYWdlIiwic2V0dGluZ3MiOnsicG9zdF9pZCI6IjE4OTcifX0=@\u00bb global_colors_info=\u00bb{}\u00bb]<\/p>\n<h4 class=\"font_7\"><a href=\"https:\/\/www.diocalconvention.org\/175-convention\/2024resolutions\/ordination-of-women-anniversary-and-phyllis-edwards\/\"><span>Resoluci\u00f3n n\u00ba 3: Trienio del 50\u00ba Aniversario de la Ordenaci\u00f3n de Mujeres<br \/>y Conmemoraci\u00f3n de la Rvda. Phyllis Edwards<\/span><\/a><\/h4>\n<h5><span>\u00daltima actualizaci\u00f3n: 7 de agosto de 2024<\/span><\/h5>\n<p>[\/et_pb_text][et_pb_text _builder_version=\u00bb4.21.0&#8243; _dynamic_attributes=\u00bblink_option_url\u00bb header_font=\u00bb||||||||\u00bb header_4_font=\u00bbUbuntu||||||||\u00bb header_4_font_size=\u00bb26px\u00bb header_4_line_height=\u00bb1.8em\u00bb header_5_font=\u00bbLato||on||||||\u00bb header_5_font_size=\u00bb14px\u00bb header_5_line_height=\u00bb1.8em\u00bb custom_margin=\u00bb||0px|\u00bb link_option_url=\u00bb@ET-DC@eyJkeW5hbWljIjp0cnVlLCJjb250ZW50IjoicG9zdF9saW5rX3VybF9wYWdlIiwic2V0dGluZ3MiOnsicG9zdF9pZCI6IjE4OTcifX0=@\u00bb global_colors_info=\u00bb{}\u00bb]<\/p>\n<h4 class=\"font_7\"><a href=\"https:\/\/www.diocalconvention.org\/175-convention\/2024resolutions\/diocesan-support-aed\/\"><span>Resoluci\u00f3n n\u00ba 4: Apoyo diocesano a la Asociaci\u00f3n de Di\u00e1conos Episcopales<strong><\/strong><\/span><\/a><\/h4>\n<h5><span>\u00daltima actualizaci\u00f3n: 16 de agosto de 2024<\/span><\/h5>\n<p>[\/et_pb_text][et_pb_divider color=\u00bb#330072&#8243; _builder_version=\u00bb4.21.0&#8243; _module_preset=\u00bbdefault\u00bb custom_margin=\u00bb30px||19px||false|false\u00bb global_colors_info=\u00bb{}\u00bb][\/et_pb_divider][et_pb_text _builder_version=\u00bb4.21.0&#8243; _dynamic_attributes=\u00bblink_option_url\u00bb header_font=\u00bb||||||||\u00bb header_4_font=\u00bbUbuntu||||||||\u00bb header_4_font_size=\u00bb26px\u00bb header_4_line_height=\u00bb1.8em\u00bb header_5_font=\u00bbLato||on||||||\u00bb header_5_font_size=\u00bb14px\u00bb header_5_line_height=\u00bb1.8em\u00bb custom_margin=\u00bb||0px|\u00bb custom_padding=\u00bb||17px|||\u00bb link_option_url=\u00bb@ET-DC@eyJkeW5hbWljIjp0cnVlLCJjb250ZW50IjoicG9zdF9saW5rX3VybF9wYWdlIiwic2V0dGluZ3MiOnsicG9zdF9pZCI6IjE4OTQifX0=@\u00bb global_colors_info=\u00bb{}\u00bb]<\/p>\n<h2 class=\"font_7\" style=\"text-align: left\"><strong>Las siguientes resoluciones son para modificar los documentos rectores de la Convenci\u00f3n:<\/strong><span><\/span><\/h2>\n<p>[\/et_pb_text][et_pb_text _builder_version=\u00bb4.27.0&#8243; _dynamic_attributes=\u00bblink_option_url\u00bb link_text_color=\u00bb#407EC9&#8243; header_font=\u00bb||||||||\u00bb header_4_font=\u00bbUbuntu||||||||\u00bb header_4_font_size=\u00bb26px\u00bb header_4_line_height=\u00bb1.8em\u00bb header_5_font=\u00bbLato||on||||||\u00bb header_5_font_size=\u00bb14px\u00bb header_5_line_height=\u00bb1.8em\u00bb custom_margin=\u00bb||0px|\u00bb link_option_url=\u00bb@ET-DC@eyJkeW5hbWljIjp0cnVlLCJjb250ZW50IjoicG9zdF9saW5rX3VybF9wYWdlIiwic2V0dGluZ3MiOnsicG9zdF9pZCI6IjE4OTQifX0=@\u00bb global_colors_info=\u00bb{}\u00bb]<\/p>\n<h4 class=\"font_7\"><a href=\"https:\/\/www.diocalconvention.org\/2024-a-changing-clergy-quorum-election-bishop\/\"><span>A. Art\u00edculo XII: Modificaci\u00f3n del qu\u00f3rum del clero para la elecci\u00f3n de un obispo<br \/><\/span><span><\/span><\/a><\/h4>\n<h5><a href=\"https:\/\/www.diocalconvention.org\/2024-a-changing-clergy-quorum-election-bishop\/\"><span>\u00daltima actualizaci\u00f3n: 20 de agosto de 2024<\/span><\/a><\/h5>\n<p>[\/et_pb_text][et_pb_text _builder_version=\u00bb4.21.0&#8243; _dynamic_attributes=\u00bblink_option_url\u00bb link_text_color=\u00bb#407EC9&#8243; header_font=\u00bb||||||||\u00bb header_4_font=\u00bbUbuntu||||||||\u00bb header_4_font_size=\u00bb26px\u00bb header_4_line_height=\u00bb1.8em\u00bb header_5_font=\u00bbLato||on||||||\u00bb header_5_font_size=\u00bb14px\u00bb header_5_line_height=\u00bb1.8em\u00bb custom_margin=\u00bb||0px|\u00bb link_option_url=\u00bb@ET-DC@eyJkeW5hbWljIjp0cnVlLCJjb250ZW50IjoicG9zdF9saW5rX3VybF9wYWdlIiwic2V0dGluZ3MiOnsicG9zdF9pZCI6IjE4OTQifX0=@\u00bb global_colors_info=\u00bb{}\u00bb]<\/p>\n<h4 class=\"font_7\"><a href=\"https:\/\/www.diocalconvention.org\/2024-clarification-of-quorum-language\/\"><span>B. Canon IV: Aclaraci\u00f3n del lenguaje sobre el qu\u00f3rum para la Convenci\u00f3n<br \/><\/span><span><\/span><\/a><\/h4>\n<h5><a href=\"https:\/\/www.diocalconvention.org\/2024-clarification-of-quorum-language\/\"><span>\u00daltima actualizaci\u00f3n: 20 de agosto de 2024<\/span><\/a><\/h5>\n<p>[\/et_pb_text][et_pb_text disabled_on=\u00bbon|on|on\u00bb _builder_version=\u00bb4.23.1&#8243; _module_preset=\u00bbdefault\u00bb text_font_size=\u00bb18px\u00bb link_text_color=\u00bb#407EC9&#8243; header_2_text_color=\u00bb#3c466e\u00bb header_2_font_size=\u00bb30px\u00bb custom_margin=\u00bb||1px|||\u00bb disabled=\u00bbon\u00bb global_colors_info=\u00bb{}\u00bb]<\/p>\n<h2 class=\"font_7\" style=\"text-align: left;\"><strong>Las resoluciones para la Convenci\u00f3n de 2024 se a\u00f1adir\u00e1n aqu\u00ed cuando est\u00e9n disponibles<\/strong><span><\/span><\/h2>\n<p class=\"font_7\"><em>Para ver una resoluci\u00f3n, s\u00f3lo tiene que hacer clic o tocar el t\u00edtulo de la misma. Sus comentarios son bienvenidos en cada resoluci\u00f3n. Ayudar\u00e1n a la Comisi\u00f3n de Resoluciones a trabajar con los presentadores para perfeccionar cada resoluci\u00f3n.<\/em><span><\/span><\/p>\n<p class=\"font_7\"><span><\/span><\/p>\n<p>[\/et_pb_text][\/et_pb_column][\/et_pb_row][\/et_pb_section]<\/p>\n","protected":false},"excerpt":{"rendered":"<p>Resoluciones 2024 &nbsp;Se aceptan ahora proyectos de resoluci\u00f3n para la Convenci\u00f3n Diocesana de 2024 Las resoluciones que se propongan a la 175\u00aa Convenci\u00f3n Diocesana pueden enviarse al presidente del Comit\u00e9 [&hellip;]<\/p>\n","protected":false},"author":3,"featured_media":0,"parent":3438,"menu_order":0,"comment_status":"open","ping_status":"closed","template":"","meta":{"_et_pb_use_builder":"on","_et_pb_old_content":"","_et_gb_content_width":"","footnotes":""},"class_list":["post-3374","page","type-page","status-publish","hentry"],"featured_image_src":null,"featured_image_src_square":null,"jetpack_sharing_enabled":true,"_links":{"self":[{"href":"https:\/\/www.diocalconvention.org\/es\/wp-json\/wp\/v2\/pages\/3374","targetHints":{"allow":["GET"]}}],"collection":[{"href":"https:\/\/www.diocalconvention.org\/es\/wp-json\/wp\/v2\/pages"}],"about":[{"href":"https:\/\/www.diocalconvention.org\/es\/wp-json\/wp\/v2\/types\/page"}],"author":[{"embeddable":true,"href":"https:\/\/www.diocalconvention.org\/es\/wp-json\/wp\/v2\/users\/3"}],"replies":[{"embeddable":true,"href":"https:\/\/www.diocalconvention.org\/es\/wp-json\/wp\/v2\/comments?post=3374"}],"version-history":[{"count":10,"href":"https:\/\/www.diocalconvention.org\/es\/wp-json\/wp\/v2\/pages\/3374\/revisions"}],"predecessor-version":[{"id":3604,"href":"https:\/\/www.diocalconvention.org\/es\/wp-json\/wp\/v2\/pages\/3374\/revisions\/3604"}],"up":[{"embeddable":true,"href":"https:\/\/www.diocalconvention.org\/es\/wp-json\/wp\/v2\/pages\/3438"}],"wp:attachment":[{"href":"https:\/\/www.diocalconvention.org\/es\/wp-json\/wp\/v2\/media?parent=3374"}],"curies":[{"name":"wp","href":"https:\/\/api.w.org\/{rel}","templated":true}]}}