{"id":3605,"date":"2024-07-09T13:27:32","date_gmt":"2024-07-09T20:27:32","guid":{"rendered":"https:\/\/www.diocalconvention.org\/175-convention\/2024resolutions\/christian-nationalism\/"},"modified":"2024-08-29T14:45:51","modified_gmt":"2024-08-29T21:45:51","slug":"christian-nationalism","status":"publish","type":"page","link":"https:\/\/www.diocalconvention.org\/es\/175-convention\/2024resolutions\/christian-nationalism\/","title":{"rendered":"Abordar el nacionalismo cristiano"},"content":{"rendered":"<p>[et_pb_section fb_built=\u00bb1&#8243; admin_label=\u00bbHeader\u00bb _builder_version=\u00bb4.16&#8243; custom_padding=\u00bb||0px|||\u00bb custom_width_px__hover=\u00bb1080px\u00bb custom_width_px__hover_enabled=\u00bb1080px\u00bb custom_width_percent__hover=\u00bb80%\u00bb custom_width_percent__hover_enabled=\u00bb80%\u00bb global_colors_info=\u00bb{}\u00bb make_fullwidth__hover=\u00bboff\u00bb make_fullwidth__hover_enabled=\u00bboff\u00bb use_custom_width__hover=\u00bboff\u00bb use_custom_width__hover_enabled=\u00bboff\u00bb width_unit__hover=\u00bbon\u00bb width_unit__hover_enabled=\u00bbon\u00bb][et_pb_row _builder_version=\u00bb4.16&#8243; use_custom_width=\u00bbon\u00bb custom_width_px=\u00bb1280px\u00bb custom_width_px__hover=\u00bb1080px\u00bb custom_width_px__hover_enabled=\u00bb1080px\u00bb custom_width_percent__hover=\u00bb80%\u00bb custom_width_percent__hover_enabled=\u00bb80%\u00bb global_colors_info=\u00bb{}\u00bb make_fullwidth__hover=\u00bboff\u00bb make_fullwidth__hover_enabled=\u00bboff\u00bb use_custom_width__hover=\u00bboff\u00bb use_custom_width__hover_enabled=\u00bboff\u00bb width_unit__hover=\u00bbon\u00bb width_unit__hover_enabled=\u00bbon\u00bb][et_pb_column type=\u00bb4_4&#8243; _builder_version=\u00bb4.16&#8243; global_colors_info=\u00bb{}\u00bb padding_tablet=\u00bb30px||10px\u00bb padding_last_edited=\u00bbon|tablet\u00bb padding_phone=\u00bb30px||10px\u00bb][et_pb_text _builder_version=\u00bb4.21.0&#8243; _module_preset=\u00bbdefault\u00bb header_font=\u00bbVidaloka||||||||\u00bb header_text_align=\u00bbcenter\u00bb header_font_size=\u00bb60px\u00bb header_line_height=\u00bb1.15em\u00bb global_colors_info=\u00bb{}\u00bb]<\/p>\n<h1 class=\"font_3\" style=\"text-align: left;\"><strong><span>Resoluci\u00f3n n\u00ba 1: Hacer frente al nacionalismo cristiano<\/span><\/strong><\/h1>\n<p>[\/et_pb_text][\/et_pb_column][\/et_pb_row][\/et_pb_section][et_pb_section fb_built=\u00bb1&#8243; admin_label=\u00bbContent\u00bb module_id=\u00bbcontenido\u00bb _builder_version=\u00bb4.16&#8243; min_height=\u00bb2285px\u00bb custom_padding=\u00bb5px||13px|||\u00bb custom_width_px__hover=\u00bb1080px\u00bb custom_width_px__hover_enabled=\u00bb1080px\u00bb custom_width_percent__hover=\u00bb80%\u00bb custom_width_percent__hover_enabled=\u00bb80%\u00bb global_colors_info=\u00bb{}\u00bb make_fullwidth__hover=\u00bboff\u00bb make_fullwidth__hover_enabled=\u00bboff\u00bb use_custom_width__hover=\u00bboff\u00bb use_custom_width__hover_enabled=\u00bboff\u00bb width_unit__hover=\u00bbon\u00bb width_unit__hover_enabled=\u00bbon\u00bb][et_pb_row _builder_version=\u00bb4.17.6&#8243; _module_preset=\u00bbdefault\u00bb global_colors_info=\u00bb{}\u00bb][et_pb_column type=\u00bb4_4&#8243; _builder_version=\u00bb4.17.6&#8243; _module_preset=\u00bbdefault\u00bb global_colors_info=\u00bb{}\u00bb][et_pb_text _builder_version=\u00bb4.27.0&#8243; _module_preset=\u00bbdefault\u00bb text_font_size=\u00bb18px\u00bb text_line_height=\u00bb1.8em\u00bb header_4_font_size=\u00bb20px\u00bb custom_padding=\u00bb||0px|||\u00bb text_font_size_tablet=\u00bb18px\u00bb text_font_size_phone=\u00bb13px\u00bb text_font_size_last_edited=\u00bbon|phone\u00bb global_colors_info=\u00bb{}\u00bb]<\/p>\n<p class=\"font_8\"><strong>\u00daltima actualizaci\u00f3n: <\/strong>15 de agosto de 2024<\/p>\n<p>[\/et_pb_text][\/et_pb_column][\/et_pb_row][et_pb_row _builder_version=\u00bb4.16&#8243; custom_margin=\u00bb|auto|-133px|auto||\u00bb use_custom_width=\u00bbon\u00bb custom_width_px=\u00bb1280px\u00bb custom_width_px__hover=\u00bb1080px\u00bb custom_width_px__hover_enabled=\u00bb1080px\u00bb custom_width_percent__hover=\u00bb80%\u00bb custom_width_percent__hover_enabled=\u00bb80%\u00bb global_colors_info=\u00bb{}\u00bb use_custom_width__hover=\u00bboff\u00bb use_custom_width__hover_enabled=\u00bboff\u00bb width_unit__hover=\u00bbon\u00bb width_unit__hover_enabled=\u00bbon\u00bb make_fullwidth__hover=\u00bboff\u00bb make_fullwidth__hover_enabled=\u00bboff\u00bb][et_pb_column type=\u00bb4_4&#8243; _builder_version=\u00bb4.16&#8243; custom_padding=\u00bb|||\u00bb global_colors_info=\u00bb{}\u00bb custom_padding__hover=\u00bb|||\u00bb][et_pb_text _builder_version=\u00bb4.21.0&#8243; _module_preset=\u00bb7262e956-c376-4aa6-9642-c413f71527d0&#8243; text_font_size=\u00bb18px\u00bb text_line_height=\u00bb1.8em\u00bb header_4_font_size=\u00bb20px\u00bb custom_margin=\u00bb-1px||29px|||\u00bb text_font_size_tablet=\u00bb\u00bb text_font_size_phone=\u00bb13px\u00bb text_font_size_last_edited=\u00bbon|phone\u00bb header_font_size_tablet=\u00bb55px\u00bb header_font_size_last_edited=\u00bboff|desktop\u00bb global_colors_info=\u00bb{}\u00bb]<\/p>\n<h4 class=\"font_8\"><em><strong>Estatus<\/strong><\/em><\/h4>\n<p class=\"font_8\">La Comisi\u00f3n de Resoluciones est\u00e1 revisando esta resoluci\u00f3n en conversaci\u00f3n con los proponentes.<\/p>\n<p>[\/et_pb_text][et_pb_text _builder_version=\u00bb4.23.1&#8243; _module_preset=\u00bb7262e956-c376-4aa6-9642-c413f71527d0&#8243; text_font_size=\u00bb18px\u00bb text_line_height=\u00bb1.8em\u00bb link_text_color=\u00bb#407EC9&#8243; header_4_font_size=\u00bb20px\u00bb custom_margin=\u00bb-1px|||||\u00bb text_font_size_tablet=\u00bb\u00bb text_font_size_phone=\u00bb13px\u00bb text_font_size_last_edited=\u00bbon|phone\u00bb header_font_size_tablet=\u00bb55px\u00bb header_font_size_last_edited=\u00bboff|desktop\u00bb global_colors_info=\u00bb{}\u00bb]<\/p>\n<p><em><strong>Resuelve <\/strong><\/em>que la Di\u00f3cesis de California se compromete a promover el amor, la justicia, la paz y la dignidad de todo ser humano, independientemente de su raza, etnia u orientaci\u00f3n y que la Di\u00f3cesis de California condena inequ\u00edvocamente el Nacionalismo Cristiano en todas sus formas como antit\u00e9tico al Evangelio de Jesucristo que se basa en el amor;<\/p>\n<p><em><strong>Resuelto<\/strong>,<\/em> que la Di\u00f3cesis de California se compromete a formar un grupo de trabajo con el fin de crear y reunir un conjunto de recursos digitales para las misiones, parroquias, escuelas y todas las instituciones de la iglesia sobre los peligros del nacionalismo cristiano y para promover una fe cristiana inclusiva y acogedora;<\/p>\n<p><em><strong>Resuelto<\/strong>,<\/em> que el grupo de trabajo trabajar\u00e1 en colaboraci\u00f3n con el Ministerio de Justicia Racial y Social para poner a disposici\u00f3n un conjunto de recursos en el sitio web de DioCal:<\/p>\n<ol>\n<li><strong>Directrices sobre lenguaje e im\u00e1genes<\/strong>: Sugerencias de lenguaje e im\u00e1genes que pueden utilizarse para crear mensajes en redes sociales, boletines y otras comunicaciones que expongan claramente su postura contra el nacionalismo cristiano.<\/li>\n<li><strong>Recursos para sermones<\/strong>: Sermones de muestra, reflexiones b\u00edblicas y debates teol\u00f3gicos que abordan los peligros del nacionalismo cristiano y promueven una comprensi\u00f3n inclusiva del Evangelio.<\/li>\n<li><strong>Materiales educativos<\/strong>: Art\u00edculos, v\u00eddeos y gu\u00edas de debate que pueden utilizarse en clases de formaci\u00f3n, grupos de j\u00f3venes y otras reuniones o entornos de debate en grupo para fomentar la comprensi\u00f3n y el di\u00e1logo sobre esta cuesti\u00f3n.<\/li>\n<li><strong>Pasos para la acci\u00f3n<\/strong>: Pasos pr\u00e1cticos que pueden darse para fomentar la inclusividad y contrarrestar la influencia del cristianismo.<\/li>\n<\/ol>\n<p><em><strong>Resuelto<\/strong>,<\/em> que la Di\u00f3cesis de California fomentar\u00e1 la utilizaci\u00f3n activa de estos recursos y alentar\u00e1 la participaci\u00f3n en conversaciones y acciones continuas para defender los valores del amor, la justicia, la paz y la inclusividad.<\/p>\n<p><em><strong>Resuelve, <\/strong><\/em>Que esta Convenci\u00f3n pida al Obispo que cree y nombre un grupo de trabajo de entre tres y cinco miembros, cl\u00e9rigos y\/o laicos, para debatir, planificar y ejecutar una caja de herramientas digital para su uso en el sitio web diocesano, trabajando en colaboraci\u00f3n con el Ministerio Diocesano de Justicia Racial, Social y Medioambiental; el grupo de trabajo crear\u00e1 los materiales a lo largo de un periodo de tres a\u00f1os, y desarrollar\u00e1 un conjunto de mejores pr\u00e1cticas para medir el \u00e9xito.<\/p>\n<p><span style=\"font-size: large; color: #333333; font-weight: bold;\">Explicaci\u00f3n:<\/span><\/p>\n<p>En enero de 2021, tras el ataque al Capitolio, el Consejo Ejecutivo de la Convenci\u00f3n General aprob\u00f3 la resoluci\u00f3n <a href=\"https:\/\/extranet.generalconvention.org\/governing_and_interim_bodies\/executive_council\/resolution?id=257\"><u>MW 036: <strong><em>Supremac\u00eda Blanca y Desradicalizaci\u00f3n<\/em><\/strong><\/u><\/a><a href=\"https:\/\/extranet.generalconvention.org\/governing_and_interim_bodies\/executive_council\/resolution?id=257\">(https:\/\/extranet.generalconvention.org\/governing_and_interim_bodies\/executive_council\/resolution?id=257)<\/a> como parte del camino de La Iglesia para promover la creaci\u00f3n de una Comunidad Amada.<br \/>\nSe cre\u00f3 una serie de informaci\u00f3n y, se estableci\u00f3 la siguiente definici\u00f3n de trabajo: <\/p>\n<p><em>\u00abEl nacionalismo cristiano es un compromiso de combinar las identidades cristiana y estadounidense vinculado a ideolog\u00edas de supremac\u00eda blanca. Esta ideolog\u00eda exige que el Estado conceda al cristianismo un trato especial, al tiempo que sugiere que Estados Unidos es una naci\u00f3n inherentemente cristiana.\u00bb <sup>1<\/sup><\/em><\/p>\n<p>Nuestro Pacto Bautismal nos llama a \u00abluchar por la justicia y la paz entre todos los pueblos, y respetar la dignidad de todo ser humano\u00bb, pero nos encontramos con que las voces del Nacionalismo Cristiano han cooptado el propio nombre de Jes\u00fas al servicio de una teolog\u00eda ruidosamente discriminatoria que insulta el nombre de nuestro Salvador.<br \/>\nPara contrarrestar esa voz Nacionalista Cristiana, nosotros, la Iglesia Episcopal, debemos hacer una fuerte inversi\u00f3n en nombrar los valores que nuestro Salvador nos ense\u00f1\u00f3, y avanzar un mensaje positivo y amoroso.<br \/>\nPara ser eficaces, las parroquias necesitan un mensaje comunicado de forma clara y uniforme, y acceso a recursos aprobados dentro de la Iglesia Episcopal con los que elaborar campa\u00f1as en los medios sociales, oraciones y sermones, y materiales educativos.  <\/p>\n<p>Nuestra Iglesia Episcopal afirma la dignidad y el valor de todo ser humano, abrazando la diversidad de la creaci\u00f3n de Dios, pero las ideolog\u00edas nacionalistas que promueven la divisi\u00f3n, el odio y la discriminaci\u00f3n para ayudar a alimentar campa\u00f1as antidemocr\u00e1ticas en la plaza p\u00fablica son contrarias a las ense\u00f1anzas de Jesucristo, se promueven implacablemente de modo que nuestra postura se ha convertido en un susurro.<br \/>\nLas plataformas de los medios sociales se han convertido en poderosas herramientas para difundir mensajes y dar forma al discurso p\u00fablico, incluidos los de los grupos nacionalistas cristianos; y, por tanto, es imperativo que la Iglesia participe activamente en la esfera digital para promover mensajes de amor, unidad, justicia e igualdad.<br \/>\nLas campa\u00f1as estrat\u00e9gicas en los medios sociales a trav\u00e9s de las parroquias pueden contrarrestar eficazmente las narrativas nacionalistas cristianas y ofrecer perspectivas alternativas que promuevan la comprensi\u00f3n, la reconciliaci\u00f3n y la solidaridad entre todas las personas.<br \/>\nYa es hora.<br \/>\nEs necesario.    <\/p>\n<p><strong>Presentado por: <\/strong>Paula Hawthorn Copresidenta, St. Paul&#8217;s, Oakland &#8211; Comit\u00e9 de Justicia Social, Pamela Kruse-Buckingham, Tesorera, St. Paul&#8217;s, Oakland, La Junta Parroquial y el Comit\u00e9 de Justicia Social de la Iglesia Episcopal de St. Paul Oakland, CA<\/p>\n<p><strong>Contacto: <\/strong>Pamela Kruse-Buckingham<br \/><strong><span style=\"font-size: medium;\"><a href=\"mailto:pamela.kruse.buckingham@gmail.com\">(pamela.kruse.buckingham@gmail.com)<\/a><\/span><\/strong><\/p>\n<p><strong>Contacto: <\/strong>Paula Hawthorn<br \/> (<a href=\"mailto:paula.hawthorn@gmail.com\"><strong>paula.hawthorn@gmail.com<\/strong><\/a><strong>)<\/strong><\/p>\n<p><strong><span style=\"font-size: large;\">Recursos:<\/span><\/strong><\/p>\n<p><a href=\"https:\/\/extranet.generalconvention.org\/governing_and_interim_bodies\/executive_council\/resolution?id=257\" style=\"font-size: 18px;\"><u>https:\/\/extranet.generalconvention.org\/governing_and_interim_b<\/u><\/a><span style=\"font-size: 18px;\"> <\/span><a href=\"https:\/\/extranet.generalconvention.org\/governing_and_interim_bodies\/executive_council\/resolution?id=257\" style=\"font-size: 18px;\"><u>odies\/consejo_ejecutivo\/resolucion?id=257<\/u><\/a><\/p>\n<p><a href=\"https:\/\/www.episcopalchurch.org\/ogr\/eppn-series-on-deradicalization-introduction\/\"><u>https:\/\/www.episcopalchurch.org\/ogr\/eppn-series-on-deradicaliza<\/u><\/a> <a href=\"https:\/\/www.episcopalchurch.org\/ogr\/eppn-series-on-deradicalization-introduction\/\"><u>tion-introduction\/<\/u><\/a><\/p>\n<p><a href=\"https:\/\/www.episcopalchurch.org\/eir\/deradicalization-and-resources-to-oppose-christian-nationalism\/\"><u>https:\/\/www.episcopalchurch.org\/eir\/deradicalization-and-resourc<\/u><\/a> <a href=\"https:\/\/www.episcopalchurch.org\/eir\/deradicalization-and-resources-to-oppose-christian-nationalism\/\"><u>es-oponer-nacionalismo-cristiano\/<\/u><\/a><\/p>\n<p><a href=\"https:\/\/www.christiansagainstchristiannationalism.org\/\"><u>https:\/\/www.christiansagainstchristiannationalism.org\/<\/u><\/a><\/p>\n<p><a href=\"https:\/\/episcopalnewsservice.org\/2022\/10\/27\/white-christian-nationalism-is-not-christianity-presiding-bishop-says-during-panel-discussion\/\"><u>https:\/\/episcopalnewsservice.org\/2022\/10\/27\/white-christian-nati<\/u><\/a> <a href=\"https:\/\/episcopalnewsservice.org\/2022\/10\/27\/white-christian-nationalism-is-not-christianity-presiding-bishop-says-during-panel-discussion\/\"><u>onalismo-no-es-cristianismo-dice-el-obispo-presidente-durante-un-panel-dis<\/u><\/a> <a href=\"https:\/\/episcopalnewsservice.org\/2022\/10\/27\/white-christian-nationalism-is-not-christianity-presiding-bishop-says-during-panel-discussion\/\"><u>cusi\u00f3n\/<\/u><\/a><\/p>\n<p><a href=\"https:\/\/www.thetableindy.org\/opposing-christian-nationalism\/\"><u>https:\/\/www.thetableindy.org\/opposing-christian-nationalism\/<\/u><\/a><\/p>\n<p><a href=\"https:\/\/www.godsview.org\/blog\/would-you-recognize-christian-nationalism-when-you-saw-it\/\"><u>https:\/\/www.godsview.org\/blog\/would-you-recognize-christian-na<\/u><\/a> <a href=\"https:\/\/www.godsview.org\/blog\/would-you-recognize-christian-nationalism-when-you-saw-it\/\"><u>tionalismo-cuando-lo-veas\/<\/u><\/a><\/p>\n<p><a href=\"https:\/\/act.faithfulamerica.org\/signup\/christian-nationalism-resources\/\"><u>https:\/\/act.faithfulamerica.org\/signup\/christian-nationalism-resou<\/u><\/a> <a href=\"https:\/\/act.faithfulamerica.org\/signup\/christian-nationalism-resources\/\"><u>rces\/<\/u><\/a><\/p>\n<p><strong>Partidarios:<\/strong><strong> <\/strong><\/p>\n<p>Carolyn S. Knapp, Iglesia Episcopal de<span style=\"font-size: 18px;\">San<\/span>Pablo, Oakland<br \/>Indira Balkissoon, Guardiana Mayor, Iglesia Episcopal de San Pablo, Oakland<br \/>Trudy Hsu, Iglesia Episcopal de San Pablo, Oakland &#8211;<span style=\"font-size: 18px;\">Miembro del Comit\u00e9 de Justicia Social<\/span><br \/><span style=\"font-size: 18px;\">Scott Buckingham, Iglesia<\/span>Episcopal<span style=\"font-size: 18px;\">de San Pablo, Oakland &#8211; Miembro del Comit\u00e9 de Justicia Social<br \/><\/span>Matthew Schooler, Copresidente, Iglesia Episcopal de San Pablo, Oakland &#8211; Comit\u00e9 de Justicia Social  <\/p>\n<p><strong>\u00a1M\u00e1s apoyos en breve!<\/strong><\/p>\n<p>&nbsp;<\/p>\n<p>&nbsp;<\/p>\n<blockquote><\/blockquote>\n<p>[\/et_pb_text][\/et_pb_column][\/et_pb_row][\/et_pb_section][et_pb_section fb_built=\u00bb1&#8243; admin_label=\u00bbComments\u00bb _builder_version=\u00bb4.16&#8243; global_colors_info=\u00bb{}\u00bb][et_pb_row _builder_version=\u00bb4.16&#8243; use_custom_width=\u00bbon\u00bb custom_width_px=\u00bb1280px\u00bb global_colors_info=\u00bb{}\u00bb][et_pb_column type=\u00bb4_4&#8243; _builder_version=\u00bb4.16&#8243; custom_padding=\u00bb|||\u00bb global_colors_info=\u00bb{}\u00bb custom_padding__hover=\u00bb|||\u00bb][et_pb_comments show_avatar=\u00bboff\u00bb show_count=\u00bboff\u00bb _builder_version=\u00bb4.17.6&#8243; form_field_background_color=\u00bbRGBA(0,0,0,0)\u00bb form_field_text_color=\u00bb#161616&#8243; header_level=\u00bbh4&#8243; header_font=\u00bbWork Sans|700|||||||\u00bb header_font_size=\u00bb18px\u00bb header_line_height=\u00bb1.4em\u00bb title_font=\u00bbVidaloka||||||||\u00bb form_field_font_size=\u00bb16px\u00bb form_field_line_height=\u00bb1.8em\u00bb custom_button=\u00bbon\u00bb button_text_size=\u00bb16px\u00bb button_text_color=\u00bb#161616&#8243; button_bg_color=\u00bb#e3e1dd\u00bb button_border_width=\u00bb0px\u00bb button_border_radius=\u00bb0px\u00bb button_font=\u00bbVidaloka||||||||\u00bb button_custom_padding=\u00bb10px|24px|10px|24px|true|true\u00bb button_text_size_tablet=\u00bb17px\u00bb button_text_size_phone=\u00bb16px\u00bb button_text_size_last_edited=\u00bbon|desktop\u00bb border_radii_fields=\u00bbon|0px|0px|0px|0px\u00bb border_width_all_fields=\u00bb1px\u00bb border_color_all_fields=\u00bb#E3E1DD\u00bb form_background_color=\u00bbrgba(26,10,56,0.03)\u00bb global_colors_info=\u00bb{%22gcid-70e8f1e6-78eb-4f52-a811-0c9b614afdc2%22:%91%93}\u00bb button_bg_color__hover_enabled=\u00bboff|hover\u00bb][\/et_pb_comments][\/et_pb_column][\/et_pb_row][\/et_pb_section][et_pb_section fb_built=\u00bb1&#8243; _builder_version=\u00bb4.20.0&#8243; _module_preset=\u00bbdefault\u00bb background_color=\u00bb#407EC9&#8243; custom_padding=\u00bb52px||0px||false|false\u00bb global_colors_info=\u00bb{}\u00bb][et_pb_row column_structure=\u00bb1_4,1_4,1_4,1_4&#8243; _builder_version=\u00bb4.20.0&#8243; _module_preset=\u00bbdefault\u00bb custom_margin=\u00bb0px||||false|false\u00bb custom_padding=\u00bb0px||||false|false\u00bb global_colors_info=\u00bb{}\u00bb][et_pb_column type=\u00bb1_4&#8243; _builder_version=\u00bb4.20.0&#8243; _module_preset=\u00bbdefault\u00bb global_colors_info=\u00bb{}\u00bb][et_pb_text _builder_version=\u00bb4.16&#8243; _module_preset=\u00bb02f5c320-775b-4d11-8071-fc88eaf60662&#8243; text_text_color=\u00bb#ffffff\u00bb link_text_color=\u00bb#5BC2E7&#8243; header_3_text_color=\u00bb#ffffff\u00bb global_colors_info=\u00bb{}\u00bb]<\/p>\n<h3><strong>MANTENTE CONECTADO<\/strong><\/h3>\n<p>Di\u00f3cesis Episcopal de California<br \/><span>1055 Taylor Street<\/span><br \/><span>San Francisco, CA 94108<\/span><br \/><strong>(415) 673-5015<\/strong><\/p>\n<p>[\/et_pb_text][et_pb_social_media_follow _builder_version=\u00bb4.16&#8243; _module_preset=\u00bbdefault\u00bb global_colors_info=\u00bb{}\u00bb][et_pb_social_media_follow_network social_network=\u00bbfacebook\u00bb url=\u00bbhttps:\/\/www.facebook.com\/DioCalifornia\u00bb _builder_version=\u00bb4.16&#8243; _module_preset=\u00bbdefault\u00bb background_color=\u00bb#3b5998&#8243; global_colors_info=\u00bb{}\u00bb follow_button=\u00bboff\u00bb url_new_window=\u00bbon\u00bb]facebook[\/et_pb_social_media_follow_network][et_pb_social_media_follow_network social_network=\u00bbtwitter\u00bb url=\u00bbhttps:\/\/twitter.com\/DioCal\u00bb _builder_version=\u00bb4.22.2&#8243; _module_preset=\u00bbdefault\u00bb background_color=\u00bb#000000&#8243; global_colors_info=\u00bb{}\u00bb follow_button=\u00bboff\u00bb url_new_window=\u00bbon\u00bb]twitter[\/et_pb_social_media_follow_network][et_pb_social_media_follow_network social_network=\u00bbinstagram\u00bb url=\u00bbhttps:\/\/www.instagram.com\/diocalifornia\/\u00bb _builder_version=\u00bb4.16&#8243; _module_preset=\u00bbdefault\u00bb background_color=\u00bb#ea2c59&#8243; global_colors_info=\u00bb{}\u00bb follow_button=\u00bboff\u00bb url_new_window=\u00bbon\u00bb]instagram[\/et_pb_social_media_follow_network][\/et_pb_social_media_follow][\/et_pb_column][et_pb_column type=\u00bb1_4&#8243; _builder_version=\u00bb4.16&#8243; _module_preset=\u00bbdefault\u00bb global_colors_info=\u00bb{}\u00bb][et_pb_text _builder_version=\u00bb4.16&#8243; _module_preset=\u00bb02f5c320-775b-4d11-8071-fc88eaf60662&#8243; text_text_color=\u00bb#ffffff\u00bb link_font=\u00bb|||||||#407EC9|\u00bb link_text_color=\u00bb#ffffff\u00bb ul_text_color=\u00bb#ffffff\u00bb header_3_text_color=\u00bb#ffffff\u00bb global_colors_info=\u00bb{}\u00bb]<\/p>\n<h3><strong>SUSCRIPCI\u00d3N AL BOLET\u00cdN<\/strong><\/h3>\n<ul>\n<li><a href=\"https:\/\/www.diocal.org\/past-diocesan-newsletters\/\" title=\"Bolet\u00edn Diocesano\">Bolet\u00edn Diocesano<\/a><\/li>\n<li><a href=\"https:\/\/www.diocal.org\/connect-with-the-diocese\/\" title=\"Bolet\u00edn de Formaci\u00f3n en la Fe\">Bolet\u00edn de Formaci\u00f3n en la Fe<\/a><\/li>\n<li><a href=\"http:\/\/www.episcopalimpact.org\/join-our-mailing-list\" title=\"Bolet\u00edn del Fondo Episcopal de Impacto\" target=\"_blank\" rel=\"noopener\">Bolet\u00edn del Fondo Episcopal de Impacto<\/a><\/li>\n<\/ul>\n<p>[\/et_pb_text][\/et_pb_column][et_pb_column type=\u00bb1_4&#8243; _builder_version=\u00bb4.16&#8243; _module_preset=\u00bbdefault\u00bb global_colors_info=\u00bb{}\u00bb][et_pb_text _builder_version=\u00bb4.16&#8243; _module_preset=\u00bb02f5c320-775b-4d11-8071-fc88eaf60662&#8243; text_text_color=\u00bb#ffffff\u00bb link_font=\u00bb|||||||#407EC9|\u00bb link_text_color=\u00bb#ffffff\u00bb ul_text_color=\u00bb#ffffff\u00bb header_3_text_color=\u00bb#ffffff\u00bb global_colors_info=\u00bb{}\u00bb]<\/p>\n<h3><strong>QUICKLINKS<\/strong><\/h3>\n<ul class=\"menu\">\n<li><a href=\"https:\/\/www.diocal.org\/calendars\/category\/bishops-calendar\/\">Calendario del Obispo<\/a><\/li>\n<li class=\"first leaf\"><a href=\"https:\/\/www.diocal.org\/\">DioCal Inicio<\/a><\/li>\n<li class=\"first leaf\"><a href=\"https:\/\/www.diocal.org\/congregations\/\">Directorio de Congregaciones<\/a><\/li>\n<li class=\"leaf\"><a href=\"https:\/\/www.diocal.org\/confirmation\">Confirmaci\u00f3n<\/a><\/li>\n<li class=\"leaf\"><a href=\"https:\/\/www.diocalconvention.org\/es\/\">Convenci\u00f3n<\/a><\/li>\n<li class=\"leaf\"><a href=\"https:\/\/www.diocal.org\/events\/\">Calendario Diocesano<\/a><\/li>\n<\/ul>\n<ul><\/ul>\n<ul class=\"menu\"><\/ul>\n<p>[\/et_pb_text][\/et_pb_column][et_pb_column type=\u00bb1_4&#8243; _builder_version=\u00bb4.16&#8243; _module_preset=\u00bbdefault\u00bb global_colors_info=\u00bb{}\u00bb][et_pb_text _builder_version=\u00bb4.16&#8243; _module_preset=\u00bb02f5c320-775b-4d11-8071-fc88eaf60662&#8243; text_text_color=\u00bb#ffffff\u00bb link_font=\u00bb|||||||#407EC9|\u00bb link_text_color=\u00bb#ffffff\u00bb ul_text_color=\u00bb#ffffff\u00bb header_3_text_color=\u00bb#ffffff\u00bb global_colors_info=\u00bb{}\u00bb]<\/p>\n<ul class=\"menu\">\n<li><a href=\"https:\/\/www.episcopalimpact.org\/donate-now\" target=\"_blank\" rel=\"noopener\">Fondo Episcopal de Impacto<\/a><\/li>\n<li class=\"leaf\"><a href=\"https:\/\/www.diocal.org\/finance-and-administration\/\">Administraci\u00f3n Financiera<\/a><\/li>\n<li class=\"leaf\"><a href=\"https:\/\/www.diocal.org\/healing-racism-resources\/\">Recursos para sanar el racismo<\/a><\/li>\n<li class=\"leaf\"><a href=\"https:\/\/www.diocal.org\/job-opportunities\/\" title=\"recursos\/oportunidades de empleo\">Oportunidades de empleo<\/a><\/li>\n<li class=\"leaf\"><a href=\"https:\/\/www.diocal.org\/resource\/finance-and-operations\/\">N\u00f3minas y prestaciones<\/a><\/li>\n<li class=\"leaf\"><a href=\"https:\/\/www.diocal.org\/directory\/\" title=\"Miembros del personal de la Casa Diocesana\">Directorio de personal<\/a><\/li>\n<li class=\"leaf\"><a href=\"https:\/\/www.diocal.org\/whole-and-healthy-church\/\">Iglesia \u00edntegra y sana<\/a><\/li>\n<\/ul>\n<ul><\/ul>\n<ul class=\"menu\"><\/ul>\n<p>[\/et_pb_text][\/et_pb_column][\/et_pb_row][et_pb_row _builder_version=\u00bb4.16&#8243; _module_preset=\u00bbdefault\u00bb global_colors_info=\u00bb{}\u00bb][et_pb_column type=\u00bb4_4&#8243; _builder_version=\u00bb4.16&#8243; _module_preset=\u00bbdefault\u00bb global_colors_info=\u00bb{}\u00bb][et_pb_text _builder_version=\u00bb4.20.0&#8243; _module_preset=\u00bb02f5c320-775b-4d11-8071-fc88eaf60662&#8243; text_text_color=\u00bb#ffffff\u00bb link_font=\u00bb|||||||#407EC9|\u00bb link_text_color=\u00bb#ffffff\u00bb global_colors_info=\u00bb{}\u00bb]<\/p>\n<p style=\"text-align: center\"><a href=\"https:\/\/www.diocal.org\/privacy-policy\/\">Pol\u00edtica de privacidad<\/a> | <a href=\"https:\/\/www.diocalconvention.org\/wp-sitemap.xml\">Mapa del sitio<\/a><br \/><span>501(c)(3) organizaci\u00f3n exenta de impuestos | \u00a9 2021 La Di\u00f3cesis Episcopal de California.<br \/>\nTodos los derechos reservados.   <\/span><\/p>\n<p>[\/et_pb_text][\/et_pb_column][\/et_pb_row][\/et_pb_section]<\/p>\n","protected":false},"excerpt":{"rendered":"<p>Resoluci\u00f3n n\u00ba 1: Hacer frente al nacionalismo cristiano\u00daltima actualizaci\u00f3n: 15 de agosto de 2024Estatus La Comisi\u00f3n de Resoluciones est\u00e1 revisando esta resoluci\u00f3n en conversaci\u00f3n con los proponentes.Resuelve que la Di\u00f3cesis [&hellip;]<\/p>\n","protected":false},"author":5,"featured_media":0,"parent":3374,"menu_order":0,"comment_status":"open","ping_status":"closed","template":"","meta":{"_et_pb_use_builder":"on","_et_pb_old_content":"","_et_gb_content_width":"","footnotes":""},"class_list":["post-3605","page","type-page","status-publish","hentry"],"featured_image_src":null,"featured_image_src_square":null,"jetpack_sharing_enabled":true,"_links":{"self":[{"href":"https:\/\/www.diocalconvention.org\/es\/wp-json\/wp\/v2\/pages\/3605","targetHints":{"allow":["GET"]}}],"collection":[{"href":"https:\/\/www.diocalconvention.org\/es\/wp-json\/wp\/v2\/pages"}],"about":[{"href":"https:\/\/www.diocalconvention.org\/es\/wp-json\/wp\/v2\/types\/page"}],"author":[{"embeddable":true,"href":"https:\/\/www.diocalconvention.org\/es\/wp-json\/wp\/v2\/users\/5"}],"replies":[{"embeddable":true,"href":"https:\/\/www.diocalconvention.org\/es\/wp-json\/wp\/v2\/comments?post=3605"}],"version-history":[{"count":4,"href":"https:\/\/www.diocalconvention.org\/es\/wp-json\/wp\/v2\/pages\/3605\/revisions"}],"predecessor-version":[{"id":3638,"href":"https:\/\/www.diocalconvention.org\/es\/wp-json\/wp\/v2\/pages\/3605\/revisions\/3638"}],"up":[{"embeddable":true,"href":"https:\/\/www.diocalconvention.org\/es\/wp-json\/wp\/v2\/pages\/3374"}],"wp:attachment":[{"href":"https:\/\/www.diocalconvention.org\/es\/wp-json\/wp\/v2\/media?parent=3605"}],"curies":[{"name":"wp","href":"https:\/\/api.w.org\/{rel}","templated":true}]}}