{"id":3639,"date":"2024-08-20T08:24:53","date_gmt":"2024-08-20T15:24:53","guid":{"rendered":"https:\/\/www.diocalconvention.org\/2024-a-changing-clergy-quorum-election-bishop\/"},"modified":"2024-08-29T14:47:12","modified_gmt":"2024-08-29T21:47:12","slug":"2024-a-changing-clergy-quorum-election-bishop","status":"publish","type":"page","link":"https:\/\/www.diocalconvention.org\/es\/home\/2024-a-changing-clergy-quorum-election-bishop\/","title":{"rendered":"2024 A: Art\u00edculo XII Modificaci\u00f3n del qu\u00f3rum del clero para la elecci\u00f3n de un obispo"},"content":{"rendered":"<p>[et_pb_section fb_built=\u00bb1&#8243; admin_label=\u00bbHeader\u00bb _builder_version=\u00bb4.16&#8243; custom_width_px__hover=\u00bb1080px\u00bb custom_width_px__hover_enabled=\u00bb1080px\u00bb custom_width_percent__hover=\u00bb80%\u00bb custom_width_percent__hover_enabled=\u00bb80%\u00bb global_colors_info=\u00bb{}\u00bb make_fullwidth__hover=\u00bboff\u00bb make_fullwidth__hover_enabled=\u00bboff\u00bb use_custom_width__hover=\u00bboff\u00bb use_custom_width__hover_enabled=\u00bboff\u00bb width_unit__hover=\u00bbon\u00bb width_unit__hover_enabled=\u00bbon\u00bb][et_pb_row _builder_version=\u00bb4.16&#8243; use_custom_width=\u00bbon\u00bb custom_width_px=\u00bb1280px\u00bb custom_width_px__hover=\u00bb1080px\u00bb custom_width_px__hover_enabled=\u00bb1080px\u00bb custom_width_percent__hover=\u00bb80%\u00bb custom_width_percent__hover_enabled=\u00bb80%\u00bb global_colors_info=\u00bb{}\u00bb make_fullwidth__hover=\u00bboff\u00bb make_fullwidth__hover_enabled=\u00bboff\u00bb use_custom_width__hover=\u00bboff\u00bb use_custom_width__hover_enabled=\u00bboff\u00bb width_unit__hover=\u00bbon\u00bb width_unit__hover_enabled=\u00bbon\u00bb][et_pb_column type=\u00bb4_4&#8243; _builder_version=\u00bb4.16&#8243; global_colors_info=\u00bb{}\u00bb padding_tablet=\u00bb30px||10px\u00bb padding_last_edited=\u00bbon|tablet\u00bb padding_phone=\u00bb30px||10px\u00bb][et_pb_text _builder_version=\u00bb4.17.6&#8243; _module_preset=\u00bbdefault\u00bb header_font=\u00bbVidaloka||||||||\u00bb header_text_align=\u00bbcenter\u00bb header_font_size=\u00bb60px\u00bb header_line_height=\u00bb1.15em\u00bb global_colors_info=\u00bb{}\u00bb]<\/p>\n<h1 class=\"font_3\">Resoluci\u00f3n A:<br \/>Art\u00edculo XII: Modificaci\u00f3n del qu\u00f3rum del clero<br \/>para la elecci\u00f3n de un obispo<\/h1>\n<p>&nbsp;<\/p>\n<p>[\/et_pb_text][\/et_pb_column][\/et_pb_row][\/et_pb_section][et_pb_section fb_built=\u00bb1&#8243; admin_label=\u00bbContent\u00bb module_id=\u00bbcontenido\u00bb _builder_version=\u00bb4.16&#8243; min_height=\u00bb1722px\u00bb custom_padding=\u00bb||13px|||\u00bb custom_width_px__hover=\u00bb1080px\u00bb custom_width_px__hover_enabled=\u00bb1080px\u00bb custom_width_percent__hover=\u00bb80%\u00bb custom_width_percent__hover_enabled=\u00bb80%\u00bb global_colors_info=\u00bb{}\u00bb make_fullwidth__hover=\u00bboff\u00bb make_fullwidth__hover_enabled=\u00bboff\u00bb use_custom_width__hover=\u00bboff\u00bb use_custom_width__hover_enabled=\u00bboff\u00bb width_unit__hover=\u00bbon\u00bb width_unit__hover_enabled=\u00bbon\u00bb][et_pb_row _builder_version=\u00bb4.17.6&#8243; _module_preset=\u00bbdefault\u00bb global_colors_info=\u00bb{}\u00bb][et_pb_column type=\u00bb4_4&#8243; _builder_version=\u00bb4.17.6&#8243; _module_preset=\u00bbdefault\u00bb global_colors_info=\u00bb{}\u00bb][et_pb_text _builder_version=\u00bb4.23&#8243; _module_preset=\u00bbdefault\u00bb text_font_size=\u00bb18px\u00bb text_line_height=\u00bb1.8em\u00bb header_4_font_size=\u00bb20px\u00bb custom_padding=\u00bb||1px|||\u00bb text_font_size_tablet=\u00bb18px\u00bb text_font_size_phone=\u00bb13px\u00bb text_font_size_last_edited=\u00bbon|phone\u00bb global_colors_info=\u00bb{}\u00bb]<\/p>\n<p class=\"font_8\">Secretario de la Convenci\u00f3n<\/p>\n<p class=\"font_8\"><strong>\u00daltima actualizaci\u00f3n: 20 de agosto de 2024<\/strong><\/p>\n<p>[\/et_pb_text][\/et_pb_column][\/et_pb_row][et_pb_row _builder_version=\u00bb4.16&#8243; width=\u00bb79.3%\u00bb custom_padding=\u00bb||27px|||\u00bb use_custom_width=\u00bbon\u00bb custom_width_px=\u00bb1280px\u00bb custom_width_px__hover=\u00bb1080px\u00bb custom_width_px__hover_enabled=\u00bb1080px\u00bb custom_width_percent__hover=\u00bb80%\u00bb custom_width_percent__hover_enabled=\u00bb80%\u00bb global_colors_info=\u00bb{}\u00bb use_custom_width__hover=\u00bboff\u00bb use_custom_width__hover_enabled=\u00bboff\u00bb width_unit__hover=\u00bbon\u00bb width_unit__hover_enabled=\u00bbon\u00bb make_fullwidth__hover=\u00bboff\u00bb make_fullwidth__hover_enabled=\u00bboff\u00bb][et_pb_column type=\u00bb4_4&#8243; _builder_version=\u00bb4.16&#8243; custom_padding=\u00bb|||\u00bb global_colors_info=\u00bb{}\u00bb custom_padding__hover=\u00bb|||\u00bb][et_pb_text _builder_version=\u00bb4.21.0&#8243; _module_preset=\u00bb7262e956-c376-4aa6-9642-c413f71527d0&#8243; text_font_size=\u00bb18px\u00bb text_line_height=\u00bb1.8em\u00bb header_4_font_size=\u00bb20px\u00bb text_font_size_tablet=\u00bb\u00bb text_font_size_phone=\u00bb13px\u00bb text_font_size_last_edited=\u00bbon|phone\u00bb header_font_size_tablet=\u00bb55px\u00bb header_font_size_last_edited=\u00bboff|desktop\u00bb global_colors_info=\u00bb{}\u00bb]<\/p>\n<h4 class=\"font_8\"><em style=\"font-size: 20px;\"><strong>Estatus<\/strong><\/em><\/h4>\n<p class=\"font_8\"><strong><em>Esta resoluci\u00f3n est\u00e1 siendo revisada por la Comisi\u00f3n de C\u00e1nones<\/em><\/strong><\/p>\n<p class=\"font_8\"><strong><em>Resuelto<\/em>, <\/strong>que el Art\u00edculo XII de la Constituci\u00f3n se modifique como sigue:<\/p>\n<p>(eliminar <span style=\"text-decoration: line-through;\">el texto tachado<\/span>, a\u00f1adir <em><strong>texto negrita cursiva<\/strong><\/em>)<\/p>\n<p><strong><u>Art\u00edculo XII.<br \/>\nLa Elecci\u00f3n de los Obispos. <\/u><\/strong><\/p>\n<p><strong>Art. 12.3.<\/strong> <span style=\"text-decoration: line-through;\">Constituir\u00e1n qu\u00f3rum la mayor\u00eda de todos los Cl\u00e9rigos con derecho a voto, y no menos de dos tercios de todas las parroquias y misiones (incluida la congregaci\u00f3n de la Catedral) representadas por al menos un delegado.<br \/>\nSi tal representaci\u00f3n del orden clerical y de las congregaciones anteriores no est\u00e1 presente en ninguna votaci\u00f3n, y si se pide qu\u00f3rum, entonces se anunciar\u00e1 que no existe qu\u00f3rum, y se suspender\u00e1 la Convenci\u00f3n hasta que tal qu\u00f3rum est\u00e9 presente.   <\/span><strong><em>El qu\u00f3rum est\u00e1 formado por cl\u00e9rigos afiliados al menos a dos tercios de todas las congregaciones con derecho a representaci\u00f3n y por delegados laicos que representen al menos a dos tercios de todas las congregaciones con derecho a representaci\u00f3n.<\/em><\/strong><\/p>\n<p><strong>Art. 12.4.  <\/strong>La votaci\u00f3n se realizar\u00e1 mediante papeleta.  <span style=\"text-decoration: line-through;\">Las \u00f3rdenes clerical y laica votar\u00e1n por separado, y la mayor\u00eda de votos concurrentes de cada orden presente constituir\u00e1 la elecci\u00f3n.  <\/span><strong><em>Los votos del clero y de los laicos se contar\u00e1n por separado, y se requerir\u00e1n mayor\u00edas concurrentes en ambos \u00f3rdenes para la elecci\u00f3n.<\/em><\/strong><\/p>\n<p><strong><em>Explicaci\u00f3n:<\/em><\/strong><\/p>\n<p>Esta propuesta de enmienda a la Constituci\u00f3n:<\/p>\n<ol>\n<li style=\"list-style-type: none;\">\n<ol>\n<li>Responde al reto de alcanzar el qu\u00f3rum del clero en la convenci\u00f3n especial para elegir un obispo en diciembre de 2023 y, a petici\u00f3n del Comit\u00e9 Permanente con el acuerdo del obispo R\u00edos, suaviza el qu\u00f3rum del clero para la elecci\u00f3n de un obispo de una mayor\u00eda de todos los cl\u00e9rigos con derecho a voto a cl\u00e9rigos que representen al menos a 2\/3 de las congregaciones con derecho a representaci\u00f3n, paralelamente al qu\u00f3rum para los delegados laicos.  <em>Ver m\u00e1s antecedentes a continuaci\u00f3n.<\/em><em><\/em><\/li>\n<li>Elimina el t\u00e9rmino \u00abpresente\u00bb del art. 12.4, que complica los procedimientos de votaci\u00f3n, no ha influido en los resultados de ninguna votaci\u00f3n en ninguna de las dos \u00faltimas elecciones y no se ajusta a la pr\u00e1ctica parlamentaria habitual.<br \/>\nSeguir\u00eda siendo necesaria una mayor\u00eda concurrente, pero se basar\u00eda en los votantes de cada votaci\u00f3n, no en el total de los presentes, como en todas las dem\u00e1s elecciones realizadas por la Convenci\u00f3n y los procedimientos de votaci\u00f3n est\u00e1ndar seg\u00fan <em>las Reglas de Orden de Robert<\/em>.   <\/li>\n<li>Aclara el lenguaje que requiere una votaci\u00f3n por \u00f3rdenes.<\/li>\n<li>Elimina el lenguaje potencialmente limitador respecto al qu\u00f3rum, permitiendo a la Convenci\u00f3n la discreci\u00f3n de seguir los procedimientos parlamentarios seg\u00fan <em>las Reglas de Robert<\/em>.<br \/>\nEl lenguaje constitucional actual sobre el receso podr\u00eda interpretarse de forma restrictiva para limitar a una convenci\u00f3n electa de otras opciones de procedimiento para responder a la falta de qu\u00f3rum, que incluyen el aplazamiento a una hora fija, el aplazamiento total, el receso, otras medidas para alcanzar el qu\u00f3rum y mociones subsidiarias<em>(RONR (12 ed.) 40:7<\/em>). <\/li>\n<\/ol>\n<\/li>\n<\/ol>\n<p><span style=\"font-size: 18px;\">Si esta enmienda es aprobada por la 175\u00aa Convenci\u00f3n Diocesana por mayor\u00eda concurrente en ambos \u00f3rdenes, se presentar\u00e1 de nuevo a la 176\u00aa Convenci\u00f3n en 2025 para una segunda lectura y votaci\u00f3n para que entre en vigor.<\/span><em><\/em><\/p>\n<p><em>M\u00e1s informaci\u00f3n sobre el cambio del qu\u00f3rum del clero en una convenci\u00f3n para elegir a un obispo, adaptada de un informe del Secretario de la Convenci\u00f3n al Comit\u00e9 Permanente el 27 de enero de 2024:<\/em><\/p>\n<p dir=\"ltr\"><span style=\"text-decoration: underline;\"><span class=\"il\">Qu\u00f3rum<\/span> del Clero en las Convenciones Especiales de 2006 y 2023 para Elegir Obispo<\/span><\/p>\n<p dir=\"ltr\"><span>Fue sorprendentemente m\u00e1s dif\u00edcil en 2023 que en 2006 conseguir el <span class=\"il\">qu\u00f3rum<\/span> (una mayor\u00eda simple de cl\u00e9rigos con derecho a voto presentes) antes de las elecciones:<\/span><\/p>\n<p dir=\"ltr\"><span> <\/span><span style=\"font-size: 18px; text-decoration-line: underline;\">A\u00f1o<\/span><span style=\"font-size: 18px; text-decoration-line: underline;\">    <\/span><span style=\"font-size: 18px; text-decoration-line: underline;\">Clero con derecho a voto<\/span><span style=\"font-size: 18px; text-decoration-line: underline;\">     <\/span><span style=\"font-size: 18px; text-decoration-line: underline;\">Qu\u00f3rum requerido<\/span><span style=\"font-size: 18px; text-decoration-line: underline;\"> <\/span><span style=\"font-size: 18px; text-decoration-line: underline;\"> # \/ % del Clero Elegible Presente<\/span><\/p>\n<p dir=\"ltr\"><span>2006<\/span><span>             <\/span><span><\/span><span>390<\/span><span>                                       <\/span><span><\/span><span><\/span><span>196<\/span><span>                                     <\/span><span>258 \/ 66%<\/span><span><br \/><\/span><span>2023<\/span><span> <\/span><span>  306<\/span><span>                                       <\/span><span><\/span><span><\/span><span>154<\/span><span> <\/span><span>  160 \/ 52%<\/span><\/p>\n<p dir=\"ltr\"><span style=\"font-size: 18px;\">Detalles adicionales del clero presente en las Elecciones de 2023:<br \/><\/span><span style=\"font-size: 18px;\">El n\u00famero de congregaciones con representaci\u00f3n del clero fue de 57 de 72, es decir, el 79%.<br \/><\/span><span>S\u00f3lo 27 cl\u00e9rigos (el 17% del total presente) no ten\u00edan afiliaci\u00f3n congregacional.<\/span><\/p>\n<p dir=\"ltr\"><span> <\/span><span style=\"text-decoration: underline;\"><span style=\"font-size: 18px;\">Un principio parlamentario<\/span><\/span><\/p>\n<p dir=\"ltr\"><em>Las Reglas de Orden de Robert, reci\u00e9n revisadas (12\u00aa edici\u00f3n)<\/em><span> se\u00f1ala que <span class=\"il\">el qu\u00f3rum<\/span> puede variar mucho de una organizaci\u00f3n a otra, especialmente en las \u00absociedades voluntarias\u00bb (por ejemplo, un \u00f3rgano eclesi\u00e1stico) y proporciona este \u00fatil principio general: \u00abEl <span class=\"il\">qu\u00f3rum<\/span> debe ser un n\u00famero de miembros tan grande como sea razonable esperar que est\u00e9 presente en cualquier reuni\u00f3n, excepto en caso de muy mal tiempo u otras condiciones excepcionalmente desfavorables.\u00bb (40:5) <\/span> <\/p>\n<p dir=\"ltr\"><span style=\"text-decoration: underline;\"><span style=\"font-size: 18px;\"> Requisitos de<\/span><span class=\"il\" style=\"font-size: 18px;\">qu\u00f3rum<\/span><span style=\"font-size: 18px;\"> para las elecciones episcopales en la Iglesia ampliada<\/span><\/span><\/p>\n<p dir=\"ltr\"><span>Es cierto que el <span class=\"il\">qu\u00f3rum<\/span> para una elecci\u00f3n episcopal var\u00eda mucho en la Iglesia Episcopal, e incluso dentro de la Provincia VIII.<br \/>\nCon la ayuda de la Rvda. Dra. Pamela Stevens y el Sr. Don Miller, el Secretario recopil\u00f3 <a href=\"https:\/\/docs.google.com\/spreadsheets\/d\/1NNCR_iaLgDnrymNxJfKwF9aG8jrxfpOs\/edit?usp=drive_link&amp;ouid=106024530749141188718&amp;rtpof=true&amp;sd=true\">una tabla de <span class=\"il\">qu\u00f3rum<\/span><\/a><a href=\"https:\/\/docs.google.com\/spreadsheets\/d\/1NNCR_iaLgDnrymNxJfKwF9aG8jrxfpOs\/edit?usp=drive_link&amp;ouid=106024530749141188718&amp;rtpof=true&amp;sd=true\">(https:\/\/docs.google.com\/spreadsheets\/d\/1NNCR_iaLgDnrymNxJfKwF9aG8jrxfpOs\/edit?usp=drive_link&amp;ouid=106024530749141188718&amp;rtpof=true&amp;sd=true)<\/a> tanto para las convenciones anuales como para las convenciones especiales para elegir obispo de 15 di\u00f3cesis de la Provincia VIII.<br \/>\nLa gama de requisitos de <span class=\"il\">qu\u00f3rum<\/span> de las convenciones es sorprendente, desde tan s\u00f3lo 1\/4 hasta 2\/3.    <\/span><\/p>\n<p dir=\"ltr\"><span style=\"font-size: 18px;\">En seis (6) casos, el <\/span><span class=\"il\" style=\"font-size: 18px;\">qu\u00f3rum<\/span><span style=\"font-size: 18px;\">  Los requisitos para las convenciones anuales y especiales son los mismos.<br \/>\nEn la mayor\u00eda de las Di\u00f3cesis de la Provincia, incluida la Di\u00f3cesis de California, el umbral   <\/span><span class=\"il\" style=\"font-size: 18px;\">qu\u00f3rum<\/span><span style=\"font-size: 18px;\">  Los requisitos para que la convenci\u00f3n especial elija a un obispo son mayores que los de una convenci\u00f3n anual.<br \/>\nEste umbral para las elecciones episcopales requiere normalmente una mayor\u00eda o una supermayor\u00eda de 2\/3 en ambos \u00f3rdenes &#8212; la \u00fanica excepci\u00f3n notable a esto es la Di\u00f3cesis de Hawai, que sostiene una   <\/span><span class=\"il\" style=\"font-size: 18px;\">qu\u00f3rum<\/span><span style=\"font-size: 18px;\"> de 1\/3 del clero con derecho a voto de los requisitos de su convenci\u00f3n anual.<\/span><span style=\"font-size: 18px;\"> <\/span><\/p>\n<p dir=\"ltr\"><span>Tambi\u00e9n son dignos de menci\u00f3n los requisitos adicionales de <span class=\"il\">qu\u00f3rum<\/span> que van m\u00e1s all\u00e1 de las normas num\u00e9ricas b\u00e1sicas e incluyen m\u00ednimos representativos de las congregaciones en uni\u00f3n con la Convenci\u00f3n.<br \/>\nEn la mayor\u00eda de los casos, se trata de una votaci\u00f3n por mayor\u00eda simple en la que est\u00e1n representadas 2\/3 de las congregaciones de la di\u00f3cesis. <\/span><span style=\"font-size: 18px;\"> <\/span><\/p>\n<p dir=\"ltr\"><span>Tambi\u00e9n encontramos dos (2) casos de di\u00f3cesis que exigen que el clero no s\u00f3lo sea can\u00f3nicamente residente, sino que resida f\u00edsicamente en la di\u00f3cesis para poder votar.<br \/>\nTambi\u00e9n hay un pu\u00f1ado de requisitos inusuales para que el clero pueda votar. <\/span><\/p>\n<p dir=\"ltr\"><span style=\"text-decoration: underline;\">Una Propuesta para el <span class=\"il\">Qu\u00f3rum<\/span> del Clero en el Futuro<\/span><\/p>\n<p dir=\"ltr\"><span>Con esta amplia gama de posibles normas de <span class=\"il\">qu\u00f3rum<\/span> a considerar, nos queda la cuesti\u00f3n de c\u00f3mo elegir mejor una norma de <span class=\"il\">qu\u00f3rum<\/span> adecuadamente prol\u00e9ptica para la pr\u00f3xima convenci\u00f3n especial para elegir obispo en la Di\u00f3cesis de California.<br \/>\nEn conversaci\u00f3n con el Sr. Dave Frangquist, Secretario Em\u00e9rito de la Convenci\u00f3n, y el Can\u00f3nigo Christopher Hayes, Canciller, as\u00ed como con el <span class=\"il\">Comit\u00e9<\/span> de Despacho de <span class=\"il\">Asuntos<\/span> mientras inform\u00e1bamos de la convenci\u00f3n electiva del 2 de diciembre, el siguiente consenso parece ser la mejor recomendaci\u00f3n para seguir adelante: <\/span><span style=\"font-size: 18px;\"> <\/span><\/p>\n<ul>\n<li dir=\"ltr\" aria-level=\"1\">\n<p dir=\"ltr\" role=\"presentation\"><span>El elevado coste de la vida en la Di\u00f3cesis de California no muestra signos de remitir, y est\u00e1 haciendo cada vez m\u00e1s prohibitivo para el clero jubilado permanecer domiciliado en la Di\u00f3cesis.<br \/>\nEsto limita su participaci\u00f3n en una futura convenci\u00f3n electiva. <\/span><\/p>\n<\/li>\n<li dir=\"ltr\" aria-level=\"1\">\n<p dir=\"ltr\" role=\"presentation\"><span>Los datos demogr\u00e1ficos actuales de disminuci\u00f3n del n\u00famero de miembros de las iglesias, del n\u00famero de congregaciones en la Di\u00f3cesis y de puestos para el clero activo en el ministerio congregacional ejercen una mayor presi\u00f3n a la baja sobre el clero disponible para participar en la convenci\u00f3n.<\/span><\/p>\n<\/li>\n<li dir=\"ltr\" aria-level=\"1\">\n<p dir=\"ltr\" role=\"presentation\"><span>Actualmente hay una escasez de clero en general en la Iglesia Episcopal, que obedece a la compleja econom\u00eda de la disminuci\u00f3n del n\u00famero de miembros de la Iglesia.<\/span><\/p>\n<\/li>\n<li dir=\"ltr\" aria-level=\"1\">\n<p dir=\"ltr\" role=\"presentation\"><span>La cuesti\u00f3n de si el clero jubilado puede votar en una convenci\u00f3n electiva y, en caso afirmativo, qu\u00e9 clero jubilado puede votar, es pol\u00e9mica y probablemente poco \u00fatil para alcanzar una soluci\u00f3n viable.<\/span><\/p>\n<\/li>\n<li dir=\"ltr\" aria-level=\"1\">\n<p dir=\"ltr\" role=\"presentation\"><span>Tambi\u00e9n es potencialmente pol\u00e9mico limitar la elegibilidad de los cl\u00e9rigos a los que permanecen domiciliados en los l\u00edmites f\u00edsicos de la Di\u00f3cesis, dada la dificultad financiera de hacerlo y dada la realidad de que los cl\u00e9rigos siguen residiendo can\u00f3nicamente en la di\u00f3cesis en la que se jubilan, a perpetuidad.<\/span><\/p>\n<\/li>\n<\/ul>\n<p dir=\"ltr\"><span style=\"font-size: 18px;\">Teniendo en cuenta estos principios y preocupaciones, y dado nuestro escaso <\/span><span class=\"il\" style=\"font-size: 18px;\">qu\u00f3rum<\/span><span style=\"font-size: 18px;\"> (52%) en la Convenci\u00f3n electiva del 2 de diciembre de 2023, la recomendaci\u00f3n consensuada es proponer una enmienda al Art\u00edculo XII, Secci\u00f3n 12.3 de la Constituci\u00f3n para fijar el qu\u00f3rum del clero en <\/span><span class=\"il\" style=\"font-size: 18px;\">qu\u00f3rum del clero<\/span><span style=\"font-size: 18px;\"> que consista en un cl\u00e9rigo afiliado a cada una de al menos 2\/3 de las congregaciones diocesanas, paralelamente al qu\u00f3rum requerido <\/span><span class=\"il\" style=\"font-size: 18px;\">qu\u00f3rum requerido<\/span><span style=\"font-size: 18px;\">  para delegados laicos para una convenci\u00f3n electiva.<br \/>\nEsto tiene la virtud de la flexibilidad a lo largo del tiempo (a medida que cambia el n\u00famero de congregaciones) sin impedir la plena participaci\u00f3n del clero jubilado y no parroquial en virtud del Art\u00edculo VI. <\/span><\/p>\n<p dir=\"ltr\"><span style=\"font-size: 18px;\">Merece la pena se\u00f1alar que esta recomendaci\u00f3n es muy parecida o exactamente paralela al <\/span><span class=\"il\" style=\"font-size: 18px;\">qu\u00f3rum<\/span><span style=\"font-size: 18px;\"> en siete de nuestras di\u00f3cesis vecinas de la Provincia VIII, y ofrece una relativa elegancia, sencillez y facilidad de comprensi\u00f3n por parte de la Convenci\u00f3n durante sus deliberaciones.<\/span><\/p>\n<p dir=\"ltr\"><span style=\"font-size: 18px;\">El Secretario expresa su profundo agradecimiento al Sr. Don Miller y a la Rvda. Dra. Pamela Stevens por su amable ayuda en la investigaci\u00f3n de los <\/span><span style=\"font-size: 18px;\"> requisitos de <\/span><span class=\"il\" style=\"font-size: 18px;\">qu\u00f3rum<\/span><span style=\"font-size: 18px;\"> en otras di\u00f3cesis para contribuir a la elaboraci\u00f3n de este informe. <\/span>El Secretario agradece tambi\u00e9n al Sr. Dave Frangquist, Secretario Em\u00e9rito, y al Can\u00f3nigo Christopher Hayes, Canciller, su ayuda para perfeccionar esta enmienda.<span style=\"font-size: 18px;\"><\/span> <\/p>\n<p>[\/et_pb_text][\/et_pb_column][\/et_pb_row][et_pb_row _builder_version=\u00bb4.17.6&#8243; _module_preset=\u00bbdefault\u00bb custom_padding=\u00bb||27px|||\u00bb global_colors_info=\u00bb{}\u00bb][et_pb_column type=\u00bb4_4&#8243; _builder_version=\u00bb4.17.6&#8243; _module_preset=\u00bbdefault\u00bb global_colors_info=\u00bb{}\u00bb][et_pb_text _builder_version=\u00bb4.17.6&#8243; _module_preset=\u00bbdefault\u00bb text_font_size=\u00bb18px\u00bb text_line_height=\u00bb1.8em\u00bb header_4_font_size=\u00bb20px\u00bb text_font_size_tablet=\u00bb18px\u00bb text_font_size_phone=\u00bb13px\u00bb text_font_size_last_edited=\u00bbon|phone\u00bb global_colors_info=\u00bb{}\u00bb]<\/p>\n<p class=\"font_8\"><strong><em>Presentado por:<\/em><\/strong><\/p>\n<p class=\"font_8\">El Rev. Br. Richard Edward Helmer BSG, Secretario de la Convenci\u00f3n.<br \/>secretary@diocal.org<\/p>\n<p>[\/et_pb_text][et_pb_text _builder_version=\u00bb4.17.6&#8243; _module_preset=\u00bbdefault\u00bb text_font_size=\u00bb18px\u00bb text_line_height=\u00bb1.8em\u00bb header_4_font_size=\u00bb20px\u00bb text_font_size_tablet=\u00bb18px\u00bb text_font_size_phone=\u00bb13px\u00bb text_font_size_last_edited=\u00bbon|phone\u00bb global_colors_info=\u00bb{}\u00bb][\/et_pb_text][\/et_pb_column][\/et_pb_row][\/et_pb_section][et_pb_section fb_built=\u00bb1&#8243; admin_label=\u00bbComments\u00bb _builder_version=\u00bb4.16&#8243; global_colors_info=\u00bb{}\u00bb][et_pb_row _builder_version=\u00bb4.16&#8243; use_custom_width=\u00bbon\u00bb custom_width_px=\u00bb1280px\u00bb global_colors_info=\u00bb{}\u00bb][et_pb_column type=\u00bb4_4&#8243; _builder_version=\u00bb4.16&#8243; custom_padding=\u00bb|||\u00bb global_colors_info=\u00bb{}\u00bb custom_padding__hover=\u00bb|||\u00bb][et_pb_comments show_avatar=\u00bboff\u00bb show_count=\u00bboff\u00bb _builder_version=\u00bb4.16&#8243; form_field_background_color=\u00bbRGBA(0,0,0,0)\u00bb form_field_text_color=\u00bb#161616&#8243; header_level=\u00bbh4&#8243; header_font=\u00bbWork Sans|700|||||||\u00bb header_font_size=\u00bb18px\u00bb header_line_height=\u00bb1.4em\u00bb title_font=\u00bbVidaloka||||||||\u00bb form_field_font_size=\u00bb16px\u00bb form_field_line_height=\u00bb1.8em\u00bb custom_button=\u00bbon\u00bb button_text_size=\u00bb16px\u00bb button_text_color=\u00bb#161616&#8243; button_bg_color=\u00bb#e3e1dd\u00bb button_border_width=\u00bb0px\u00bb button_border_radius=\u00bb0px\u00bb button_font=\u00bbVidaloka||||||||\u00bb button_custom_padding=\u00bb10px|24px|10px|24px|true|true\u00bb button_text_size_tablet=\u00bb17px\u00bb button_text_size_phone=\u00bb16px\u00bb button_text_size_last_edited=\u00bbon|desktop\u00bb border_radii_fields=\u00bbon|0px|0px|0px|0px\u00bb border_width_all_fields=\u00bb1px\u00bb border_color_all_fields=\u00bb#E3E1DD\u00bb form_background_color=\u00bbrgba(26,10,56,0.03)\u00bb global_colors_info=\u00bb{%22gcid-70e8f1e6-78eb-4f52-a811-0c9b614afdc2%22:%91%93}\u00bb button_bg_color__hover_enabled=\u00bboff|hover\u00bb][\/et_pb_comments][\/et_pb_column][\/et_pb_row][\/et_pb_section]<\/p>\n","protected":false},"excerpt":{"rendered":"<p>Resoluci\u00f3n A:Art\u00edculo XII: Modificaci\u00f3n del qu\u00f3rum del cleropara la elecci\u00f3n de un obispo &nbsp;Secretario de la Convenci\u00f3n \u00daltima actualizaci\u00f3n: 20 de agosto de 2024Estatus Esta resoluci\u00f3n est\u00e1 siendo revisada por [&hellip;]<\/p>\n","protected":false},"author":5,"featured_media":0,"parent":920,"menu_order":0,"comment_status":"open","ping_status":"closed","template":"","meta":{"_et_pb_use_builder":"on","_et_pb_old_content":"","_et_gb_content_width":"","footnotes":""},"class_list":["post-3639","page","type-page","status-publish","hentry"],"featured_image_src":null,"featured_image_src_square":null,"jetpack_sharing_enabled":true,"_links":{"self":[{"href":"https:\/\/www.diocalconvention.org\/es\/wp-json\/wp\/v2\/pages\/3639","targetHints":{"allow":["GET"]}}],"collection":[{"href":"https:\/\/www.diocalconvention.org\/es\/wp-json\/wp\/v2\/pages"}],"about":[{"href":"https:\/\/www.diocalconvention.org\/es\/wp-json\/wp\/v2\/types\/page"}],"author":[{"embeddable":true,"href":"https:\/\/www.diocalconvention.org\/es\/wp-json\/wp\/v2\/users\/5"}],"replies":[{"embeddable":true,"href":"https:\/\/www.diocalconvention.org\/es\/wp-json\/wp\/v2\/comments?post=3639"}],"version-history":[{"count":3,"href":"https:\/\/www.diocalconvention.org\/es\/wp-json\/wp\/v2\/pages\/3639\/revisions"}],"predecessor-version":[{"id":3642,"href":"https:\/\/www.diocalconvention.org\/es\/wp-json\/wp\/v2\/pages\/3639\/revisions\/3642"}],"up":[{"embeddable":true,"href":"https:\/\/www.diocalconvention.org\/es\/wp-json\/wp\/v2\/pages\/920"}],"wp:attachment":[{"href":"https:\/\/www.diocalconvention.org\/es\/wp-json\/wp\/v2\/media?parent=3639"}],"curies":[{"name":"wp","href":"https:\/\/api.w.org\/{rel}","templated":true}]}}