{"id":3643,"date":"2024-08-20T09:08:39","date_gmt":"2024-08-20T16:08:39","guid":{"rendered":"https:\/\/www.diocalconvention.org\/2024-clarification-of-quorum-language\/"},"modified":"2024-08-29T14:48:06","modified_gmt":"2024-08-29T21:48:06","slug":"2024-clarification-of-quorum-language","status":"publish","type":"page","link":"https:\/\/www.diocalconvention.org\/es\/home\/2024-clarification-of-quorum-language\/","title":{"rendered":"2024 B: Aclaraci\u00f3n del lenguaje sobre el qu\u00f3rum para la Convenci\u00f3n"},"content":{"rendered":"<p>[et_pb_section fb_built=\u00bb1&#8243; admin_label=\u00bbHeader\u00bb _builder_version=\u00bb4.16&#8243; custom_width_px__hover=\u00bb1080px\u00bb custom_width_px__hover_enabled=\u00bb1080px\u00bb custom_width_percent__hover=\u00bb80%\u00bb custom_width_percent__hover_enabled=\u00bb80%\u00bb global_colors_info=\u00bb{}\u00bb make_fullwidth__hover=\u00bboff\u00bb make_fullwidth__hover_enabled=\u00bboff\u00bb use_custom_width__hover=\u00bboff\u00bb use_custom_width__hover_enabled=\u00bboff\u00bb width_unit__hover=\u00bbon\u00bb width_unit__hover_enabled=\u00bbon\u00bb][et_pb_row _builder_version=\u00bb4.16&#8243; use_custom_width=\u00bbon\u00bb custom_width_px=\u00bb1280px\u00bb custom_width_px__hover=\u00bb1080px\u00bb custom_width_px__hover_enabled=\u00bb1080px\u00bb custom_width_percent__hover=\u00bb80%\u00bb custom_width_percent__hover_enabled=\u00bb80%\u00bb global_colors_info=\u00bb{}\u00bb make_fullwidth__hover=\u00bboff\u00bb make_fullwidth__hover_enabled=\u00bboff\u00bb use_custom_width__hover=\u00bboff\u00bb use_custom_width__hover_enabled=\u00bboff\u00bb width_unit__hover=\u00bbon\u00bb width_unit__hover_enabled=\u00bbon\u00bb][et_pb_column type=\u00bb4_4&#8243; _builder_version=\u00bb4.16&#8243; global_colors_info=\u00bb{}\u00bb padding_tablet=\u00bb30px||10px\u00bb padding_last_edited=\u00bbon|tablet\u00bb padding_phone=\u00bb30px||10px\u00bb][et_pb_text _builder_version=\u00bb4.17.6&#8243; _module_preset=\u00bbdefault\u00bb header_font=\u00bbVidaloka||||||||\u00bb header_text_align=\u00bbcenter\u00bb header_font_size=\u00bb60px\u00bb header_line_height=\u00bb1.15em\u00bb global_colors_info=\u00bb{}\u00bb]<\/p>\n<h1 class=\"font_3\">Resoluci\u00f3n B:<br \/>Canon IV: Aclaraci\u00f3n del lenguaje sobre el qu\u00f3rum para la Convenci\u00f3n<\/h1>\n<p>&nbsp;<\/p>\n<p>[\/et_pb_text][\/et_pb_column][\/et_pb_row][\/et_pb_section][et_pb_section fb_built=\u00bb1&#8243; admin_label=\u00bbContent\u00bb module_id=\u00bbcontenido\u00bb _builder_version=\u00bb4.16&#8243; min_height=\u00bb1722px\u00bb custom_padding=\u00bb||13px|||\u00bb custom_width_px__hover=\u00bb1080px\u00bb custom_width_px__hover_enabled=\u00bb1080px\u00bb custom_width_percent__hover=\u00bb80%\u00bb custom_width_percent__hover_enabled=\u00bb80%\u00bb global_colors_info=\u00bb{}\u00bb make_fullwidth__hover=\u00bboff\u00bb make_fullwidth__hover_enabled=\u00bboff\u00bb use_custom_width__hover=\u00bboff\u00bb use_custom_width__hover_enabled=\u00bboff\u00bb width_unit__hover=\u00bbon\u00bb width_unit__hover_enabled=\u00bbon\u00bb][et_pb_row _builder_version=\u00bb4.17.6&#8243; _module_preset=\u00bbdefault\u00bb global_colors_info=\u00bb{}\u00bb][et_pb_column type=\u00bb4_4&#8243; _builder_version=\u00bb4.17.6&#8243; _module_preset=\u00bbdefault\u00bb global_colors_info=\u00bb{}\u00bb][et_pb_text _builder_version=\u00bb4.23&#8243; _module_preset=\u00bbdefault\u00bb text_font_size=\u00bb18px\u00bb text_line_height=\u00bb1.8em\u00bb header_4_font_size=\u00bb20px\u00bb custom_padding=\u00bb||1px|||\u00bb text_font_size_tablet=\u00bb18px\u00bb text_font_size_phone=\u00bb13px\u00bb text_font_size_last_edited=\u00bbon|phone\u00bb global_colors_info=\u00bb{}\u00bb]<\/p>\n<p class=\"font_8\">Secretario de la Convenci\u00f3n<\/p>\n<p class=\"font_8\"><strong>\u00daltima actualizaci\u00f3n: 20 de agosto de 2024<\/strong><\/p>\n<p>[\/et_pb_text][\/et_pb_column][\/et_pb_row][et_pb_row _builder_version=\u00bb4.16&#8243; width=\u00bb79.3%\u00bb custom_padding=\u00bb||27px|||\u00bb use_custom_width=\u00bbon\u00bb custom_width_px=\u00bb1280px\u00bb custom_width_px__hover=\u00bb1080px\u00bb custom_width_px__hover_enabled=\u00bb1080px\u00bb custom_width_percent__hover=\u00bb80%\u00bb custom_width_percent__hover_enabled=\u00bb80%\u00bb global_colors_info=\u00bb{}\u00bb use_custom_width__hover=\u00bboff\u00bb use_custom_width__hover_enabled=\u00bboff\u00bb width_unit__hover=\u00bbon\u00bb width_unit__hover_enabled=\u00bbon\u00bb make_fullwidth__hover=\u00bboff\u00bb make_fullwidth__hover_enabled=\u00bboff\u00bb][et_pb_column type=\u00bb4_4&#8243; _builder_version=\u00bb4.16&#8243; custom_padding=\u00bb|||\u00bb global_colors_info=\u00bb{}\u00bb custom_padding__hover=\u00bb|||\u00bb][et_pb_text _builder_version=\u00bb4.21.0&#8243; _module_preset=\u00bb7262e956-c376-4aa6-9642-c413f71527d0&#8243; text_font_size=\u00bb18px\u00bb text_line_height=\u00bb1.8em\u00bb header_4_font_size=\u00bb20px\u00bb text_font_size_tablet=\u00bb\u00bb text_font_size_phone=\u00bb13px\u00bb text_font_size_last_edited=\u00bbon|phone\u00bb header_font_size_tablet=\u00bb55px\u00bb header_font_size_last_edited=\u00bboff|desktop\u00bb global_colors_info=\u00bb{}\u00bb]<\/p>\n<h4 class=\"font_8\"><em style=\"font-size: 20px;\"><strong>Estatus<\/strong><\/em><\/h4>\n<p class=\"font_8\"><strong><em>Esta resoluci\u00f3n est\u00e1 siendo revisada por la Comisi\u00f3n de C\u00e1nones<\/em><\/strong><\/p>\n<p class=\"font_8\"><strong><em>Resuelto<\/em>, <\/strong>que el Canon IV se modifique como sigue:<\/p>\n<p>(eliminar <span style=\"text-decoration: line-through;\">el texto tachado<\/span>, a\u00f1adir <em><strong>texto negrita cursiva<\/strong><\/em>)<\/p>\n<p><strong><\/strong><\/p>\n<p><strong><\/strong><\/p>\n<p><strong><\/strong><\/p>\n<p><span style=\"text-decoration: underline;\"><strong>Canon IV.<br \/>\nQu\u00f3rum en la Convenci\u00f3n. <\/strong><\/span><\/p>\n<p><strong>Sec. 4.01.<br \/>\nQu\u00f3rum necesario. <\/strong><\/p>\n<p><span style=\"text-decoration: line-through;\">No se tratar\u00e1 ning\u00fan asunto en ninguna Convenci\u00f3n Anual o Extraordinaria a menos que haya qu\u00f3rum.<br \/>\nEl qu\u00f3rum estar\u00e1 formado por un Cl\u00e9rigo afiliado a cada una de la mayor\u00eda de todas las congregaciones con derecho a representaci\u00f3n y un Delegado que represente a cada una de la mayor\u00eda de todas las congregaciones con derecho a representaci\u00f3n. <\/span><strong><em>  El qu\u00f3rum est\u00e1 formado por cl\u00e9rigos afiliados a una mayor\u00eda de todas las congregaciones con derecho a representaci\u00f3n y por delegados laicos que representen a una mayor\u00eda de todas las congregaciones con derecho a representaci\u00f3n.<\/em><\/strong><\/p>\n<p><strong><em>Explicaci\u00f3n:<\/em><\/strong><\/p>\n<p>Esta enmienda al Canon IV aclara el lenguaje relativo al qu\u00f3rum de la Convenci\u00f3n y es paralela al lenguaje aclarado en la enmienda propuesta al Art\u00edculo XII de la Constituci\u00f3n, relativo al qu\u00f3rum para que una convenci\u00f3n elija a un obispo.<\/p>\n<p>Esta modificaci\u00f3n del canon no cambia los umbrales de qu\u00f3rum para una reuni\u00f3n ordinaria de la Convenci\u00f3n.<\/p>\n<p dir=\"ltr\">El Secretario agradece al Sr. Dave Frangquist, Secretario Em\u00e9rito, y al Can\u00f3nigo Christopher Hayes, Canciller, su ayuda para perfeccionar esta enmienda.<span style=\"font-size: 18px;\"><\/span> <\/p>\n<p>[\/et_pb_text][\/et_pb_column][\/et_pb_row][et_pb_row _builder_version=\u00bb4.17.6&#8243; _module_preset=\u00bbdefault\u00bb custom_padding=\u00bb||27px|||\u00bb global_colors_info=\u00bb{}\u00bb][et_pb_column type=\u00bb4_4&#8243; _builder_version=\u00bb4.17.6&#8243; _module_preset=\u00bbdefault\u00bb global_colors_info=\u00bb{}\u00bb][et_pb_text _builder_version=\u00bb4.17.6&#8243; _module_preset=\u00bbdefault\u00bb text_font_size=\u00bb18px\u00bb text_line_height=\u00bb1.8em\u00bb header_4_font_size=\u00bb20px\u00bb text_font_size_tablet=\u00bb18px\u00bb text_font_size_phone=\u00bb13px\u00bb text_font_size_last_edited=\u00bbon|phone\u00bb global_colors_info=\u00bb{}\u00bb]<\/p>\n<p class=\"font_8\"><strong><em>Presentado por:<\/em><\/strong><\/p>\n<p class=\"font_8\">El Rev. Br. Richard Edward Helmer BSG, Secretario de la Convenci\u00f3n.<br \/>secretary@diocal.org<\/p>\n<p>[\/et_pb_text][et_pb_text _builder_version=\u00bb4.17.6&#8243; _module_preset=\u00bbdefault\u00bb text_font_size=\u00bb18px\u00bb text_line_height=\u00bb1.8em\u00bb header_4_font_size=\u00bb20px\u00bb text_font_size_tablet=\u00bb18px\u00bb text_font_size_phone=\u00bb13px\u00bb text_font_size_last_edited=\u00bbon|phone\u00bb global_colors_info=\u00bb{}\u00bb][\/et_pb_text][\/et_pb_column][\/et_pb_row][\/et_pb_section][et_pb_section fb_built=\u00bb1&#8243; admin_label=\u00bbComments\u00bb _builder_version=\u00bb4.16&#8243; global_colors_info=\u00bb{}\u00bb][et_pb_row _builder_version=\u00bb4.16&#8243; use_custom_width=\u00bbon\u00bb custom_width_px=\u00bb1280px\u00bb global_colors_info=\u00bb{}\u00bb][et_pb_column type=\u00bb4_4&#8243; _builder_version=\u00bb4.16&#8243; custom_padding=\u00bb|||\u00bb global_colors_info=\u00bb{}\u00bb custom_padding__hover=\u00bb|||\u00bb][et_pb_comments show_avatar=\u00bboff\u00bb show_count=\u00bboff\u00bb _builder_version=\u00bb4.16&#8243; form_field_background_color=\u00bbRGBA(0,0,0,0)\u00bb form_field_text_color=\u00bb#161616&#8243; header_level=\u00bbh4&#8243; header_font=\u00bbWork Sans|700|||||||\u00bb header_font_size=\u00bb18px\u00bb header_line_height=\u00bb1.4em\u00bb title_font=\u00bbVidaloka||||||||\u00bb form_field_font_size=\u00bb16px\u00bb form_field_line_height=\u00bb1.8em\u00bb custom_button=\u00bbon\u00bb button_text_size=\u00bb16px\u00bb button_text_color=\u00bb#161616&#8243; button_bg_color=\u00bb#e3e1dd\u00bb button_border_width=\u00bb0px\u00bb button_border_radius=\u00bb0px\u00bb button_font=\u00bbVidaloka||||||||\u00bb button_custom_padding=\u00bb10px|24px|10px|24px|true|true\u00bb button_text_size_tablet=\u00bb17px\u00bb button_text_size_phone=\u00bb16px\u00bb button_text_size_last_edited=\u00bbon|desktop\u00bb border_radii_fields=\u00bbon|0px|0px|0px|0px\u00bb border_width_all_fields=\u00bb1px\u00bb border_color_all_fields=\u00bb#E3E1DD\u00bb form_background_color=\u00bbrgba(26,10,56,0.03)\u00bb global_colors_info=\u00bb{%22gcid-70e8f1e6-78eb-4f52-a811-0c9b614afdc2%22:%91%93}\u00bb button_bg_color__hover_enabled=\u00bboff|hover\u00bb][\/et_pb_comments][\/et_pb_column][\/et_pb_row][\/et_pb_section]<\/p>\n","protected":false},"excerpt":{"rendered":"<p>Resoluci\u00f3n B:Canon IV: Aclaraci\u00f3n del lenguaje sobre el qu\u00f3rum para la Convenci\u00f3n &nbsp;Secretario de la Convenci\u00f3n \u00daltima actualizaci\u00f3n: 20 de agosto de 2024Estatus Esta resoluci\u00f3n est\u00e1 siendo revisada por la [&hellip;]<\/p>\n","protected":false},"author":5,"featured_media":0,"parent":920,"menu_order":0,"comment_status":"open","ping_status":"closed","template":"","meta":{"_et_pb_use_builder":"on","_et_pb_old_content":"","_et_gb_content_width":"","footnotes":""},"class_list":["post-3643","page","type-page","status-publish","hentry"],"featured_image_src":null,"featured_image_src_square":null,"jetpack_sharing_enabled":true,"_links":{"self":[{"href":"https:\/\/www.diocalconvention.org\/es\/wp-json\/wp\/v2\/pages\/3643","targetHints":{"allow":["GET"]}}],"collection":[{"href":"https:\/\/www.diocalconvention.org\/es\/wp-json\/wp\/v2\/pages"}],"about":[{"href":"https:\/\/www.diocalconvention.org\/es\/wp-json\/wp\/v2\/types\/page"}],"author":[{"embeddable":true,"href":"https:\/\/www.diocalconvention.org\/es\/wp-json\/wp\/v2\/users\/5"}],"replies":[{"embeddable":true,"href":"https:\/\/www.diocalconvention.org\/es\/wp-json\/wp\/v2\/comments?post=3643"}],"version-history":[{"count":6,"href":"https:\/\/www.diocalconvention.org\/es\/wp-json\/wp\/v2\/pages\/3643\/revisions"}],"predecessor-version":[{"id":3649,"href":"https:\/\/www.diocalconvention.org\/es\/wp-json\/wp\/v2\/pages\/3643\/revisions\/3649"}],"up":[{"embeddable":true,"href":"https:\/\/www.diocalconvention.org\/es\/wp-json\/wp\/v2\/pages\/920"}],"wp:attachment":[{"href":"https:\/\/www.diocalconvention.org\/es\/wp-json\/wp\/v2\/media?parent=3643"}],"curies":[{"name":"wp","href":"https:\/\/api.w.org\/{rel}","templated":true}]}}