{"id":4803,"date":"2025-08-05T12:44:13","date_gmt":"2025-08-05T19:44:13","guid":{"rendered":"https:\/\/www.diocalconvention.org\/176-convention\/resoluciones-25\/2025-assessment-formula-task-force\/"},"modified":"2025-09-29T11:26:16","modified_gmt":"2025-09-29T18:26:16","slug":"2025-assessment-formula-task-force","status":"publish","type":"page","link":"https:\/\/www.diocalconvention.org\/es\/176-convention\/resoluciones-25\/2025-assessment-formula-task-force\/","title":{"rendered":"2025 Resoluci\u00f3n n\u00ba 1: Grupo de trabajo sobre la f\u00f3rmula de evaluaci\u00f3n"},"content":{"rendered":"<p>[et_pb_section fb_built=\u00bb1&#8243; admin_label=\u00bbHeader\u00bb _builder_version=\u00bb4.27.2&#8243; background_color=\u00bbgcid-a52b7e46-dbb2-4f94-9c2d-946534ee4324&#8243; custom_width_px__hover=\u00bb1080px\u00bb custom_width_px__hover_enabled=\u00bb1080px\u00bb custom_width_percent__hover=\u00bb80%\u00bb custom_width_percent__hover_enabled=\u00bb80%\u00bb global_colors_info=\u00bb{%22gcid-a52b7e46-dbb2-4f94-9c2d-946534ee4324%22:%91%22background_color%22%93}\u00bb make_fullwidth__hover=\u00bboff\u00bb make_fullwidth__hover_enabled=\u00bboff\u00bb use_custom_width__hover=\u00bboff\u00bb use_custom_width__hover_enabled=\u00bboff\u00bb width_unit__hover=\u00bbon\u00bb width_unit__hover_enabled=\u00bbon\u00bb][et_pb_row _builder_version=\u00bb4.16&#8243; use_custom_width=\u00bbon\u00bb custom_width_px=\u00bb1280px\u00bb custom_width_px__hover=\u00bb1080px\u00bb custom_width_px__hover_enabled=\u00bb1080px\u00bb custom_width_percent__hover=\u00bb80%\u00bb custom_width_percent__hover_enabled=\u00bb80%\u00bb global_colors_info=\u00bb{}\u00bb make_fullwidth__hover=\u00bboff\u00bb make_fullwidth__hover_enabled=\u00bboff\u00bb use_custom_width__hover=\u00bboff\u00bb use_custom_width__hover_enabled=\u00bboff\u00bb width_unit__hover=\u00bbon\u00bb width_unit__hover_enabled=\u00bbon\u00bb][et_pb_column type=\u00bb4_4&#8243; _builder_version=\u00bb4.16&#8243; global_colors_info=\u00bb{}\u00bb padding_tablet=\u00bb30px||10px\u00bb padding_last_edited=\u00bbon|tablet\u00bb padding_phone=\u00bb30px||10px\u00bb][et_pb_text _builder_version=\u00bb4.27.2&#8243; _module_preset=\u00bbdefault\u00bb header_font=\u00bbVidaloka||||||||\u00bb header_text_align=\u00bbcenter\u00bb header_text_color=\u00bbgcid-4918a474-2d70-4ff9-88ec-ac783af91368&#8243; header_font_size=\u00bb60px\u00bb header_line_height=\u00bb1.15em\u00bb global_colors_info=\u00bb{%22gcid-4918a474-2d70-4ff9-88ec-ac783af91368%22:%91%22header_text_color%22%93}\u00bb]<\/p>\n<h1 class=\"font_3\">Resoluci\u00f3n 1:<br \/><strong>Grupo de trabajo sobre la f\u00f3rmula de evaluaci\u00f3n<\/strong><\/h1>\n<p>[\/et_pb_text][\/et_pb_column][\/et_pb_row][\/et_pb_section][et_pb_section fb_built=\u00bb1&#8243; admin_label=\u00bbContent\u00bb module_id=\u00bbcontenido\u00bb _builder_version=\u00bb4.27.2&#8243; min_height=\u00bb1722px\u00bb custom_margin=\u00bb||0px||false|false\u00bb custom_padding=\u00bb||0px||false|false\u00bb custom_width_px__hover=\u00bb1080px\u00bb custom_width_px__hover_enabled=\u00bb1080px\u00bb custom_width_percent__hover=\u00bb80%\u00bb custom_width_percent__hover_enabled=\u00bb80%\u00bb global_colors_info=\u00bb{}\u00bb make_fullwidth__hover=\u00bboff\u00bb make_fullwidth__hover_enabled=\u00bboff\u00bb use_custom_width__hover=\u00bboff\u00bb use_custom_width__hover_enabled=\u00bboff\u00bb width_unit__hover=\u00bbon\u00bb width_unit__hover_enabled=\u00bbon\u00bb][et_pb_row _builder_version=\u00bb4.17.6&#8243; _module_preset=\u00bbdefault\u00bb global_colors_info=\u00bb{}\u00bb][et_pb_column type=\u00bb4_4&#8243; _builder_version=\u00bb4.17.6&#8243; _module_preset=\u00bbdefault\u00bb global_colors_info=\u00bb{}\u00bb][et_pb_text _builder_version=\u00bb4.27.2&#8243; _module_preset=\u00bbdefault\u00bb text_font_size=\u00bb18px\u00bb text_line_height=\u00bb1.8em\u00bb header_4_font_size=\u00bb20px\u00bb custom_padding=\u00bb||1px|||\u00bb hover_enabled=\u00bb0&#8243; text_font_size_tablet=\u00bb18px\u00bb text_font_size_phone=\u00bb13px\u00bb text_font_size_last_edited=\u00bbon|phone\u00bb global_colors_info=\u00bb{}\u00bb sticky_enabled=\u00bb0&#8243;]<\/p>\n<p class=\"font_8\"><strong>\u00daltima actualizaci\u00f3n: 26 de septiembre de 2025<\/strong><\/p>\n<p>[\/et_pb_text][\/et_pb_column][\/et_pb_row][et_pb_row _builder_version=\u00bb4.16&#8243; width=\u00bb79.3%\u00bb custom_margin=\u00bb|auto|-25px|auto||\u00bb custom_padding=\u00bb||27px|||\u00bb use_custom_width=\u00bbon\u00bb custom_width_px=\u00bb1280px\u00bb custom_width_px__hover=\u00bb1080px\u00bb custom_width_px__hover_enabled=\u00bb1080px\u00bb custom_width_percent__hover=\u00bb80%\u00bb custom_width_percent__hover_enabled=\u00bb80%\u00bb global_colors_info=\u00bb{}\u00bb use_custom_width__hover=\u00bboff\u00bb use_custom_width__hover_enabled=\u00bboff\u00bb width_unit__hover=\u00bbon\u00bb width_unit__hover_enabled=\u00bbon\u00bb make_fullwidth__hover=\u00bboff\u00bb make_fullwidth__hover_enabled=\u00bboff\u00bb][et_pb_column type=\u00bb4_4&#8243; _builder_version=\u00bb4.16&#8243; custom_padding=\u00bb|||\u00bb global_colors_info=\u00bb{}\u00bb custom_padding__hover=\u00bb|||\u00bb][et_pb_text _builder_version=\u00bb4.27.2&#8243; _module_preset=\u00bb7262e956-c376-4aa6-9642-c413f71527d0&#8243; text_font_size=\u00bb18px\u00bb text_line_height=\u00bb1.8em\u00bb header_4_font_size=\u00bb20px\u00bb text_font_size_tablet=\u00bb\u00bb text_font_size_phone=\u00bb13px\u00bb text_font_size_last_edited=\u00bbon|phone\u00bb header_font_size_tablet=\u00bb55px\u00bb header_font_size_last_edited=\u00bboff|desktop\u00bb global_colors_info=\u00bb{}\u00bb]<\/p>\n<h4 class=\"font_8\"><em style=\"font-size: 20px;\"><strong>Estatus<\/strong><\/em><\/h4>\n<p class=\"font_8\"><i><span>La Comisi\u00f3n de Resoluciones someter\u00e1 esta resoluci\u00f3n a la consideraci\u00f3n de la Convenci\u00f3n.  <\/span><\/i><\/p>\n<p>[\/et_pb_text][et_pb_text _builder_version=\u00bb4.27.2&#8243; _module_preset=\u00bb7262e956-c376-4aa6-9642-c413f71527d0&#8243; text_font_size=\u00bb18px\u00bb text_line_height=\u00bb1.8em\u00bb header_4_font_size=\u00bb20px\u00bb text_font_size_tablet=\u00bb\u00bb text_font_size_phone=\u00bb13px\u00bb text_font_size_last_edited=\u00bbon|phone\u00bb header_font_size_tablet=\u00bb55px\u00bb header_font_size_last_edited=\u00bboff|desktop\u00bb global_colors_info=\u00bb{}\u00bb]<\/p>\n<h4 class=\"font_8\"><em style=\"font-size: 20px;\"><strong>Texto de la Resoluci\u00f3n:<\/strong><\/em><\/h4>\n<p style=\"font-weight: 400;\"><strong><em>Resuelve,<\/em><\/strong> Que la 176\u00aa Convenci\u00f3n de la Di\u00f3cesis Episcopal de California establezca un Grupo de Trabajo sobre la F\u00f3rmula de Evaluaci\u00f3n para que, en colaboraci\u00f3n con el Consejo Ejecutivo y el Comit\u00e9 de Finanzas, eval\u00fae la f\u00f3rmula de evaluaci\u00f3n diocesana actual y proponga una f\u00f3rmula de evaluaci\u00f3n y\/o una metodolog\u00eda de evaluaci\u00f3n revisadas;<\/p>\n<p style=\"font-weight: 400;\"><strong><em>Resuelve,<\/em><\/strong> Que el Grupo de Trabajo sobre la F\u00f3rmula de Evaluaci\u00f3n estar\u00e1 formado por al menos nueve miembros nombrados por el Obispo, entre los que habr\u00e1 representantes de congregaciones de diversos tama\u00f1os, medios y ubicaciones geogr\u00e1ficas, as\u00ed como miembros con experiencia financiera y can\u00f3nica, que se esforzar\u00e1n por ser equitativos, transparentes, sostenibles y solidarios con la misi\u00f3n compartida de la Di\u00f3cesis y sus congregaciones;<\/p>\n<p style=\"font-weight: 400;\"><strong><em>Resuelve,<\/em><\/strong> Que se ordene al Grupo de Trabajo sobre la F\u00f3rmula de Evaluaci\u00f3n que solicite la opini\u00f3n de los l\u00edderes de las congregaciones y de los organismos diocesanos a lo largo de su proceso; y<\/p>\n<p style=\"font-weight: 400;\"><strong><em>Resuelve,<\/em><\/strong> Que el Grupo de Trabajo sobre la F\u00f3rmula de Evaluaci\u00f3n, en colaboraci\u00f3n con el Consejo Ejecutivo, presente su informe final a la 177\u00aa Convenci\u00f3n de la Di\u00f3cesis, para incluir una propuesta de f\u00f3rmula de evaluaci\u00f3n y\/o metodolog\u00eda de evaluaci\u00f3n para su revisi\u00f3n y adopci\u00f3n por la Convenci\u00f3n y su presentaci\u00f3n al Comit\u00e9 de Finanzas antes del 1 de abril de 2027, de acuerdo con el Can\u00f3nigo 18.02(e), para su uso en el c\u00e1lculo de las evaluaciones para el a\u00f1o fiscal 2028.<\/p>\n<p>[\/et_pb_text][et_pb_text _builder_version=\u00bb4.27.2&#8243; _module_preset=\u00bb7262e956-c376-4aa6-9642-c413f71527d0&#8243; text_font_size=\u00bb18px\u00bb text_line_height=\u00bb1.8em\u00bb header_4_font_size=\u00bb20px\u00bb text_font_size_tablet=\u00bb\u00bb text_font_size_phone=\u00bb13px\u00bb text_font_size_last_edited=\u00bbon|phone\u00bb header_font_size_tablet=\u00bb55px\u00bb header_font_size_last_edited=\u00bboff|desktop\u00bb global_colors_info=\u00bb{}\u00bb]<\/p>\n<h4 style=\"font-weight: 400;\"><strong><em>Explicaci\u00f3n:<\/em><\/strong><\/h4>\n<p style=\"font-weight: 400;\">Esta resoluci\u00f3n se ofrece en la creencia de que la Iglesia Episcopal, incluida la Di\u00f3cesis de California, est\u00e1 comprometida con el apoyo mutuo y la generosidad, reconociendo la corresponsabilidad financiera de cada congregaci\u00f3n como una respuesta fiel a la abundancia de Dios, fortaleciendo a todos los miembros de la Di\u00f3cesis para participar m\u00e1s plenamente en la misi\u00f3n de Dios en el mundo.<\/p>\n<p style=\"font-weight: 400;\">La resoluci\u00f3n aborda las antiguas preocupaciones sobre la equidad y transparencia de la actual f\u00f3rmula de evaluaci\u00f3n diocesana. Pide la creaci\u00f3n de un Grupo de Trabajo representativo sobre la F\u00f3rmula de Evaluaci\u00f3n que trabaje en estrecha colaboraci\u00f3n con el Consejo Ejecutivo para dirigir un proceso de revisi\u00f3n exhaustivo y consultivo. La resoluci\u00f3n afirma el papel vital que desempe\u00f1an las congregaciones a la hora de equipar a sus miembros para llevar a cabo la obra de Dios en el mundo, haciendo avanzar la misi\u00f3n diocesana de compasi\u00f3n, justicia y vitalidad espiritual en las diversas comunidades del \u00c1rea de la Bah\u00eda. El objetivo es desarrollar una f\u00f3rmula de evaluaci\u00f3n y\/o una metodolog\u00eda de evaluaci\u00f3n que refleje las distintas capacidades de las congregaciones y sustente los ministerios de la Di\u00f3cesis.   <\/p>\n<p>[\/et_pb_text][et_pb_text _builder_version=\u00bb4.27.2&#8243; _module_preset=\u00bb7262e956-c376-4aa6-9642-c413f71527d0&#8243; text_font_size=\u00bb18px\u00bb text_line_height=\u00bb1.8em\u00bb header_4_font_size=\u00bb20px\u00bb text_font_size_tablet=\u00bb\u00bb text_font_size_phone=\u00bb13px\u00bb text_font_size_last_edited=\u00bbon|phone\u00bb header_font_size_tablet=\u00bb55px\u00bb header_font_size_last_edited=\u00bboff|desktop\u00bb global_colors_info=\u00bb{}\u00bb]<\/p>\n<h4 style=\"font-weight: 400;\"><strong><em><b><i><span>Impacto fiscal<\/span><\/i><\/b>:<\/em><\/strong><\/h4>\n<p style=\"font-weight: 400;\"><span>Esta resoluci\u00f3n no tendr\u00eda ninguna repercusi\u00f3n en el presupuesto de 2027. El impacto en el presupuesto de 2028 depender\u00e1 de las conclusiones y recomendaciones del grupo de trabajo y de las medidas resultantes adoptadas por las Convenciones de 2026 y 2027. <\/span><\/p>\n<p>[\/et_pb_text][et_pb_text _builder_version=\u00bb4.27.2&#8243; _module_preset=\u00bbdefault\u00bb text_font_size=\u00bb18px\u00bb text_line_height=\u00bb1.8em\u00bb link_font=\u00bb||||on|||#407EC9|\u00bb link_text_color=\u00bb#407EC9&#8243; header_4_font_size=\u00bb20px\u00bb custom_margin=\u00bb||11px|||\u00bb text_font_size_tablet=\u00bb18px\u00bb text_font_size_phone=\u00bb13px\u00bb text_font_size_last_edited=\u00bbon|phone\u00bb global_colors_info=\u00bb{}\u00bb]<\/p>\n<h4 class=\"font_8\"><strong><em>Presentado por:<\/em><\/strong><\/h4>\n<p style=\"font-weight: 400;\">Paul Fromberg &#8211; San Gregorio de Nisa, San Francisco (contacto: <a href=\"mailto:paulfromberg@saintgregorys.org\">paulfromberg@saintgregorys.org)<\/a>; Lori Walton &#8211; San Jaime, Fremont; Hannah Cornthwaite &#8211; Santos Inocentes, San Francisco; Phil Brochard &#8211; All Souls, Berkeley; Liz Tichenor &#8211; Resurrecci\u00f3n, Pleasant Hill; Sarah Stewart &#8211; San Pablo, Burlingame; Will Scott &#8211; San Anselmo, Lafayette; Laura Eberly &#8211; San Jaime, Oakland.<\/p>\n<p>[\/et_pb_text][\/et_pb_column][\/et_pb_row][\/et_pb_section][et_pb_section fb_built=\u00bb1&#8243; admin_label=\u00bbComments\u00bb _builder_version=\u00bb4.27.2&#8243; custom_margin=\u00bb-195px||||false|false\u00bb custom_padding=\u00bb0px||||false|false\u00bb global_colors_info=\u00bb{}\u00bb][et_pb_row _builder_version=\u00bb4.27.2&#8243; use_custom_width=\u00bbon\u00bb custom_width_px=\u00bb1280px\u00bb global_colors_info=\u00bb{}\u00bb][et_pb_column type=\u00bb4_4&#8243; _builder_version=\u00bb4.16&#8243; custom_padding=\u00bb|||\u00bb global_colors_info=\u00bb{}\u00bb custom_padding__hover=\u00bb|||\u00bb][et_pb_comments show_avatar=\u00bboff\u00bb show_count=\u00bboff\u00bb _builder_version=\u00bb4.27.2&#8243; form_field_background_color=\u00bbRGBA(0,0,0,0)\u00bb form_field_text_color=\u00bb#161616&#8243; header_level=\u00bbh4&#8243; header_font=\u00bbWork Sans|700|||||||\u00bb header_font_size=\u00bb18px\u00bb header_line_height=\u00bb1.4em\u00bb title_font=\u00bbVidaloka||||||||\u00bb form_field_font_size=\u00bb16px\u00bb form_field_line_height=\u00bb1.8em\u00bb custom_button=\u00bbon\u00bb button_text_size=\u00bb16px\u00bb button_text_color=\u00bb#161616&#8243; button_bg_color=\u00bb#e3e1dd\u00bb button_border_width=\u00bb0px\u00bb button_border_radius=\u00bb0px\u00bb button_font=\u00bbVidaloka||||||||\u00bb button_custom_padding=\u00bb10px|24px|10px|24px|true|true\u00bb button_text_size_tablet=\u00bb17px\u00bb button_text_size_phone=\u00bb16px\u00bb button_text_size_last_edited=\u00bbon|desktop\u00bb border_radii_fields=\u00bbon|0px|0px|0px|0px\u00bb border_width_all_fields=\u00bb1px\u00bb border_color_all_fields=\u00bb#E3E1DD\u00bb form_background_color=\u00bbrgba(26,10,56,0.03)\u00bb global_colors_info=\u00bb{%22gcid-70e8f1e6-78eb-4f52-a811-0c9b614afdc2%22:%91%93}\u00bb button_bg_color__hover_enabled=\u00bboff|hover\u00bb][\/et_pb_comments][\/et_pb_column][\/et_pb_row][\/et_pb_section]<\/p>\n","protected":false},"excerpt":{"rendered":"<p>Resoluci\u00f3n 1:Grupo de trabajo sobre la f\u00f3rmula de evaluaci\u00f3n\u00daltima actualizaci\u00f3n: 26 de septiembre de 2025Estatus La Comisi\u00f3n de Resoluciones someter\u00e1 esta resoluci\u00f3n a la consideraci\u00f3n de la Convenci\u00f3n. Texto de [&hellip;]<\/p>\n","protected":false},"author":3,"featured_media":0,"parent":4713,"menu_order":0,"comment_status":"open","ping_status":"closed","template":"","meta":{"_et_pb_use_builder":"on","_et_pb_old_content":"","_et_gb_content_width":"","footnotes":""},"class_list":["post-4803","page","type-page","status-publish","hentry"],"featured_image_src":null,"featured_image_src_square":null,"jetpack_sharing_enabled":true,"_links":{"self":[{"href":"https:\/\/www.diocalconvention.org\/es\/wp-json\/wp\/v2\/pages\/4803","targetHints":{"allow":["GET"]}}],"collection":[{"href":"https:\/\/www.diocalconvention.org\/es\/wp-json\/wp\/v2\/pages"}],"about":[{"href":"https:\/\/www.diocalconvention.org\/es\/wp-json\/wp\/v2\/types\/page"}],"author":[{"embeddable":true,"href":"https:\/\/www.diocalconvention.org\/es\/wp-json\/wp\/v2\/users\/3"}],"replies":[{"embeddable":true,"href":"https:\/\/www.diocalconvention.org\/es\/wp-json\/wp\/v2\/comments?post=4803"}],"version-history":[{"count":14,"href":"https:\/\/www.diocalconvention.org\/es\/wp-json\/wp\/v2\/pages\/4803\/revisions"}],"predecessor-version":[{"id":5961,"href":"https:\/\/www.diocalconvention.org\/es\/wp-json\/wp\/v2\/pages\/4803\/revisions\/5961"}],"up":[{"embeddable":true,"href":"https:\/\/www.diocalconvention.org\/es\/wp-json\/wp\/v2\/pages\/4713"}],"wp:attachment":[{"href":"https:\/\/www.diocalconvention.org\/es\/wp-json\/wp\/v2\/media?parent=4803"}],"curies":[{"name":"wp","href":"https:\/\/api.w.org\/{rel}","templated":true}]}}