{"id":693,"date":"2022-09-15T04:32:42","date_gmt":"2022-09-15T11:32:42","guid":{"rendered":"https:\/\/www.diocalconvention.org\/2022resolucion7\/"},"modified":"2022-09-30T06:14:40","modified_gmt":"2022-09-30T06:14:40","slug":"2022resolucion7","status":"publish","type":"page","link":"https:\/\/www.diocalconvention.org\/es\/173-convention-agenda\/resoluciones22\/2022resolucion7\/","title":{"rendered":"2022Resoluci\u00f3n7"},"content":{"rendered":"<p>[et_pb_section fb_built=\u00bb1&#8243; admin_label=\u00bbHeader\u00bb _builder_version=\u00bb4.16&#8243; custom_width_px__hover=\u00bb1080px\u00bb custom_width_px__hover_enabled=\u00bb1080px\u00bb custom_width_percent__hover=\u00bb80%\u00bb custom_width_percent__hover_enabled=\u00bb80%\u00bb global_colors_info=\u00bb{}\u00bb make_fullwidth__hover=\u00bboff\u00bb make_fullwidth__hover_enabled=\u00bboff\u00bb use_custom_width__hover=\u00bboff\u00bb use_custom_width__hover_enabled=\u00bboff\u00bb width_unit__hover=\u00bbon\u00bb width_unit__hover_enabled=\u00bbon\u00bb][et_pb_row _builder_version=\u00bb4.16&#8243; use_custom_width=\u00bbon\u00bb custom_width_px=\u00bb1280px\u00bb custom_width_px__hover=\u00bb1080px\u00bb custom_width_px__hover_enabled=\u00bb1080px\u00bb custom_width_percent__hover=\u00bb80%\u00bb custom_width_percent__hover_enabled=\u00bb80%\u00bb global_colors_info=\u00bb{}\u00bb make_fullwidth__hover=\u00bboff\u00bb make_fullwidth__hover_enabled=\u00bboff\u00bb use_custom_width__hover=\u00bboff\u00bb use_custom_width__hover_enabled=\u00bboff\u00bb width_unit__hover=\u00bbon\u00bb width_unit__hover_enabled=\u00bbon\u00bb][et_pb_column type=\u00bb4_4&#8243; _builder_version=\u00bb4.16&#8243; global_colors_info=\u00bb{}\u00bb padding_tablet=\u00bb30px||10px\u00bb padding_last_edited=\u00bbon|tablet\u00bb padding_phone=\u00bb30px||10px\u00bb][et_pb_text _builder_version=\u00bb4.17.6&#8243; _module_preset=\u00bbdefault\u00bb header_font=\u00bbVidaloka||||||||\u00bb header_text_align=\u00bbcenter\u00bb header_font_size=\u00bb60px\u00bb header_line_height=\u00bb1.15em\u00bb global_colors_info=\u00bb{}\u00bb]<\/p>\n<h1 class=\"font_3\"><span>2022 Resoluci\u00f3n #7:<br \/>Reducir o evitar los pl\u00e1sticos de un solo uso<\/span><\/h1>\n<p>[\/et_pb_text][\/et_pb_column][\/et_pb_row][\/et_pb_section][et_pb_section fb_built=\u00bb1&#8243; admin_label=\u00bbContent\u00bb module_id=\u00bbcontent\u00bb _builder_version=\u00bb4.16&#8243; min_height=\u00bb2285px\u00bb custom_padding=\u00bb||13px|||\u00bb custom_width_px__hover=\u00bb1080px\u00bb custom_width_px__hover_enabled=\u00bb1080px\u00bb custom_width_percent__hover=\u00bb80%\u00bb custom_width_percent__hover_enabled=\u00bb80%\u00bb global_colors_info=\u00bb{}\u00bb make_fullwidth__hover=\u00bboff\u00bb make_fullwidth__hover_enabled=\u00bboff\u00bb use_custom_width__hover=\u00bboff\u00bb use_custom_width__hover_enabled=\u00bboff\u00bb width_unit__hover=\u00bbon\u00bb width_unit__hover_enabled=\u00bbon\u00bb][et_pb_row _builder_version=\u00bb4.17.6&#8243; _module_preset=\u00bbdefault\u00bb global_colors_info=\u00bb{}\u00bb][et_pb_column type=\u00bb4_4&#8243; _builder_version=\u00bb4.17.6&#8243; _module_preset=\u00bbdefault\u00bb global_colors_info=\u00bb{}\u00bb][et_pb_text _builder_version=\u00bb4.17.6&#8243; _module_preset=\u00bbdefault\u00bb text_font_size=\u00bb18px\u00bb text_line_height=\u00bb1.8em\u00bb header_4_font_size=\u00bb20px\u00bb text_font_size_tablet=\u00bb18px\u00bb text_font_size_phone=\u00bb13px\u00bb text_font_size_last_edited=\u00bbon|phone\u00bb global_colors_info=\u00bb{}\u00bb]<\/p>\n<p class=\"font_8\"><span>Secretario de la Convenci\u00f3n<\/span><\/p>\n<p class=\"font_8\"><strong>\u00daltima actualizaci\u00f3n: 25 de agosto de 2022<\/strong><\/p>\n<p>[\/et_pb_text][\/et_pb_column][\/et_pb_row][et_pb_row _builder_version=\u00bb4.16&#8243; use_custom_width=\u00bbon\u00bb custom_width_px=\u00bb1280px\u00bb custom_width_px__hover=\u00bb1080px\u00bb custom_width_px__hover_enabled=\u00bb1080px\u00bb custom_width_percent__hover=\u00bb80%\u00bb custom_width_percent__hover_enabled=\u00bb80%\u00bb global_colors_info=\u00bb{}\u00bb use_custom_width__hover=\u00bboff\u00bb use_custom_width__hover_enabled=\u00bboff\u00bb width_unit__hover=\u00bbon\u00bb width_unit__hover_enabled=\u00bbon\u00bb make_fullwidth__hover=\u00bboff\u00bb make_fullwidth__hover_enabled=\u00bboff\u00bb][et_pb_column type=\u00bb4_4&#8243; _builder_version=\u00bb4.16&#8243; custom_padding=\u00bb|||\u00bb global_colors_info=\u00bb{}\u00bb custom_padding__hover=\u00bb|||\u00bb][et_pb_text _builder_version=\u00bb4.17.6&#8243; _module_preset=\u00bb7262e956-c376-4aa6-9642-c413f71527d0&#8243; text_font_size=\u00bb18px\u00bb text_line_height=\u00bb1.8em\u00bb header_4_font_size=\u00bb20px\u00bb text_font_size_tablet=\u00bb\u00bb text_font_size_phone=\u00bb13px\u00bb text_font_size_last_edited=\u00bbon|phone\u00bb header_font_size_tablet=\u00bb55px\u00bb header_font_size_last_edited=\u00bboff|desktop\u00bb global_colors_info=\u00bb{}\u00bb]<\/p>\n<h4 class=\"font_8\" style=\"text-align: center;\"><em><strong>Estado<\/strong><\/em><\/h4>\n<h2 class=\"font_8\" style=\"text-align: center;\"><span>~Esta resoluci\u00f3n ha sido retirada por su autor.~<\/span><\/h2>\n<p><span><\/span><\/p>\n<p class=\"font_8\"><span><em><strong>Se resuelve<\/strong><\/em>,<\/span> <span>Que la 173.\u00aa Convenci\u00f3n de la Di\u00f3cesis de California ratifica las resoluciones de la 80.\u00aa Convenci\u00f3n General sobre el liderazgo en la Gesti\u00f3n del Medio Ambiente y Cuidado de la Creaci\u00f3n y vuelve a ratificar la Resoluci\u00f3n 5, \u00abSingle-Use-Non-Biodegradable Plastics\u00bb, de la 170.\u00aa Di\u00f3cesis de California y la resoluci\u00f3n C063 de la 79.\u00aa Convenci\u00f3n General, \u00abAdvocate for Ocean Clean\u00bb;<\/span><\/p>\n<p class=\"font_8\"><span><strong><em>Se resuelve<\/em><\/strong>,<\/span> <span>Que esta Convenci\u00f3n reconoce que los pl\u00e1sticos est\u00e1n hechos de combustibles f\u00f3siles y que muy pocos de los art\u00edculos pl\u00e1sticos etiquetados y comercializados como \u00abreciclables\u00bb o \u00abbiodegradables\u00bb pueden verdaderamente ser reciclados y solo se degradan luego de d\u00e9cadas, si es que siquiera se degradan; y que la fabricaci\u00f3n y el uso continuos de bolsas, material de empaquetado, vasos, utensilios y contenedores pl\u00e1sticos contamina en gran escala los oc\u00e9anos y superficies terrestres, causa la muerte de millones de peces y otras creaturas vivas, se vuelve parte de nuestra cadena alimenticia en forma de micropl\u00e1sticos y emite vapores t\u00f3xicos cuando se lo quema; y<\/span><\/p>\n<p class=\"font_8\"><span><strong><em>Se resuelve<\/em><\/strong>,<\/span> <span>Que esta Convenci\u00f3n manda a esta Di\u00f3cesis y a todas sus instituciones y congregaciones a esforzarse por reemplazar los pl\u00e1sticos cuando sea posible; a aprender e implementar m\u00e9todos creativos para reducir o evitar el uso de pl\u00e1sticos a trav\u00e9s de programas y proyectos tales como PlasticFreeJuly.org; y a fomentar pol\u00edticas p\u00fablicas que promuevan la salud de los oc\u00e9anos y el cuidado de la creaci\u00f3n. <\/span><\/p>\n<p class=\"font_8\"><span>\u200b\u200b<strong><em><\/em><\/strong><\/span><\/p>\n<p class=\"font_8\"><strong><em>Explicaci\u00f3n:<\/em><\/strong><\/p>\n<p class=\"font_8\">Del Se\u00f1or es la tierra y todo lo que hay en ella el mundo y los que en \u00e9l habitan. (Salmo 24:1)<\/p>\n<p class=\"font_8\">Como cristianos, creemos que somos responsables de administrar la creaci\u00f3n de Dios con cuidado, por lo que no deber\u00edamos degradar ni contaminar la Tierra, nuestra isla y casa, y deber\u00edamos cuidar de todas las dem\u00e1s creaturas que nos acompa\u00f1an en el trascurso de nuestra vida y la de las generaciones por venir.<\/p>\n<p class=\"font_8\">Se nos llama a tomar decisiones informadas para dejar de herir y comenzar a sanar la creaci\u00f3n divina, a trabajar juntos con otras organizaciones ecum\u00e9nicas, interreligiosas y no gubernamentales y a actuar para apoyar y promover la salud de nuestro medio ambiente.<\/p>\n<p class=\"font_8\">El Plastic Free July (\u00abjulio libre de pl\u00e1sticos\u00bb, en ingl\u00e9s), por ejemplo, es un movimiento global que ofrece alternativas creativas para ayudar a millones de personas a volverse parte de la soluci\u00f3n a la contaminaci\u00f3n pl\u00e1stica, optando por evitar el uso de los pl\u00e1sticos de un solo uso que encontramos cada d\u00eda para as\u00ed tener calles y oc\u00e9anos m\u00e1s limpios y comunidades m\u00e1s hermosas. https:\/\/www.plasticfreejuly.org\/ <span><a href=\"https:\/\/www.plasticfreejuly.org\/\" target=\"_blank\" rel=\"noreferrer noopener\">https:\/\/www.plasticfreejuly.org\/<\/a><\/span><\/p>\n<p class=\"font_8\">El impacto negativo y persistente que causan la fabricaci\u00f3n, uso y deshecho de productos pl\u00e1sticos de un solo uso en nuestra salud y medio ambiente est\u00e1 bien documentado <\/p>\n<p class=\"font_8\">Con la industria pl\u00e1stica expandi\u00e9ndose como nunca antes y la creciente crisis de contaminaci\u00f3n del oc\u00e9ano, FRONTLINE y NPR investigaron la disputa sobre el futuro de los pl\u00e1sticos. Plastic Wars, un documental de 53 minutos publicado el 31 de marzo de 2020, muestra c\u00f3mo la industria de los <span>pl\u00e1sticos<\/span> est\u00e1 aprovechando el reciclaje para evadir suspensiones, y a algunos informantes internos que revelan la verdad sobre el reciclaje.<span><a href=\"https:\/\/www.pbs.org\/wgbh\/frontline\/documentary\/plastic-wars\/\" target=\"_blank\" rel=\"noreferrer noopener\">https:\/\/www.pbs.org\/wgbh\/frontline\/documentary\/plastic-wars\/<\/a><\/span><\/p>\n<p class=\"font_8\">Como se report\u00f3 en el art\u00edculo California Hace que los Fabricantes de Pl\u00e1stico Paguen el Reciclaje, del <span>The New York Times<\/span>\u00abExisten preocupaciones de que el creciente mercado global de pl\u00e1sticos, hechos a partir de combustibles f\u00f3siles, pudiera incrementar la demanda de petr\u00f3leo y contribuir a la liberaci\u00f3n de emisiones de gases de efecto invernadero en el preciso momento en que el mundo necesita desprenderse de los combustibles f\u00f3siles para evitar las peores consecuencias del calentamiento global. Para 2050, se espera que la industria de los pl\u00e1sticos consuma el 20 por ciento de todo el petr\u00f3leo que se produce.\u00bb<\/p>\n<p class=\"font_8\">La revolucionaria ley de pl\u00e1sticos de California adoptada en julio de 2022, la SB 54, tambi\u00e9n restringe los pl\u00e1sticos de un solo uso. Debido al tama\u00f1o de la econom\u00eda de California, los expertos dicen que la ley podr\u00eda tener grandes repercusiones.<\/p>\n<p class=\"font_8\"><span><a href=\"https:\/\/www.nytimes.com\/2022\/07\/01\/climate\/california-plastics-recycling-law.html?unlocked_article_code=AAAAAAAAAAAAAAAACEIPuomT1JKd6J17Vw1cRCfTTMQmqxCdw_PIxftm3iWka3DKDm4biO8RAo2J50qKbqNnZtU0xTKaTZpZNLY0WP151apFMkd8QA2ppJTBnJ0aZSUprIb5FkUH46XwZ5Fquzn7cjv-b-5l2Ly0ux_BamG-WK2LhnA-IVlmoo9ic1-txSdZz6raFLMh39Ep1fp1AcgsVi5AMHfRx4TgDBp5MdqGbhnOuEJhC6wCB2alzZPL4KkAcQ5SFVvDUHp4hG4449tfM9oTV73te19iIIGtxOVMVRE7aduhFJYzRIPLlrR1sLOrqROEyMK-xvpeB7z-OUDr7rg90Wep9nCkXjKU&amp;smid=em-share\" target=\"_blank\" rel=\"noreferrer noopener\">https:\/\/www.nytimes.com\/2022\/07\/01\/climate\/california-plastics-recycling-law.html?unlocked_article_code=AAAAAAAAAAAAAAAACEIPuomT1JKd6J17Vw1cRCfTTMQmqxCdw_PIxftm3iWka3DKDm4biO8RAo2J50qKbqNnZtU0xTKaTZpZNLY0WP151apFMkd8QA2ppJTBnJ0aZSUprIb5FkUH46XwZ5Fquzn7cjv-b-5l2Ly0ux_BamG-WK2LhnA-IVlmoo9ic1-txSdZz6raFLMh39Ep1fp1AcgsVi5AMHfRx4TgDBp5MdqGbhnOuEJhC6wCB2alzZPL4KkAcQ5SFVvDUHp4hG4449tfM9oTV73te19iIIGtxOVMVRE7aduhFJYzRIPLlrR1sLOrqROEyMK-xvpeB7z-OUDr7rg90Wep9nCkXjKU&amp;smid=em-share<\/a><\/span><\/p>\n<p>[\/et_pb_text][\/et_pb_column][\/et_pb_row][et_pb_row _builder_version=\u00bb4.17.6&#8243; _module_preset=\u00bbdefault\u00bb global_colors_info=\u00bb{}\u00bb][et_pb_column type=\u00bb4_4&#8243; _builder_version=\u00bb4.17.6&#8243; _module_preset=\u00bbdefault\u00bb global_colors_info=\u00bb{}\u00bb][et_pb_text _builder_version=\u00bb4.17.6&#8243; _module_preset=\u00bbdefault\u00bb text_font_size=\u00bb18px\u00bb text_line_height=\u00bb1.8em\u00bb header_4_font_size=\u00bb20px\u00bb text_font_size_tablet=\u00bb18px\u00bb text_font_size_phone=\u00bb13px\u00bb text_font_size_last_edited=\u00bbon|phone\u00bb global_colors_info=\u00bb{}\u00bb]<\/p>\n<p class=\"font_8\"><strong><em>Enviado por:<\/em><\/strong><\/p>\n<p class=\"font_8\"><span>Ms. Emily Hopkins, Delegate, St. Paul\u2019s Walnut Creek, <\/span><a data-auto-recognition=\"true\" href=\"mailto:emilyhopkins4@gmail.com\">emilyhopkins4@gmail.com<\/a><span><\/span><\/p>\n<p class=\"font_8\">\n<p class=\"font_8\"><strong><em>Patrocinado por:<\/em><\/strong><\/p>\n<p class=\"font_8\">Carl Diehl, St. Columba&#8217;s Inverness<br \/>The Rev. Dr. Cameron Partridge, Rector, St. Aidan\u2019s San Francisco<br \/>Sarah Lawton, St. John the Evangelist, San Francisco<br \/>Ruth Meyers, All Souls, Berkeley<br \/>Karma Quick-Panwala, Grace Cathedral, San Francisco<br \/>Ron Hermanson, Grace Cathedral, San Francisco<br \/>Warren J. Wong, St. James, San Francisco <\/p>\n<p>[\/et_pb_text][\/et_pb_column][\/et_pb_row][et_pb_row _builder_version=\u00bb4.17.6&#8243; _module_preset=\u00bbdefault\u00bb global_colors_info=\u00bb{}\u00bb][et_pb_column type=\u00bb4_4&#8243; _builder_version=\u00bb4.17.6&#8243; _module_preset=\u00bbdefault\u00bb global_colors_info=\u00bb{}\u00bb][et_pb_text _builder_version=\u00bb4.17.6&#8243; _module_preset=\u00bbdefault\u00bb text_font_size=\u00bb18px\u00bb text_line_height=\u00bb1.8em\u00bb header_4_font_size=\u00bb20px\u00bb text_font_size_tablet=\u00bb18px\u00bb text_font_size_phone=\u00bb13px\u00bb text_font_size_last_edited=\u00bbon|phone\u00bb global_colors_info=\u00bb{}\u00bb]<\/p>\n<p class=\"font_8\"><strong><em>Referencias:<\/em><\/strong><\/p>\n<div id=\"comp-l6a3duhe\" class=\"_2Hij5 _3bcaz\" data-testid=\"richTextElement\">\n<p class=\"font_8\">Resoluciones de la 80.\u00aa Convenci\u00f3n General sobre la administraci\u00f3n ambiental y el cuidado de la creaci\u00f3n, y en particular A088 Comprometerse con el trabajo apremiante de abordar el cambio clim\u00e1tico global y la justicia ambiental<span><a href=\"https:\/\/www.vbinder.net\/resolutions\/88?house=HD&amp;lang=en\" target=\"_blank\" rel=\"noreferrer noopener\">https:\/\/www.vbinder.net\/resolutions\/88?house=HD&amp;lang=en<\/a><\/span><\/p>\n<p class=\"font_8\">Resoluci\u00f3n 5 de la convention 170 de la Di\u00f3cesis de California \u201cPl\u00e1sticos no biodegradables de un solo uso\u201d* (no enlace disponible)<\/p>\n<p class=\"font_8\">La resoluci\u00f3n C063 de la 79.\u00aa Convenci\u00f3n General (Defendiendo el bienestar de los oc\u00e9anos) nos llama a profundizar nuestra comprensi\u00f3n y compromiso con Ocean Health Work como comunidades cristianas a trav\u00e9s de la oraci\u00f3n y el estudio y luego actuar para apoyar y promover Ocean Health Work, incluso, cuando corresponda, en asociaci\u00f3n con organizaciones ecum\u00e9nicas, interreligiosas y no gubernamentales. <span><a href=\"https:\/\/www.episcopalarchives.org\/cgi-bin\/acts\/acts_search.pl\" target=\"_blank\" rel=\"noreferrer noopener\">https:\/\/www.episcopalarchives.org\/cgi-bin\/acts\/acts_search.pl<\/a><\/span><\/p>\n<p class=\"font_8\">Plastic Free July\u00ae es un movimiento global que ayuda a millones de personas a ser parte de la soluci\u00f3n a la contaminaci\u00f3n pl\u00e1stica, para que podamos tener calles, oc\u00e9anos y comunidades m\u00e1s limpias. <span><a href=\"https:\/\/www.plasticfreejuly.org\/\" target=\"_blank\" rel=\"noreferrer noopener\">https:\/\/www.plasticfreejuly.org\/<\/a><\/span><\/p>\n<p class=\"font_8\"><span>New York Times<\/span>, \u201cCalifornia Requires Plastics Makers to Foot the Bill for Recycling\u201d <span><a href=\"https:\/\/tinyurl.com\/2du3vcb5\" target=\"_blank\" rel=\"noreferrer noopener\">https:\/\/tinyurl.com\/2du3vcb5<\/a><\/span><\/p>\n<p class=\"font_8\">What to Know About California\u2019s Landmark Plastics Law<\/p>\n<p class=\"font_8\"><span><a href=\"https:\/\/www.nytimes.com\/2022\/07\/05\/us\/california-plastics-law.html?auth=login-google1tap&amp;login=google1tap\" target=\"_blank\" rel=\"noreferrer noopener\">https:\/\/www.nytimes.com\/2022\/07\/05\/us\/california-plastics-law.html?auth=login-google1tap&amp;login=google1tap<\/a><\/span><\/p>\n<p class=\"font_8\"><span>Plastic Wars<\/span>, PBS documentary<\/p>\n<p class=\"font_8\"><span><a href=\"https:\/\/www.pbs.org\/wgbh\/frontline\/documentary\/plastic-wars\/\" target=\"_blank\" rel=\"noreferrer noopener\">https:\/\/www.pbs.org\/wgbh\/frontline\/documentary\/plastic-wars\/<\/a><\/span><\/p>\n<p class=\"font_8\">Microplastics: Trouble in the Food Chain, a report of United Nations Environment Programme<\/p>\n<p class=\"font_8\"><span><a href=\"https:\/\/wesr.unep.org\/media\/docs\/early_warning\/microplastics.pdf\" target=\"_blank\" rel=\"noreferrer noopener\">https:\/\/wesr.unep.org\/media\/docs\/early_warning\/microplastics.pdf<\/a><\/span><\/p>\n<\/div>\n<section id=\"comp-l6a3duhh\" class=\"_3d64y\">\n<div id=\"bgLayers_comp-l6a3duhh\" data-hook=\"bgLayers\" class=\"_3wnIc\">\n<div data-testid=\"colorUnderlay\" class=\"_3KzuS _3SQN-\"><\/div>\n<\/div>\n<\/section>\n<p class=\"font_8\">\n<p>[\/et_pb_text][\/et_pb_column][\/et_pb_row][\/et_pb_section][et_pb_section fb_built=\u00bb1&#8243; admin_label=\u00bbComments\u00bb _builder_version=\u00bb4.16&#8243; global_colors_info=\u00bb{}\u00bb][et_pb_row column_structure=\u00bb1_2,1_2&#8243; _builder_version=\u00bb4.16&#8243; use_custom_width=\u00bbon\u00bb custom_width_px=\u00bb1280px\u00bb locked=\u00bboff\u00bb global_colors_info=\u00bb{}\u00bb][et_pb_column type=\u00bb1_2&#8243; _builder_version=\u00bb4.16&#8243; custom_padding=\u00bb|||\u00bb global_colors_info=\u00bb{}\u00bb custom_padding__hover=\u00bb|||\u00bb][et_pb_comments _builder_version=\u00bb4.17.6&#8243; _module_preset=\u00bbdefault\u00bb global_colors_info=\u00bb{}\u00bb][\/et_pb_comments][\/et_pb_column][et_pb_column type=\u00bb1_2&#8243; _builder_version=\u00bb4.16&#8243; custom_padding=\u00bb20px|||\u00bb custom_padding_tablet=\u00bb0px||\u00bb custom_padding_phone=\u00bb\u00bb custom_padding_last_edited=\u00bbon|tablet\u00bb global_colors_info=\u00bb{}\u00bb padding_tablet=\u00bb0px||\u00bb padding_last_edited=\u00bbon|tablet\u00bb custom_padding__hover=\u00bb|||\u00bb padding_phone=\u00bb0px||\u00bb][\/et_pb_column][\/et_pb_row][et_pb_row _builder_version=\u00bb4.16&#8243; use_custom_width=\u00bbon\u00bb custom_width_px=\u00bb1280px\u00bb global_colors_info=\u00bb{}\u00bb][et_pb_column type=\u00bb4_4&#8243; _builder_version=\u00bb4.16&#8243; custom_padding=\u00bb|||\u00bb global_colors_info=\u00bb{}\u00bb custom_padding__hover=\u00bb|||\u00bb][\/et_pb_column][\/et_pb_row][\/et_pb_section]<\/p>\n","protected":false},"excerpt":{"rendered":"<p>2022 Resoluci\u00f3n #7:Reducir o evitar los pl\u00e1sticos de un solo usoSecretario de la Convenci\u00f3n \u00daltima actualizaci\u00f3n: 25 de agosto de 2022Estado ~Esta resoluci\u00f3n ha sido retirada por su autor.~ Se [&hellip;]<\/p>\n","protected":false},"author":2,"featured_media":0,"parent":738,"menu_order":0,"comment_status":"open","ping_status":"closed","template":"","meta":{"_et_pb_use_builder":"on","_et_pb_old_content":"","_et_gb_content_width":"","footnotes":""},"class_list":["post-693","page","type-page","status-publish","hentry"],"featured_image_src":null,"featured_image_src_square":null,"jetpack_sharing_enabled":true,"_links":{"self":[{"href":"https:\/\/www.diocalconvention.org\/es\/wp-json\/wp\/v2\/pages\/693","targetHints":{"allow":["GET"]}}],"collection":[{"href":"https:\/\/www.diocalconvention.org\/es\/wp-json\/wp\/v2\/pages"}],"about":[{"href":"https:\/\/www.diocalconvention.org\/es\/wp-json\/wp\/v2\/types\/page"}],"author":[{"embeddable":true,"href":"https:\/\/www.diocalconvention.org\/es\/wp-json\/wp\/v2\/users\/2"}],"replies":[{"embeddable":true,"href":"https:\/\/www.diocalconvention.org\/es\/wp-json\/wp\/v2\/comments?post=693"}],"version-history":[{"count":5,"href":"https:\/\/www.diocalconvention.org\/es\/wp-json\/wp\/v2\/pages\/693\/revisions"}],"predecessor-version":[{"id":734,"href":"https:\/\/www.diocalconvention.org\/es\/wp-json\/wp\/v2\/pages\/693\/revisions\/734"}],"up":[{"embeddable":true,"href":"https:\/\/www.diocalconvention.org\/es\/wp-json\/wp\/v2\/pages\/738"}],"wp:attachment":[{"href":"https:\/\/www.diocalconvention.org\/es\/wp-json\/wp\/v2\/media?parent=693"}],"curies":[{"name":"wp","href":"https:\/\/api.w.org\/{rel}","templated":true}]}}