{"id":707,"date":"2022-09-15T03:56:48","date_gmt":"2022-09-15T10:56:48","guid":{"rendered":"https:\/\/www.diocalconvention.org\/2022resolucion2\/"},"modified":"2022-09-30T05:25:52","modified_gmt":"2022-09-30T05:25:52","slug":"2022resolucion2","status":"publish","type":"page","link":"https:\/\/www.diocalconvention.org\/es\/173-convention-agenda\/resoluciones22\/2022resolucion2\/","title":{"rendered":"2022Resoluci\u00f3n2"},"content":{"rendered":"<p>[et_pb_section fb_built=\u00bb1&#8243; admin_label=\u00bbHeader\u00bb _builder_version=\u00bb4.16&#8243; custom_width_px__hover=\u00bb1080px\u00bb custom_width_px__hover_enabled=\u00bb1080px\u00bb custom_width_percent__hover=\u00bb80%\u00bb custom_width_percent__hover_enabled=\u00bb80%\u00bb global_colors_info=\u00bb{}\u00bb make_fullwidth__hover=\u00bboff\u00bb make_fullwidth__hover_enabled=\u00bboff\u00bb use_custom_width__hover=\u00bboff\u00bb use_custom_width__hover_enabled=\u00bboff\u00bb width_unit__hover=\u00bbon\u00bb width_unit__hover_enabled=\u00bbon\u00bb][et_pb_row _builder_version=\u00bb4.16&#8243; use_custom_width=\u00bbon\u00bb custom_width_px=\u00bb1280px\u00bb custom_width_px__hover=\u00bb1080px\u00bb custom_width_px__hover_enabled=\u00bb1080px\u00bb custom_width_percent__hover=\u00bb80%\u00bb custom_width_percent__hover_enabled=\u00bb80%\u00bb global_colors_info=\u00bb{}\u00bb make_fullwidth__hover=\u00bboff\u00bb make_fullwidth__hover_enabled=\u00bboff\u00bb use_custom_width__hover=\u00bboff\u00bb use_custom_width__hover_enabled=\u00bboff\u00bb width_unit__hover=\u00bbon\u00bb width_unit__hover_enabled=\u00bbon\u00bb][et_pb_column type=\u00bb4_4&#8243; _builder_version=\u00bb4.16&#8243; global_colors_info=\u00bb{}\u00bb padding_tablet=\u00bb30px||10px\u00bb padding_last_edited=\u00bbon|tablet\u00bb padding_phone=\u00bb30px||10px\u00bb][et_pb_text _builder_version=\u00bb4.17.6&#8243; _module_preset=\u00bbdefault\u00bb header_font=\u00bbVidaloka||||||||\u00bb header_text_align=\u00bbcenter\u00bb header_font_size=\u00bb60px\u00bb header_line_height=\u00bb1.15em\u00bb global_colors_info=\u00bb{}\u00bb]<\/p>\n<h1 class=\"font_3\"><span>2022 Resoluci\u00f3n #2:<br \/>Florence Li Tim-Oi Project<\/span><\/h1>\n<p>[\/et_pb_text][\/et_pb_column][\/et_pb_row][\/et_pb_section][et_pb_section fb_built=\u00bb1&#8243; admin_label=\u00bbContent\u00bb module_id=\u00bbcontent\u00bb _builder_version=\u00bb4.16&#8243; min_height=\u00bb1640px\u00bb custom_padding=\u00bb||0px|||\u00bb custom_width_px__hover=\u00bb1080px\u00bb custom_width_px__hover_enabled=\u00bb1080px\u00bb custom_width_percent__hover=\u00bb80%\u00bb custom_width_percent__hover_enabled=\u00bb80%\u00bb global_colors_info=\u00bb{}\u00bb make_fullwidth__hover=\u00bboff\u00bb make_fullwidth__hover_enabled=\u00bboff\u00bb use_custom_width__hover=\u00bboff\u00bb use_custom_width__hover_enabled=\u00bboff\u00bb width_unit__hover=\u00bbon\u00bb width_unit__hover_enabled=\u00bbon\u00bb][et_pb_row _builder_version=\u00bb4.17.6&#8243; _module_preset=\u00bbdefault\u00bb global_colors_info=\u00bb{}\u00bb][et_pb_column type=\u00bb4_4&#8243; _builder_version=\u00bb4.17.6&#8243; _module_preset=\u00bbdefault\u00bb global_colors_info=\u00bb{}\u00bb][et_pb_text _builder_version=\u00bb4.17.6&#8243; _module_preset=\u00bbdefault\u00bb text_font_size=\u00bb18px\u00bb text_line_height=\u00bb1.8em\u00bb header_4_font_size=\u00bb20px\u00bb text_font_size_tablet=\u00bb18px\u00bb text_font_size_phone=\u00bb13px\u00bb text_font_size_last_edited=\u00bbon|phone\u00bb global_colors_info=\u00bb{}\u00bb]<\/p>\n<p class=\"font_8\"><span>Secretario de la Convenci\u00f3n<\/span><\/p>\n<p class=\"font_8\"><strong>\u00daltima actualizaci\u00f3n: 27 de septiembre de 2022<span><\/span><\/strong><\/p>\n<p>[\/et_pb_text][\/et_pb_column][\/et_pb_row][et_pb_row _builder_version=\u00bb4.16&#8243; use_custom_width=\u00bbon\u00bb custom_width_px=\u00bb1280px\u00bb custom_width_px__hover=\u00bb1080px\u00bb custom_width_px__hover_enabled=\u00bb1080px\u00bb custom_width_percent__hover=\u00bb80%\u00bb custom_width_percent__hover_enabled=\u00bb80%\u00bb global_colors_info=\u00bb{}\u00bb use_custom_width__hover=\u00bboff\u00bb use_custom_width__hover_enabled=\u00bboff\u00bb width_unit__hover=\u00bbon\u00bb width_unit__hover_enabled=\u00bbon\u00bb make_fullwidth__hover=\u00bboff\u00bb make_fullwidth__hover_enabled=\u00bboff\u00bb][et_pb_column type=\u00bb4_4&#8243; _builder_version=\u00bb4.16&#8243; custom_padding=\u00bb|||\u00bb global_colors_info=\u00bb{}\u00bb custom_padding__hover=\u00bb|||\u00bb][et_pb_text _builder_version=\u00bb4.17.6&#8243; _module_preset=\u00bb7262e956-c376-4aa6-9642-c413f71527d0&#8243; text_font_size=\u00bb18px\u00bb text_line_height=\u00bb1.8em\u00bb header_4_font_size=\u00bb20px\u00bb text_font_size_tablet=\u00bb\u00bb text_font_size_phone=\u00bb13px\u00bb text_font_size_last_edited=\u00bbon|phone\u00bb header_font_size_tablet=\u00bb55px\u00bb header_font_size_last_edited=\u00bboff|desktop\u00bb global_colors_info=\u00bb{}\u00bb]<\/p>\n<h4 class=\"font_8\"><em><strong>Estado<\/strong><\/em><\/h4>\n<p class=\"font_8\"><em><b><span>Esta resoluci\u00f3n ha sido revisada por el comit\u00e9 de resoluciones y est\u00e1 en su forma final, a menos que los proponentes decidan hacer cambios adicionales. El comit\u00e9 recomienda que el Comit\u00e9 de Despacho de Asuntos lo coloque en el Calendario de Consentimiento.<\/span><\/b><\/em><\/p>\n<p class=\"font_8\"><span><em><strong>Se resuelve<\/strong><\/em>,<\/span> <span>Que la 173.\u00aa Convenci\u00f3n de la Di\u00f3cesis de California ratifica la Resoluci\u00f3n 2022-D079 de la Convenci\u00f3n General, 80.\u00ba Programa Aniversario Honrando a Florence Li Tim-Qi, y llama a la formaci\u00f3n de un comit\u00e9 diocesano de consejo.<\/span><\/p>\n<p class=\"font_8\"><span><strong><em>\u200bSe resuelve<\/em><\/strong>,<\/span> <span>Que esta Convenci\u00f3n confirma la participaci\u00f3n de la Di\u00f3cesis de California en el 80.\u00ba Aniversario de la vocaci\u00f3n al sacerdocio del Bendito Florence Li Tim-Qi el 25 de enero de 2024.<\/span><\/p>\n<p class=\"font_8\"><span><strong><em>Se resuelve<\/em><\/strong>,<\/span> <span>Que esta Convenci\u00f3n le pide al Obispo que organice y nombre un comit\u00e9 de consejo de entre tres y cinco miembros, sean cl\u00e9rigos y\/o fieles laicos, para que planeen y coordinen en conjunto con otras di\u00f3cesis participantes as\u00ed como con el Team Beyond de el Centro de la Iglesia Episcopal; y<\/span><\/p>\n<p class=\"font_8\"><span>\u200b\u200b<strong><em>Se resuelve,<\/em><\/strong><\/span> <span>Que el comit\u00e9 de consejo ejercer\u00e1 sus funciones hasta el 31 de enero de 2024 para coincidir con el Team Beyond en el Centro de la Iglesia Episcopal.<\/span><\/p>\n<p class=\"font_8\"><strong><em>Explicaci\u00f3n:<\/em><\/strong><\/p>\n<p class=\"font_8\">En el 2018, <span><a href=\"https:\/\/en.wikipedia.org\/wiki\/Florence_Li_Tim-Oi\" target=\"_blank\" rel=\"noreferrer noopener\">Florence Li Tim-Oi<\/a><\/span> \u674e\u6dfb\u5b21 fue nombrado miembro permanente del Calendario de Santos de la Iglesia Episcopal (Fiestas y Ayunos Menores): GC 2018-A066). La 80.\u00aa Convenci\u00f3n General adopt\u00f3 la resoluci\u00f3n D079, 80ta Programa de Aniversario Honrando a Florence Li Tim-Qi. Aqu\u00ed se encuentran descritos los objetivos del proyecto:<\/p>\n<ol class=\"font_8\">\n<li>\n<p class=\"font_8\">Las Di\u00f3cesis de California, Los \u00c1ngeles y Nueva York formar\u00e1n comit\u00e9s de consejo para asistir con los programas para planificar el 80.\u00ba Aniversario. La participaci\u00f3n de otras di\u00f3cesis es bienvenida. En el 2023, cada di\u00f3cesis hospedar\u00e1 y desarrollar\u00e1 de 2 a 3 talleres virtuales utilizando los recursos compartidos que tratan el discernimiento pastoral, la vocaci\u00f3n, el sacerdocio y la lucha de Li Tim-Qi durante su vida.<\/p>\n<\/li>\n<li>\n<p class=\"font_8\">Durante el 2023, el personal del Obispo a cargo, es decir, el Team Beyond y el Oficial de la Asia &amp; Pacific Partnership comenzar\u00e1n a conversar con la Iglesia Anglicana de Hong Kong (Hong Kong Sheng Kung Hui) sobre los planes para que haya un representante en persona en las regiones de Hong Kong y Macao. Incertezas: 1) el clima politico en Asia y 2) cualquier otro brote de una variante del COVID durante el invierno entre 2023 y 2024.<\/p>\n<\/li>\n<li>\n<p class=\"font_8\">Este peregrinaje desarrollar\u00e1 los materiales trabajados en los talleres virtuales del 2023. Las tres catedrales, Todos los Santos (Dio Oeste de Kowloon) y San Juan (Dio Isla de Hong Kong), como la congregaci\u00f3n de Li Tim-Qi en la Capilla Protestante de Macaoser\u00edan desginados lugares de visita y de servicio religioso. <\/p>\n<\/li>\n<li>\n<p class=\"font_8\">Tanto ambas catedrales, Todos los Santos (Dio Oeste de Kowloon) y San Juan (Dio Isla de Hong Kong), como la congregaci\u00f3n de Li Tim-Qi en la Capilla Protestante de Macaoser\u00edan desginados lugares de visita y de servicio religioso.<\/p>\n<\/li>\n<\/ol>\n<p class=\"font_8\">Tanto ambas catedrales, Todos los Santos (Dio Oeste de Kowloon) y San Juan (Dio Isla de Hong Kong), como la congregaci\u00f3n de Li Tim-Qi en la Capilla Protestante de Macaoser\u00edan desginados lugares de visita y de servicio religioso. Se aceptan con gratitud otras contribuciones. El viaje no usar\u00e1 ning\u00fan fondo diocesano.<\/p>\n<p class=\"font_8\">Referencias: <span><a href=\"https:\/\/www.vbinder.net\/resolutions\/322\/finalization?house=HD&amp;lang+en\" target=\"_blank\" rel=\"noreferrer noopener\">80.\u00ba Programa de Aniversario Honrando a Florence Li Tim-Qi <\/a><\/span><\/p>\n<p>[\/et_pb_text][\/et_pb_column][\/et_pb_row][et_pb_row _builder_version=\u00bb4.17.6&#8243; _module_preset=\u00bbdefault\u00bb global_colors_info=\u00bb{}\u00bb][et_pb_column type=\u00bb4_4&#8243; _builder_version=\u00bb4.17.6&#8243; _module_preset=\u00bbdefault\u00bb global_colors_info=\u00bb{}\u00bb][et_pb_text _builder_version=\u00bb4.17.6&#8243; _module_preset=\u00bbdefault\u00bb text_font_size=\u00bb18px\u00bb text_line_height=\u00bb1.8em\u00bb header_4_font_size=\u00bb20px\u00bb text_font_size_tablet=\u00bb18px\u00bb text_font_size_phone=\u00bb13px\u00bb text_font_size_last_edited=\u00bbon|phone\u00bb global_colors_info=\u00bb{}\u00bb]<\/p>\n<p class=\"font_8\"><strong><em>Enviado por:<\/em><\/strong><\/p>\n<p class=\"font_8\">Warren J. Wong, Delegate, St. James SF <span><a href=\"mailto:wjwstjames@gmail.com\" target=\"_self\" rel=\"noopener\">wjwstjames@gmail.com<\/a><\/span> (San Francisco Deanery)<br \/>The Rev. Canon Debbie Low-Skinner, Canon to the Ordinary, Diocese of California<br \/>The Rev. Dr. Cameron Partridge, Rector, St. Aidan\u2019s SF (San Francisco Deanery)<br \/>Emily Hopkins, Delegate, St. Paul\u2019s Walnut Creek (Contra Costa Deanery)<\/p>\n<p class=\"font_8\">\n<p>[\/et_pb_text][\/et_pb_column][\/et_pb_row][\/et_pb_section][et_pb_section fb_built=\u00bb1&#8243; admin_label=\u00bbComments\u00bb _builder_version=\u00bb4.16&#8243; global_colors_info=\u00bb{}\u00bb][et_pb_row _builder_version=\u00bb4.16&#8243; use_custom_width=\u00bbon\u00bb custom_width_px=\u00bb1280px\u00bb global_colors_info=\u00bb{}\u00bb][et_pb_column type=\u00bb4_4&#8243; _builder_version=\u00bb4.16&#8243; custom_padding=\u00bb|||\u00bb global_colors_info=\u00bb{}\u00bb custom_padding__hover=\u00bb|||\u00bb][et_pb_comments show_avatar=\u00bboff\u00bb show_count=\u00bboff\u00bb _builder_version=\u00bb4.17.6&#8243; form_field_background_color=\u00bbRGBA(0,0,0,0)\u00bb form_field_text_color=\u00bb#161616&#8243; header_level=\u00bbh4&#8243; header_font=\u00bbWork Sans|700|||||||\u00bb header_font_size=\u00bb18px\u00bb header_line_height=\u00bb1.4em\u00bb title_font=\u00bbVidaloka||||||||\u00bb form_field_font_size=\u00bb16px\u00bb form_field_line_height=\u00bb1.8em\u00bb custom_button=\u00bbon\u00bb button_text_size=\u00bb16px\u00bb button_text_color=\u00bb#161616&#8243; button_bg_color=\u00bb#e3e1dd\u00bb button_border_width=\u00bb0px\u00bb button_border_radius=\u00bb0px\u00bb button_font=\u00bbVidaloka||||||||\u00bb button_custom_padding=\u00bb10px|24px|10px|24px|true|true\u00bb button_text_size_tablet=\u00bb17px\u00bb button_text_size_phone=\u00bb16px\u00bb button_text_size_last_edited=\u00bbon|desktop\u00bb border_radii_fields=\u00bbon|0px|0px|0px|0px\u00bb border_width_all_fields=\u00bb1px\u00bb border_color_all_fields=\u00bb#E3E1DD\u00bb form_background_color=\u00bbrgba(26,10,56,0.03)\u00bb global_colors_info=\u00bb{%22gcid-70e8f1e6-78eb-4f52-a811-0c9b614afdc2%22:%91%93}\u00bb button_bg_color__hover_enabled=\u00bboff|hover\u00bb][\/et_pb_comments][\/et_pb_column][\/et_pb_row][\/et_pb_section][et_pb_section fb_built=\u00bb1&#8243; _builder_version=\u00bb4.17.6&#8243; _module_preset=\u00bbdefault\u00bb global_colors_info=\u00bb{}\u00bb][\/et_pb_section]<\/p>\n","protected":false},"excerpt":{"rendered":"<p>2022 Resoluci\u00f3n #2:Florence Li Tim-Oi ProjectSecretario de la Convenci\u00f3n \u00daltima actualizaci\u00f3n: 27 de septiembre de 2022Estado Esta resoluci\u00f3n ha sido revisada por el comit\u00e9 de resoluciones y est\u00e1 en su [&hellip;]<\/p>\n","protected":false},"author":2,"featured_media":0,"parent":738,"menu_order":0,"comment_status":"open","ping_status":"closed","template":"","meta":{"_et_pb_use_builder":"on","_et_pb_old_content":"","_et_gb_content_width":"","footnotes":""},"class_list":["post-707","page","type-page","status-publish","hentry"],"featured_image_src":null,"featured_image_src_square":null,"jetpack_sharing_enabled":true,"_links":{"self":[{"href":"https:\/\/www.diocalconvention.org\/es\/wp-json\/wp\/v2\/pages\/707","targetHints":{"allow":["GET"]}}],"collection":[{"href":"https:\/\/www.diocalconvention.org\/es\/wp-json\/wp\/v2\/pages"}],"about":[{"href":"https:\/\/www.diocalconvention.org\/es\/wp-json\/wp\/v2\/types\/page"}],"author":[{"embeddable":true,"href":"https:\/\/www.diocalconvention.org\/es\/wp-json\/wp\/v2\/users\/2"}],"replies":[{"embeddable":true,"href":"https:\/\/www.diocalconvention.org\/es\/wp-json\/wp\/v2\/comments?post=707"}],"version-history":[{"count":2,"href":"https:\/\/www.diocalconvention.org\/es\/wp-json\/wp\/v2\/pages\/707\/revisions"}],"predecessor-version":[{"id":709,"href":"https:\/\/www.diocalconvention.org\/es\/wp-json\/wp\/v2\/pages\/707\/revisions\/709"}],"up":[{"embeddable":true,"href":"https:\/\/www.diocalconvention.org\/es\/wp-json\/wp\/v2\/pages\/738"}],"wp:attachment":[{"href":"https:\/\/www.diocalconvention.org\/es\/wp-json\/wp\/v2\/media?parent=707"}],"curies":[{"name":"wp","href":"https:\/\/api.w.org\/{rel}","templated":true}]}}