{"id":761,"date":"2022-09-10T01:05:26","date_gmt":"2022-09-10T08:05:26","guid":{"rendered":"https:\/\/www.diocalconvention.org\/financials22\/"},"modified":"2022-10-28T23:44:00","modified_gmt":"2022-10-28T23:44:00","slug":"financials22","status":"publish","type":"page","link":"https:\/\/www.diocalconvention.org\/es\/173-convention-agenda\/financials22\/","title":{"rendered":"Financials22"},"content":{"rendered":"<p>[et_pb_section fb_built=\u00bb1&#8243; admin_label=\u00bbHeader\u00bb _builder_version=\u00bb4.17.6&#8243; background_color=\u00bb#330072&#8243; use_background_color_gradient=\u00bbon\u00bb background_color_gradient_stops=\u00bbrgba(0,19,46,0.6) 0%|rgba(0,19,46,0.6) 100%\u00bb background_color_gradient_overlays_image=\u00bbon\u00bb background_color_gradient_start=\u00bbrgba(0,19,46,0.6)\u00bb background_color_gradient_end=\u00bbrgba(0,19,46,0.6)\u00bb background_enable_image=\u00bboff\u00bb custom_padding=\u00bb||||false|false\u00bb locked=\u00bboff\u00bb global_colors_info=\u00bb{}\u00bb][et_pb_row make_equal=\u00bbon\u00bb _builder_version=\u00bb4.16&#8243; global_colors_info=\u00bb{}\u00bb][et_pb_column type=\u00bb4_4&#8243; _builder_version=\u00bb4.16&#8243; global_colors_info=\u00bb{}\u00bb][et_pb_text _builder_version=\u00bb4.17.6&#8243; header_font_size=\u00bb90px\u00bb background_layout=\u00bbdark\u00bb max_width=\u00bb996px\u00bb custom_margin=\u00bb||||false|false\u00bb header_font_size_tablet=\u00bb70px\u00bb header_font_size_phone=\u00bb41px\u00bb header_font_size_last_edited=\u00bbon|phone\u00bb global_colors_info=\u00bb{}\u00bb]<\/p>\n<h1 style=\"text-align: center;\">Finanzas de la convenci\u00f3n<\/h1>\n<p>[\/et_pb_text][\/et_pb_column][\/et_pb_row][\/et_pb_section][et_pb_section fb_built=\u00bb1&#8243; admin_label=\u00bbServices\u00bb _builder_version=\u00bb4.16&#8243; custom_padding=\u00bb54px|||||\u00bb global_colors_info=\u00bb{}\u00bb][et_pb_row column_structure=\u00bb1_2,1_2&#8243; _builder_version=\u00bb4.16&#8243; global_colors_info=\u00bb{}\u00bb][et_pb_column type=\u00bb1_2&#8243; _builder_version=\u00bb4.16&#8243; global_colors_info=\u00bb{}\u00bb][et_pb_blurb title=\u00bbPresupuesto \u00bb image=\u00bbhttps:\/\/www.diocalconvention.org\/wp-content\/uploads\/2022\/09\/financial-advisor-icon-91x.png\u00bb icon_placement=\u00bbleft\u00bb image_icon_width=\u00bb64px\u00bb content_max_width=\u00bb100%\u00bb image_icon_width_tablet=\u00bb64px\u00bb image_icon_width_phone=\u00bb32px\u00bb image_icon_width_last_edited=\u00bbon|tablet\u00bb _builder_version=\u00bb4.17.6&#8243; header_font=\u00bb|900|||||||\u00bb header_font_size=\u00bb22px\u00bb header_line_height=\u00bb1.4em\u00bb body_font=\u00bbDarker Grotesque|600|||||||\u00bb body_font_size=\u00bb18px\u00bb body_line_height=\u00bb1.4em\u00bb background_color=\u00bb#E3E1DD\u00bb custom_padding=\u00bb40px|20px|40px|20px|true|true\u00bb animation=\u00bboff\u00bb link_option_url=\u00bbhttps:\/\/www.diocalconvention.org\/wp-content\/uploads\/2022\/09\/Conv-Booklet-Proposed-2023-Budget.pdf\u00bb image_max_width=\u00bb64px\u00bb image_max_width_tablet=\u00bb\u00bb image_max_width_phone=\u00bb32px\u00bb image_max_width_last_edited=\u00bbon|tablet\u00bb global_colors_info=\u00bb{}\u00bb]<\/p>\n<p>Presupuesto sugerido para 2023<\/p>\n<p>[\/et_pb_blurb][\/et_pb_column][et_pb_column type=\u00bb1_2&#8243; _builder_version=\u00bb4.16&#8243; global_colors_info=\u00bb{}\u00bb][et_pb_blurb title=\u00bbF\u00f3rmula de Cuota financiera \u00bb image=\u00bbhttps:\/\/www.diocalconvention.org\/wp-content\/uploads\/2022\/09\/financial-advisor-icon-91x.png\u00bb icon_placement=\u00bbleft\u00bb image_icon_width=\u00bb64px\u00bb content_max_width=\u00bb100%\u00bb image_icon_width_tablet=\u00bb64px\u00bb image_icon_width_phone=\u00bb32px\u00bb image_icon_width_last_edited=\u00bbon|tablet\u00bb _builder_version=\u00bb4.18.0&#8243; header_font=\u00bbDarker Grotesque|900|||||||\u00bb header_font_size=\u00bb22px\u00bb header_line_height=\u00bb1.4em\u00bb body_font=\u00bbDarker Grotesque|600|||||||\u00bb body_font_size=\u00bb18px\u00bb body_line_height=\u00bb1.4em\u00bb background_color=\u00bb#E3E1DD\u00bb custom_padding=\u00bb40px|20px|40px|20px|true|true\u00bb animation=\u00bboff\u00bb link_option_url=\u00bb@ET-DC@eyJkeW5hbWljIjp0cnVlLCJjb250ZW50IjoicG9zdF9saW5rX3VybF9wYWdlIiwic2V0dGluZ3MiOnsicG9zdF9pZCI6IjEyNzAifX0=@\u00bb hover_enabled=\u00bb0&#8243; image_max_width=\u00bb64px\u00bb image_max_width_tablet=\u00bb\u00bb image_max_width_phone=\u00bb32px\u00bb image_max_width_last_edited=\u00bbon|tablet\u00bb global_colors_info=\u00bb{}\u00bb _dynamic_attributes=\u00bblink_option_url\u00bb sticky_enabled=\u00bb0&#8243;][\/et_pb_blurb][\/et_pb_column][\/et_pb_row][et_pb_row column_structure=\u00bb1_2,1_2&#8243; _builder_version=\u00bb4.16&#8243; global_colors_info=\u00bb{}\u00bb][et_pb_column type=\u00bb1_2&#8243; _builder_version=\u00bb4.16&#8243; global_colors_info=\u00bb{}\u00bb][et_pb_blurb title=\u00bbActuales \u00bb image=\u00bbhttps:\/\/www.diocalconvention.org\/wp-content\/uploads\/2022\/09\/financial-advisor-icon-41x.png\u00bb icon_placement=\u00bbleft\u00bb image_icon_width=\u00bb64px\u00bb content_max_width=\u00bb100%\u00bb image_icon_width_tablet=\u00bb64px\u00bb image_icon_width_phone=\u00bb32px\u00bb image_icon_width_last_edited=\u00bbon|tablet\u00bb _builder_version=\u00bb4.17.6&#8243; header_font=\u00bbDarker Grotesque|900|||||||\u00bb header_font_size=\u00bb22px\u00bb header_line_height=\u00bb1.4em\u00bb body_font=\u00bbDarker Grotesque|600|||||||\u00bb body_font_size=\u00bb18px\u00bb body_line_height=\u00bb1.4em\u00bb background_color=\u00bb#E3E1DD\u00bb custom_padding=\u00bb40px|20px|40px|20px|true|true\u00bb animation=\u00bboff\u00bb link_option_url=\u00bbhttps:\/\/www.diocalconvention.org\/wp-content\/uploads\/2022\/09\/Conv-Booklet-Current-Year-Budget-to-Actual-at-June.pdf\u00bb image_max_width=\u00bb64px\u00bb image_max_width_tablet=\u00bb\u00bb image_max_width_phone=\u00bb32px\u00bb image_max_width_last_edited=\u00bbon|tablet\u00bb locked=\u00bboff\u00bb global_colors_info=\u00bb{}\u00bb]<\/p>\n<p>Datos reales del presupuesto del a\u00f1o en curso a junio<\/p>\n<p>[\/et_pb_blurb][\/et_pb_column][et_pb_column type=\u00bb1_2&#8243; _builder_version=\u00bb4.16&#8243; global_colors_info=\u00bb{}\u00bb][et_pb_blurb title=\u00bbSituaci\u00f3n financiera\u00bb image=\u00bbhttps:\/\/www.diocalconvention.org\/wp-content\/uploads\/2022\/09\/financial-advisor-icon-41x.png\u00bb icon_placement=\u00bbleft\u00bb image_icon_width=\u00bb64px\u00bb content_max_width=\u00bb100%\u00bb image_icon_width_tablet=\u00bb64px\u00bb image_icon_width_phone=\u00bb32px\u00bb image_icon_width_last_edited=\u00bbon|tablet\u00bb _builder_version=\u00bb4.17.6&#8243; header_font=\u00bbDarker Grotesque|900|||||||\u00bb header_font_size=\u00bb22px\u00bb header_line_height=\u00bb1.4em\u00bb body_font=\u00bbDarker Grotesque|600|||||||\u00bb body_font_size=\u00bb18px\u00bb body_line_height=\u00bb1.4em\u00bb background_color=\u00bb#E3E1DD\u00bb custom_padding=\u00bb40px|20px|40px|20px|true|true\u00bb animation=\u00bboff\u00bb link_option_url=\u00bbhttps:\/\/www.diocalconvention.org\/wp-content\/uploads\/2022\/09\/Conv-Booklet-Statement-of-Financial-Position.pdf\u00bb image_max_width=\u00bb64px\u00bb image_max_width_tablet=\u00bb\u00bb image_max_width_phone=\u00bb32px\u00bb image_max_width_last_edited=\u00bbon|tablet\u00bb locked=\u00bboff\u00bb global_colors_info=\u00bb{}\u00bb]<\/p>\n<p>Estado de situaci\u00f3n financiera<\/p>\n<p>[\/et_pb_blurb][\/et_pb_column][\/et_pb_row][et_pb_row column_structure=\u00bb1_2,1_2&#8243; _builder_version=\u00bb4.16&#8243; global_colors_info=\u00bb{}\u00bb][et_pb_column type=\u00bb1_2&#8243; _builder_version=\u00bb4.16&#8243; global_colors_info=\u00bb{}\u00bb][et_pb_blurb title=\u00bbInforme de compensaci\u00f3n del clero\u00bb image=\u00bbhttps:\/\/www.diocalconvention.org\/wp-content\/uploads\/2022\/09\/financial-advisor-icon-61x.png\u00bb icon_placement=\u00bbleft\u00bb image_icon_width=\u00bb64px\u00bb content_max_width=\u00bb100%\u00bb image_icon_width_tablet=\u00bb64px\u00bb image_icon_width_phone=\u00bb32px\u00bb image_icon_width_last_edited=\u00bbon|tablet\u00bb _builder_version=\u00bb4.17.6&#8243; header_font=\u00bbDarker Grotesque|900|||||||\u00bb header_font_size=\u00bb22px\u00bb header_line_height=\u00bb1.4em\u00bb body_font=\u00bbDarker Grotesque|600|||||||\u00bb body_font_size=\u00bb18px\u00bb body_line_height=\u00bb1.4em\u00bb background_color=\u00bb#E3E1DD\u00bb custom_padding=\u00bb40px|20px|40px|20px|true|true\u00bb animation=\u00bboff\u00bb link_option_url=\u00bbhttps:\/\/www.diocalconvention.org\/wp-content\/uploads\/2022\/09\/Clergy-compensation-website-.pdf\u00bb image_max_width=\u00bb64px\u00bb image_max_width_tablet=\u00bb\u00bb image_max_width_phone=\u00bb32px\u00bb image_max_width_last_edited=\u00bbon|tablet\u00bb global_colors_info=\u00bb{}\u00bb][\/et_pb_blurb][\/et_pb_column][et_pb_column type=\u00bb1_2&#8243; _builder_version=\u00bb4.16&#8243; global_colors_info=\u00bb{}\u00bb][et_pb_blurb title=\u00bbResoluci\u00f3n de salario\u00bb image=\u00bbhttps:\/\/www.diocalconvention.org\/wp-content\/uploads\/2022\/09\/financial-advisor-icon-61x.png\u00bb icon_placement=\u00bbleft\u00bb image_icon_width=\u00bb64px\u00bb content_max_width=\u00bb100%\u00bb image_icon_width_tablet=\u00bb64px\u00bb image_icon_width_phone=\u00bb32px\u00bb image_icon_width_last_edited=\u00bbon|tablet\u00bb _builder_version=\u00bb4.18.0&#8243; _dynamic_attributes=\u00bblink_option_url\u00bb header_font=\u00bbDarker Grotesque|900|||||||\u00bb header_font_size=\u00bb22px\u00bb header_line_height=\u00bb1.4em\u00bb body_font=\u00bbDarker Grotesque|600|||||||\u00bb body_font_size=\u00bb18px\u00bb body_line_height=\u00bb1.4em\u00bb background_color=\u00bb#E3E1DD\u00bb custom_padding=\u00bb40px|20px|40px|20px|true|true\u00bb animation=\u00bboff\u00bb link_option_url=\u00bb@ET-DC@eyJkeW5hbWljIjp0cnVlLCJjb250ZW50IjoicG9zdF9saW5rX3VybF9wYWdlIiwic2V0dGluZ3MiOnsicG9zdF9pZCI6IjEwOTUifX0=@\u00bb image_max_width=\u00bb64px\u00bb image_max_width_tablet=\u00bb\u00bb image_max_width_phone=\u00bb32px\u00bb image_max_width_last_edited=\u00bbon|tablet\u00bb global_colors_info=\u00bb{}\u00bb][\/et_pb_blurb][\/et_pb_column][\/et_pb_row][et_pb_row column_structure=\u00bb1_2,1_2&#8243; _builder_version=\u00bb4.16&#8243; global_colors_info=\u00bb{}\u00bb][et_pb_column type=\u00bb1_2&#8243; _builder_version=\u00bb4.16&#8243; global_colors_info=\u00bb{}\u00bb][et_pb_blurb title=\u00bbDeclaraci\u00f3n de Actividades \u00bb image=\u00bbhttps:\/\/www.diocalconvention.org\/wp-content\/uploads\/2022\/09\/financial-advisor-icon-81x.png\u00bb icon_placement=\u00bbleft\u00bb image_icon_width=\u00bb64px\u00bb content_max_width=\u00bb100%\u00bb image_icon_width_tablet=\u00bb64px\u00bb image_icon_width_phone=\u00bb32px\u00bb image_icon_width_last_edited=\u00bbon|tablet\u00bb _builder_version=\u00bb4.17.6&#8243; header_font=\u00bbDarker Grotesque|900|||||||\u00bb header_font_size=\u00bb22px\u00bb header_line_height=\u00bb1.4em\u00bb body_font=\u00bbDarker Grotesque|600|||||||\u00bb body_font_size=\u00bb18px\u00bb body_line_height=\u00bb1.4em\u00bb background_color=\u00bb#E3E1DD\u00bb custom_padding=\u00bb40px|20px|40px|20px|true|true\u00bb animation=\u00bboff\u00bb link_option_url=\u00bbhttps:\/\/www.diocalconvention.org\/wp-content\/uploads\/2022\/09\/Conv-Booklet-Statement-of-Activities.pdf\u00bb image_max_width=\u00bb64px\u00bb image_max_width_tablet=\u00bb\u00bb image_max_width_phone=\u00bb32px\u00bb image_max_width_last_edited=\u00bbon|tablet\u00bb global_colors_info=\u00bb{}\u00bb][\/et_pb_blurb][\/et_pb_column][et_pb_column type=\u00bb1_2&#8243; _builder_version=\u00bb4.16&#8243; global_colors_info=\u00bb{}\u00bb][et_pb_blurb title=\u00bbCorporaci\u00f3n Sole \u00bb image=\u00bbhttps:\/\/www.diocalconvention.org\/wp-content\/uploads\/2022\/09\/financial-advisor-icon-81x.png\u00bb icon_placement=\u00bbleft\u00bb image_icon_width=\u00bb64px\u00bb content_max_width=\u00bb100%\u00bb image_icon_width_tablet=\u00bb64px\u00bb image_icon_width_phone=\u00bb32px\u00bb image_icon_width_last_edited=\u00bbon|tablet\u00bb _builder_version=\u00bb4.17.6&#8243; header_font=\u00bbDarker Grotesque|900|||||||\u00bb header_font_size=\u00bb22px\u00bb header_line_height=\u00bb1.4em\u00bb body_font=\u00bbDarker Grotesque|600|||||||\u00bb body_font_size=\u00bb18px\u00bb body_line_height=\u00bb1.4em\u00bb background_color=\u00bb#E3E1DD\u00bb custom_padding=\u00bb40px|20px|40px|20px|true|true\u00bb animation=\u00bboff\u00bb link_option_url=\u00bbhttps:\/\/www.diocalconvention.org\/wp-content\/uploads\/2022\/09\/Coporation-sole-website-.pdf\u00bb image_max_width=\u00bb64px\u00bb image_max_width_tablet=\u00bb\u00bb image_max_width_phone=\u00bb32px\u00bb image_max_width_last_edited=\u00bbon|tablet\u00bb locked=\u00bboff\u00bb global_colors_info=\u00bb{}\u00bb][\/et_pb_blurb][\/et_pb_column][\/et_pb_row][et_pb_row column_structure=\u00bb1_2,1_2&#8243; _builder_version=\u00bb4.17.6&#8243; global_colors_info=\u00bb{}\u00bb][et_pb_column type=\u00bb1_2&#8243; _builder_version=\u00bb4.16&#8243; global_colors_info=\u00bb{}\u00bb][et_pb_blurb title=\u00bbEstructura de grado congregacional \u00bb image=\u00bbhttps:\/\/www.diocalconvention.org\/wp-content\/uploads\/2022\/09\/financial-advisor-icon-121x.png\u00bb icon_placement=\u00bbleft\u00bb image_icon_width=\u00bb64px\u00bb content_max_width=\u00bb100%\u00bb image_icon_width_tablet=\u00bb64px\u00bb image_icon_width_phone=\u00bb32px\u00bb image_icon_width_last_edited=\u00bbon|tablet\u00bb _builder_version=\u00bb4.17.6&#8243; header_font=\u00bbDarker Grotesque|900|||||||\u00bb header_font_size=\u00bb22px\u00bb header_line_height=\u00bb1.4em\u00bb body_font=\u00bbDarker Grotesque|600|||||||\u00bb body_font_size=\u00bb18px\u00bb body_line_height=\u00bb1.4em\u00bb background_color=\u00bb#E3E1DD\u00bb custom_padding=\u00bb40px|20px|40px|20px|true|true\u00bb animation=\u00bboff\u00bb link_option_url=\u00bbhttps:\/\/www.diocalconvention.org\/wp-content\/uploads\/2022\/09\/Con-grade-website-.pdf\u00bb image_max_width=\u00bb64px\u00bb image_max_width_tablet=\u00bb\u00bb image_max_width_phone=\u00bb32px\u00bb image_max_width_last_edited=\u00bbon|tablet\u00bb global_colors_info=\u00bb{}\u00bb][\/et_pb_blurb][\/et_pb_column][et_pb_column type=\u00bb1_2&#8243; _builder_version=\u00bb4.16&#8243; global_colors_info=\u00bb{}\u00bb][\/et_pb_column][\/et_pb_row][\/et_pb_section][et_pb_section fb_built=\u00bb1&#8243; admin_label=\u00bbCTA\u00bb _builder_version=\u00bb4.17.6&#8243; background_color=\u00bb#888B8D\u00bb background_image=\u00bbhttps:\/\/www.diocalconvention.org\/wp-content\/uploads\/2022\/09\/financial-advisor-background-2.png\u00bb background_size=\u00bbinitial\u00bb locked=\u00bboff\u00bb global_colors_info=\u00bb{}\u00bb][et_pb_row _builder_version=\u00bb4.16&#8243; global_colors_info=\u00bb{}\u00bb][et_pb_column type=\u00bb4_4&#8243; _builder_version=\u00bb4.16&#8243; global_colors_info=\u00bb{}\u00bb][et_pb_text _builder_version=\u00bb4.16&#8243; header_2_font=\u00bbDarker Grotesque|900|||||||\u00bb header_2_font_size=\u00bb60px\u00bb text_orientation=\u00bbcenter\u00bb background_layout=\u00bbdark\u00bb max_width=\u00bb700px\u00bb module_alignment=\u00bbcenter\u00bb header_2_font_size_tablet=\u00bb42px\u00bb header_2_font_size_phone=\u00bb30px\u00bb locked=\u00bboff\u00bb global_colors_info=\u00bb{}\u00bb]<\/p>\n<h2>Si tiene preguntas sobre finanzas, comun\u00edquese con Canon para finanzas diocesanas <\/h2>\n<p>[\/et_pb_text][et_pb_button button_url=\u00bbhttp:\/\/micheler@diocal.org\u00bb url_new_window=\u00bbon\u00bb button_text=\u00bbMichele Racusin\u00bb button_alignment=\u00bbcenter\u00bb _builder_version=\u00bb4.17.6&#8243; custom_button=\u00bbon\u00bb button_text_color=\u00bb#ffffff\u00bb button_bg_color=\u00bb#ED592A\u00bb button_border_color=\u00bbrgba(0,0,0,0)\u00bb button_border_radius=\u00bb10px\u00bb button_letter_spacing=\u00bb2px\u00bb button_font=\u00bbDarker Grotesque|900||on|||||\u00bb button_use_icon=\u00bboff\u00bb custom_margin=\u00bb50px||||false|false\u00bb custom_padding=\u00bb15px|40px|15px|40px|true|true\u00bb button_text_size_tablet=\u00bb20px\u00bb button_text_size_phone=\u00bb16px\u00bb button_text_size_last_edited=\u00bbon|phone\u00bb locked=\u00bboff\u00bb global_colors_info=\u00bb{}\u00bb][\/et_pb_button][\/et_pb_column][\/et_pb_row][\/et_pb_section]<\/p>\n","protected":false},"excerpt":{"rendered":"<p>Finanzas de la convenci\u00f3nPresupuesto sugerido para 2023Datos reales del presupuesto del a\u00f1o en curso a junioEstado de situaci\u00f3n financieraSi tiene preguntas sobre finanzas, comun\u00edquese con Canon para finanzas diocesanas<\/p>\n","protected":false},"author":2,"featured_media":0,"parent":1129,"menu_order":0,"comment_status":"closed","ping_status":"closed","template":"","meta":{"_et_pb_use_builder":"on","_et_pb_old_content":"","_et_gb_content_width":"","footnotes":""},"class_list":["post-761","page","type-page","status-publish","hentry"],"featured_image_src":null,"featured_image_src_square":null,"jetpack_sharing_enabled":true,"_links":{"self":[{"href":"https:\/\/www.diocalconvention.org\/es\/wp-json\/wp\/v2\/pages\/761","targetHints":{"allow":["GET"]}}],"collection":[{"href":"https:\/\/www.diocalconvention.org\/es\/wp-json\/wp\/v2\/pages"}],"about":[{"href":"https:\/\/www.diocalconvention.org\/es\/wp-json\/wp\/v2\/types\/page"}],"author":[{"embeddable":true,"href":"https:\/\/www.diocalconvention.org\/es\/wp-json\/wp\/v2\/users\/2"}],"replies":[{"embeddable":true,"href":"https:\/\/www.diocalconvention.org\/es\/wp-json\/wp\/v2\/comments?post=761"}],"version-history":[{"count":7,"href":"https:\/\/www.diocalconvention.org\/es\/wp-json\/wp\/v2\/pages\/761\/revisions"}],"predecessor-version":[{"id":1284,"href":"https:\/\/www.diocalconvention.org\/es\/wp-json\/wp\/v2\/pages\/761\/revisions\/1284"}],"up":[{"embeddable":true,"href":"https:\/\/www.diocalconvention.org\/es\/wp-json\/wp\/v2\/pages\/1129"}],"wp:attachment":[{"href":"https:\/\/www.diocalconvention.org\/es\/wp-json\/wp\/v2\/media?parent=761"}],"curies":[{"name":"wp","href":"https:\/\/api.w.org\/{rel}","templated":true}]}}