{"id":812,"date":"2022-09-14T04:46:32","date_gmt":"2022-09-14T04:46:32","guid":{"rendered":"https:\/\/www.diocalconvention.org\/altavoz\/"},"modified":"2022-10-14T20:58:06","modified_gmt":"2022-10-14T20:58:06","slug":"altavoz","status":"publish","type":"page","link":"https:\/\/www.diocalconvention.org\/es\/altavoz\/","title":{"rendered":"Altavoz"},"content":{"rendered":"<p>[et_pb_section fb_built=\u00bb1&#8243; admin_label=\u00bbAbout\u00bb _builder_version=\u00bb4.18.0&#8243; _module_preset=\u00bbdefault\u00bb locked=\u00bboff\u00bb collapsed=\u00bbon\u00bb global_colors_info=\u00bb{}\u00bb][et_pb_row column_structure=\u00bb1_2,1_2&#8243; make_equal=\u00bbon\u00bb _builder_version=\u00bb4.17.6&#8243; _module_preset=\u00bbdefault\u00bb global_colors_info=\u00bb{}\u00bb][et_pb_column type=\u00bb1_2&#8243; _builder_version=\u00bb4.18.0&#8243; _module_preset=\u00bbdefault\u00bb z_index=\u00bb10&#8243; custom_padding=\u00bb8%|10%|8%||true|false\u00bb global_colors_info=\u00bb{}\u00bb][et_pb_text content_tablet=\u00bb<\/p>\n<h2 class=%22font_3%22 style=%22text-align: right;%22><span>Rev. Dr. Ambrose Carroll<\/span><\/h2>\n<p>\u00bb content_phone=\u00bb<\/p>\n<h2 class=%22font_3%22 style=%22text-align: left;%22><span>Rev. Dr. Ambrose Carroll<\/span><\/h2>\n<p>\u00bb content_last_edited=\u00bbon|phone\u00bb _builder_version=\u00bb4.17.6&#8243; _module_preset=\u00bbb327cbe4-b1d5-4b66-ad37-40c8f2f061ba\u00bb header_2_text_color=\u00bb#000000&#8243; header_2_font_size=\u00bb45px\u00bb header_2_line_height=\u00bb1.35em\u00bb custom_margin=\u00bb||30px||false|false\u00bb header_2_font_size_tablet=\u00bb32px\u00bb header_2_font_size_phone=\u00bb20px\u00bb header_2_font_size_last_edited=\u00bbon|desktop\u00bb global_colors_info=\u00bb{}\u00bb]<\/p>\n<h2 class=\"font_3\" style=\"text-align: right;\"><span>Rev. Dr. Ambrose Carroll<\/span><\/h2>\n<p>[\/et_pb_text][et_pb_text content_tablet=\u00bb<\/p>\n<p style=%22text-align: right;%22><span>El orador invitado para la 173\u00aa Convenci\u00f3n de la Di\u00f3cesis de California es <\/span><span>Fundador y CEO de Green The Church<\/span><span>. El s\u00e1bado 28 de octubre predicar\u00e1 el serm\u00f3n en nuestra Convenci\u00f3n diocesana.  <\/span><\/p>\n<p>\u00bb content_phone=\u00bb<\/p>\n<p style=%22text-align: left;%22><span>El orador invitado para la 173\u00aa Convenci\u00f3n de la Di\u00f3cesis de California es <\/span><span>Fundador y CEO de Green The Church<\/span><span>. El s\u00e1bado 28 de octubre predicar\u00e1 el serm\u00f3n en nuestra Convenci\u00f3n diocesana.  <\/span><\/p>\n<p>\u00bb content_last_edited=\u00bbon|phone\u00bb _builder_version=\u00bb4.17.6&#8243; _module_preset=\u00bb1f09816e-184e-4ce5-a4cf-b39c52c423ca\u00bb text_font=\u00bbNanum Gothic||||||||\u00bb text_font_size=\u00bb16px\u00bb text_line_height=\u00bb1.8em\u00bb custom_margin=\u00bb||30px||false|false\u00bb text_font_size_tablet=\u00bb15px\u00bb text_font_size_phone=\u00bb14px\u00bb text_font_size_last_edited=\u00bbon|phone\u00bb header_font_size_tablet=\u00bb55px\u00bb header_font_size_last_edited=\u00bboff|desktop\u00bb global_colors_info=\u00bb{}\u00bb]<\/p>\n<p style=\"text-align: right;\"><span>El orador invitado para la 173\u00aa Convenci\u00f3n de la Di\u00f3cesis de California es <\/span><span>Fundador y CEO de Green The Church<\/span><span>. El s\u00e1bado 28 de octubre predicar\u00e1 el serm\u00f3n en nuestra Convenci\u00f3n diocesana.  <\/span><\/p>\n<p>[\/et_pb_text][\/et_pb_column][et_pb_column type=\u00bb1_2&#8243; _builder_version=\u00bb4.17.6&#8243; _module_preset=\u00bbdefault\u00bb background_image=\u00bbhttps:\/\/www.diocalconvention.org\/wp-content\/uploads\/2022\/09\/eMUfLDzT9VOqUTFhoLIQ_Copy_2_Rev._Dr._Ambrose_Carroll.png\u00bb background_position=\u00bbtop_center\u00bb global_colors_info=\u00bb{}\u00bb][\/et_pb_column][\/et_pb_row][et_pb_row _builder_version=\u00bb4.18.0&#8243; _module_preset=\u00bbdefault\u00bb global_colors_info=\u00bb{}\u00bb][et_pb_column type=\u00bb4_4&#8243; _builder_version=\u00bb4.18.0&#8243; _module_preset=\u00bbdefault\u00bb global_colors_info=\u00bb{}\u00bb][et_pb_text _builder_version=\u00bb4.18.0&#8243; _module_preset=\u00bb1f09816e-184e-4ce5-a4cf-b39c52c423ca\u00bb text_font=\u00bbNanum Gothic||||||||\u00bb text_font_size=\u00bb16px\u00bb text_line_height=\u00bb1.8em\u00bb custom_margin=\u00bb||30px||false|false\u00bb text_font_size_tablet=\u00bb15px\u00bb text_font_size_phone=\u00bb14px\u00bb text_font_size_last_edited=\u00bbon|phone\u00bb header_font_size_tablet=\u00bb55px\u00bb header_font_size_last_edited=\u00bboff|desktop\u00bb locked=\u00bboff\u00bb global_colors_info=\u00bb{}\u00bb]<\/p>\n<h2 class=\"font_2\"><strong>Sobre el Rev. Dr. Ambrose Carroll<\/strong><\/h2>\n<p><span><\/span><\/p>\n<p><span>El Rev. Dr. Ambrose Carroll, Sr., pastor principal del Renewal Worship Center de Oakland, CA, es uno de los principales te\u00f3logos pr\u00e1cticos del pa\u00eds. Tras graduarse en el Oakland High School en 1987, Ambrose curs\u00f3 sus estudios universitarios en el Florida Memorial College de Miami, FL. Adem\u00e1s, obtuvo un M\u00e1ster en Divinidad (M.Div.) en la Morehouse School of Religion de Atlanta, GA, un Doctorado en Ministerio (D.Min.) en el United Theological Seminary de Dayton Ohio, y un M\u00e1ster en Administraci\u00f3n de Empresas (M.B.A.) en la Golden Gate University de San Francisco, CA.<\/span><\/p>\n<p><span>El Dr. Carroll recibi\u00f3 la licencia para el ministerio evang\u00e9lico en la Iglesia Bautista Misionera del Monte Calvario en 1989 y fue ordenado en la Iglesia Bautista Beth Eden en 1994. Ha sido pastor de j\u00f3venes y j\u00f3venes adultos de la Tercera Iglesia Bautista de San Francisco, pastor interino de la Iglesia Bautista Rising Star de Oakland, pastor principal de la Iglesia Bautista St. Paul Tabernacle de San Francisco, pastor principal de la Iglesia Bautista New Hope de Denver, Co. y pastor fundador de la Iglesia Cristiana Renewal Worship Center de Denver, CO. En aquel momento, el Centro de Adoraci\u00f3n Renovaci\u00f3n era una de las primeras iglesias \u00abverdes\u00bb del pa\u00eds que se preocupaban por el medio ambiente. El Dr. Carroll combin\u00f3 la teolog\u00eda con la ecolog\u00eda y desafi\u00f3 a la iglesia universal a abrazar su manto de cuidado de la creaci\u00f3n. Esta iglesia apareci\u00f3 en la edici\u00f3n de mayo de la revista Fast Company y en la CNN como una de las ideas empresariales m\u00e1s innovadoras de 2011, y en ella se afirmaba: \u00abCarroll ha llevado las iniciativas basadas en la fe a un nuevo nivel con lo que podr\u00edamos llamar una fe centrada en la iniciativa. Su iglesia del centro de la ciudad tiene un \u00e9nfasis expl\u00edcito en el medio ambiente y una rama de extensi\u00f3n que ofrece formaci\u00f3n y colocaci\u00f3n en empleos verdes.\u00bb<\/span><\/p>\n<p>[\/et_pb_text][et_pb_button button_url=\u00bbhttps:\/\/www.greenthechurch.org\/rev-dr-ambrose-carroll-bio\u00bb button_text=\u00bbM\u00e1s informaci\u00f3n\u00bb _builder_version=\u00bb4.17.6&#8243; _module_preset=\u00bb3117bc07-6a8a-4679-b3bb-b6ed74b48a2f\u00bb custom_button=\u00bbon\u00bb button_text_size=\u00bb14px\u00bb button_text_color=\u00bb#ffffff\u00bb button_bg_color=\u00bb#ED592A\u00bb button_border_width=\u00bb0px\u00bb button_border_radius=\u00bb10px\u00bb button_font=\u00bbUbuntu|700||on|||||\u00bb custom_padding=\u00bb16px|24px|16px|24px|true|true\u00bb global_colors_info=\u00bb{}\u00bb][\/et_pb_button][\/et_pb_column][\/et_pb_row][\/et_pb_section][et_pb_section fb_built=\u00bb1&#8243; admin_label=\u00bbFooter\u00bb _builder_version=\u00bb4.17.6&#8243; _module_preset=\u00bbdefault\u00bb background_color=\u00bbRGBA(255,255,255,0)\u00bb use_background_color_gradient=\u00bbon\u00bb background_color_gradient_stops=\u00bbrgba(0,0,0,0.77) 84%|#000000 100%\u00bb background_color_gradient_overlays_image=\u00bbon\u00bb background_enable_image=\u00bboff\u00bb background_enable_pattern_style=\u00bbon\u00bb background_pattern_style=\u00bbhoneycomb\u00bb background_pattern_color=\u00bbrgba(255,255,255,0.02)\u00bb saved_tabs=\u00bball\u00bb collapsed=\u00bbon\u00bb global_colors_info=\u00bb{}\u00bb][et_pb_row _builder_version=\u00bb4.18.0&#8243; _module_preset=\u00bbdefault\u00bb global_colors_info=\u00bb{}\u00bb][et_pb_column type=\u00bb4_4&#8243; _builder_version=\u00bb4.18.0&#8243; _module_preset=\u00bbdefault\u00bb global_colors_info=\u00bb{}\u00bb][et_pb_text _builder_version=\u00bb4.17.6&#8243; _module_preset=\u00bbb327cbe4-b1d5-4b66-ad37-40c8f2f061ba\u00bb header_2_text_color=\u00bb#FFFFFF\u00bb header_2_font_size=\u00bb45px\u00bb header_2_line_height=\u00bb1.35em\u00bb header_2_font_size_tablet=\u00bb32px\u00bb header_2_font_size_phone=\u00bb20px\u00bb header_2_font_size_last_edited=\u00bbon|desktop\u00bb global_colors_info=\u00bb{}\u00bb]<\/p>\n<h2 class=\"font_7\"><span>\u00danase al Dr. Ambrose en su <\/span><span>taller previo a la convenci\u00f3n<\/span><\/h2>\n<p>[\/et_pb_text][et_pb_blurb use_icon=\u00bbon\u00bb icon_placement=\u00bbleft\u00bb content_max_width=\u00bb100%\u00bb _builder_version=\u00bb4.17.6&#8243; _module_preset=\u00bb341773a8-7d77-4626-b15c-f95399f25521&#8243; header_font=\u00bbPlayfair Display|700|||||||\u00bb header_text_color=\u00bb#FFFFFF\u00bb header_line_height=\u00bb1.4em\u00bb body_font=\u00bb||||||||\u00bb body_text_color=\u00bb#ffffff\u00bb body_font_size=\u00bb20px\u00bb body_line_height=\u00bb1.6em\u00bb body_link_text_color=\u00bb#FFFFFF\u00bb background_layout=\u00bbdark\u00bb animation=\u00bboff\u00bb locked=\u00bboff\u00bb global_colors_info=\u00bb{}\u00bb]<\/p>\n<p style=\"text-align: center;\"><span>Jueves, 13 de octubre, 19:00<\/span><\/p>\n<p>[\/et_pb_blurb][\/et_pb_column][\/et_pb_row][et_pb_row column_structure=\u00bb1_2,1_2&#8243; _builder_version=\u00bb4.18.0&#8243; _module_preset=\u00bbdefault\u00bb custom_padding=\u00bb48px|||||\u00bb global_colors_info=\u00bb{}\u00bb][et_pb_column type=\u00bb1_2&#8243; _builder_version=\u00bb4.18.0&#8243; _module_preset=\u00bbdefault\u00bb global_colors_info=\u00bb{}\u00bb][et_pb_image src=\u00bbhttps:\/\/www.diocalconvention.org\/wp-content\/uploads\/2022\/09\/AC2.jpg\u00bb title_text=\u00bbAC2&#8243; _builder_version=\u00bb4.17.6&#8243; _module_preset=\u00bbdefault\u00bb global_colors_info=\u00bb{}\u00bb][\/et_pb_image][\/et_pb_column][et_pb_column type=\u00bb1_2&#8243; _builder_version=\u00bb4.18.0&#8243; _module_preset=\u00bbdefault\u00bb global_colors_info=\u00bb{}\u00bb][et_pb_blurb icon_placement=\u00bbleft\u00bb content_max_width=\u00bb100%\u00bb _builder_version=\u00bb4.17.6&#8243; _module_preset=\u00bb341773a8-7d77-4626-b15c-f95399f25521&#8243; header_font=\u00bbPlayfair Display|700|||||||\u00bb header_text_color=\u00bb#FFFFFF\u00bb header_line_height=\u00bb1.4em\u00bb body_font=\u00bb||||||||\u00bb body_text_color=\u00bb#ffffff\u00bb body_font_size=\u00bb20px\u00bb body_line_height=\u00bb1.6em\u00bb body_link_text_color=\u00bb#FFFFFF\u00bb animation=\u00bboff\u00bb hover_enabled=\u00bb0&#8243; locked=\u00bboff\u00bb global_colors_info=\u00bb{}\u00bb sticky_enabled=\u00bb0&#8243;]<\/p>\n<p><span>Pr\u00f3xima grabaci\u00f3n<\/span><\/p>\n<p>[\/et_pb_blurb][\/et_pb_column][\/et_pb_row][\/et_pb_section]<\/p>\n","protected":false},"excerpt":{"rendered":"<p>Rev. Dr. Ambrose CarrollEl orador invitado para la 173\u00aa Convenci\u00f3n de la Di\u00f3cesis de California es Fundador y CEO de Green The Church. El s\u00e1bado 28 de octubre predicar\u00e1 el [&hellip;]<\/p>\n","protected":false},"author":2,"featured_media":0,"parent":0,"menu_order":0,"comment_status":"closed","ping_status":"closed","template":"","meta":{"_et_pb_use_builder":"on","_et_pb_old_content":"","_et_gb_content_width":"","footnotes":""},"class_list":["post-812","page","type-page","status-publish","hentry"],"featured_image_src":null,"featured_image_src_square":null,"jetpack_sharing_enabled":true,"_links":{"self":[{"href":"https:\/\/www.diocalconvention.org\/es\/wp-json\/wp\/v2\/pages\/812","targetHints":{"allow":["GET"]}}],"collection":[{"href":"https:\/\/www.diocalconvention.org\/es\/wp-json\/wp\/v2\/pages"}],"about":[{"href":"https:\/\/www.diocalconvention.org\/es\/wp-json\/wp\/v2\/types\/page"}],"author":[{"embeddable":true,"href":"https:\/\/www.diocalconvention.org\/es\/wp-json\/wp\/v2\/users\/2"}],"replies":[{"embeddable":true,"href":"https:\/\/www.diocalconvention.org\/es\/wp-json\/wp\/v2\/comments?post=812"}],"version-history":[{"count":5,"href":"https:\/\/www.diocalconvention.org\/es\/wp-json\/wp\/v2\/pages\/812\/revisions"}],"predecessor-version":[{"id":817,"href":"https:\/\/www.diocalconvention.org\/es\/wp-json\/wp\/v2\/pages\/812\/revisions\/817"}],"wp:attachment":[{"href":"https:\/\/www.diocalconvention.org\/es\/wp-json\/wp\/v2\/media?parent=812"}],"curies":[{"name":"wp","href":"https:\/\/api.w.org\/{rel}","templated":true}]}}